{"id":65615,"date":"2023-05-16T10:43:19","date_gmt":"2023-05-16T08:43:19","guid":{"rendered":"https:\/\/neu.loesi.de\/?page_id=65615"},"modified":"2025-09-24T08:25:23","modified_gmt":"2025-09-24T06:25:23","slug":"hydraulik-blog","status":"publish","type":"page","link":"https:\/\/loesi.de\/de\/hydraulik-blog\/","title":{"rendered":"Hydraulik-Blog"},"content":{"rendered":"<p>[et_pb_section fb_built=&#8220;1&#8243; _builder_version=&#8220;4.27.4&#8243; _module_preset=&#8220;default&#8220; background_image=&#8220;https:\/\/loesi.de\/wp-content\/uploads\/2025\/07\/Hulla-hoop.jpeg&#8220; transform_scale_tablet=&#8220;&#8220; transform_scale_phone=&#8220;&#8220; transform_scale_last_edited=&#8220;on|tablet&#8220; transform_scale_linked=&#8220;off&#8220; transform_translate_tablet=&#8220;&#8220; transform_translate_phone=&#8220;&#8220; transform_translate_last_edited=&#8220;on|tablet&#8220; transform_translate_linked_tablet=&#8220;off&#8220; transform_rotate_tablet=&#8220;&#8220; transform_rotate_phone=&#8220;&#8220; transform_rotate_last_edited=&#8220;on|tablet&#8220; transform_skew_tablet=&#8220;&#8220; transform_skew_phone=&#8220;&#8220; transform_skew_last_edited=&#8220;on|tablet&#8220; transform_origin_tablet=&#8220;&#8220; transform_origin_phone=&#8220;&#8220; transform_origin_last_edited=&#8220;on|tablet&#8220; transform_styles_last_edited=&#8220;on|tablet&#8220; width_tablet=&#8220;&#8220; width_phone=&#8220;&#8220; width_last_edited=&#8220;on|tablet&#8220; max_width_tablet=&#8220;&#8220; max_width_phone=&#8220;&#8220; max_width_last_edited=&#8220;on|tablet&#8220; min_height_tablet=&#8220;&#8220; min_height_phone=&#8220;&#8220; min_height_last_edited=&#8220;on|desktop&#8220; height=&#8220;843px&#8220; height_tablet=&#8220;800px&#8220; height_phone=&#8220;&#8220; height_last_edited=&#8220;on|tablet&#8220; custom_padding=&#8220;||359px|||&#8220; hover_enabled=&#8220;0&#8243; background_last_edited=&#8220;on|phone&#8220; background_image_tablet=&#8220;https:\/\/loesi.de\/wp-content\/uploads\/2023\/06\/GOLF_Elke_Frank_mobil.jpg&#8220; background_image_phone=&#8220;https:\/\/loesi.de\/wp-content\/uploads\/2023\/06\/GOLF_Elke_Frank_mobil.jpg&#8220; background_enable_image_tablet=&#8220;on&#8220; background_enable_image_phone=&#8220;on&#8220; transform_styles_tablet=&#8220;&#8220; transform_styles_phone=&#8220;&#8220; module_alignment_tablet=&#8220;&#8220; module_alignment_phone=&#8220;&#8220; module_alignment_last_edited=&#8220;on|desktop&#8220; locked=&#8220;off&#8220; global_colors_info=&#8220;{}&#8220; alt=&#8220;F\u00fcr mehr Schwung in der Hydraulik &#8211; Junge Frau mit Hulla Hoop&#8220; title_text=&#8220;Hulla-hoop&#8220; sticky_enabled=&#8220;0&#8243;][et_pb_row _builder_version=&#8220;4.21.0&#8243; _module_preset=&#8220;default&#8220; width_tablet=&#8220;90%&#8220; width_phone=&#8220;90%&#8220; width_last_edited=&#8220;on|tablet&#8220; min_height=&#8220;175.3px&#8220; custom_margin=&#8220;158px|auto|-313px|auto||&#8220; global_colors_info=&#8220;{}&#8220;][et_pb_column type=&#8220;4_4&#8243; _builder_version=&#8220;4.21.0&#8243; _module_preset=&#8220;default&#8220; global_colors_info=&#8220;{}&#8220;][et_pb_text content_tablet=&#8220;<\/p>\n<h1>AKTUELLES<\/h1>\n<p>&#8220; content_phone=&#8220;<\/p>\n<h1>AKTUELLES<\/h1>\n<p>&#8220; content_last_edited=&#8220;on|phone&#8220; _builder_version=&#8220;4.21.0&#8243; _module_preset=&#8220;default&#8220; text_font=&#8220;Montserrat|800|||||||&#8220; text_text_color=&#8220;#00b1ff&#8220; text_font_size=&#8220;80px&#8220; text_line_height=&#8220;1em&#8220; header_font=&#8220;Montserrat|800|||||||&#8220; header_text_color=&#8220;#00aeef&#8220; header_font_size=&#8220;80px&#8220; custom_margin=&#8220;23px|||||&#8220; custom_padding=&#8220;17px|||||&#8220; text_font_size_tablet=&#8220;70px&#8220; text_font_size_phone=&#8220;50px&#8220; text_font_size_last_edited=&#8220;on|phone&#8220; header_font_size_tablet=&#8220;80px&#8220; header_font_size_phone=&#8220;46px&#8220; header_font_size_last_edited=&#8220;on|phone&#8220; header_text_shadow_style=&#8220;preset5&#8243; header_text_shadow_blur_strength=&#8220;0.1em&#8220; global_colors_info=&#8220;{}&#8220;]<\/p>\n<h1>AKTUELLES<\/h1>\n<p>[\/et_pb_text][et_pb_text _builder_version=&#8220;4.21.0&#8243; _module_preset=&#8220;default&#8220; text_font=&#8220;Montserrat|800|||||||&#8220; text_text_color=&#8220;#FFFFFF&#8220; text_font_size=&#8220;80px&#8220; text_line_height=&#8220;1em&#8220; header_font=&#8220;|800|||||||&#8220; header_text_color=&#8220;#ffffff&#8220; header_font_size=&#8220;80px&#8220; custom_margin=&#8220;-19px||||false|false&#8220; custom_margin_tablet=&#8220;-16px||0px||false|false&#8220; custom_margin_phone=&#8220;-24px||10px||false|false&#8220; custom_margin_last_edited=&#8220;on|desktop&#8220; custom_padding=&#8220;||||false|false&#8220; text_font_size_tablet=&#8220;70px&#8220; text_font_size_phone=&#8220;46px&#8220; text_font_size_last_edited=&#8220;on|phone&#8220; text_text_shadow_style=&#8220;preset5&#8243; text_text_shadow_blur_strength=&#8220;0.1em&#8220; global_colors_info=&#8220;{}&#8220;]<\/p>\n<p>UNSER BLOG<\/p>\n<p>[\/et_pb_text][et_pb_text _builder_version=&#8220;4.21.0&#8243; _module_preset=&#8220;default&#8220; text_font=&#8220;Montserrat||||||||&#8220; text_text_color=&#8220;#FFFFFF&#8220; text_font_size=&#8220;30px&#8220; header_text_color=&#8220;#ffffff&#8220; header_font_size=&#8220;80px&#8220; custom_margin=&#8220;-6px||||false|false&#8220; custom_margin_tablet=&#8220;6px||||false|false&#8220; custom_margin_phone=&#8220;0px||||false|false&#8220; custom_margin_last_edited=&#8220;on|phone&#8220; custom_padding=&#8220;0px|||||&#8220; text_font_size_tablet=&#8220;26px&#8220; text_font_size_phone=&#8220;19px&#8220; text_font_size_last_edited=&#8220;on|desktop&#8220; text_text_shadow_style=&#8220;preset5&#8243; text_text_shadow_blur_strength=&#8220;0.1em&#8220; global_colors_info=&#8220;{}&#8220;]<\/p>\n<p><em>#LOESIBEWEGT<\/em><\/p>\n<p>&nbsp;<\/p>\n<p>[\/et_pb_text][\/et_pb_column][\/et_pb_row][\/et_pb_section][et_pb_section fb_built=&#8220;1&#8243; _builder_version=&#8220;4.21.0&#8243; _module_preset=&#8220;default&#8220; background_color=&#8220;#e6e9eb&#8220; locked=&#8220;off&#8220; collapsed=&#8220;on&#8220; global_colors_info=&#8220;{}&#8220;][et_pb_row use_custom_gutter=&#8220;on&#8220; gutter_width=&#8220;2&#8243; make_equal=&#8220;on&#8220; _builder_version=&#8220;4.21.0&#8243; width=&#8220;90%&#8220; width_tablet=&#8220;90%&#8220; width_phone=&#8220;90%&#8220; width_last_edited=&#8220;on|tablet&#8220; max_width=&#8220;1170px&#8220; max_width_tablet=&#8220;90%&#8220; max_width_phone=&#8220;90%&#8220; max_width_last_edited=&#8220;on|desktop&#8220; custom_padding=&#8220;0px|0px|5px|0px|false|false&#8220; locked=&#8220;off&#8220; global_colors_info=&#8220;{}&#8220;][et_pb_column type=&#8220;4_4&#8243; _builder_version=&#8220;4.16&#8243; custom_padding=&#8220;|||&#8220; global_colors_info=&#8220;{}&#8220; custom_padding__hover=&#8220;|||&#8220;][et_pb_text _builder_version=&#8220;4.21.0&#8243; text_font=&#8220;Montserrat|900|||||||&#8220; text_text_color=&#8220;#00AEEF&#8220; text_font_size=&#8220;55px&#8220; text_line_height=&#8220;1em&#8220; header_font=&#8220;Montserrat|900|||||||&#8220; header_text_color=&#8220;#00aeef&#8220; header_font_size=&#8220;55px&#8220; header_2_font=&#8220;Bebas Neue|700||on|||||&#8220; header_2_text_align=&#8220;center&#8220; header_2_text_color=&#8220;#333333&#8243; header_2_font_size=&#8220;60px&#8220; text_orientation=&#8220;center&#8220; custom_margin=&#8220;1px||9px||false|false&#8220; custom_padding=&#8220;0px||0px||false|false&#8220; text_font_size_tablet=&#8220;55px&#8220; text_font_size_phone=&#8220;42px&#8220; text_font_size_last_edited=&#8220;on|tablet&#8220; header_2_font_size_tablet=&#8220;60px&#8220; header_2_font_size_phone=&#8220;40px&#8220; header_2_font_size_last_edited=&#8220;on|phone&#8220; global_colors_info=&#8220;{}&#8220;]<\/p>\n<p>IMMER INFORMIERT MIT DEM<\/p>\n<p>[\/et_pb_text][et_pb_text _builder_version=&#8220;4.21.0&#8243; text_font=&#8220;Montserrat|900|||||||&#8220; text_text_color=&#8220;#000000&#8243; text_font_size=&#8220;55px&#8220; text_line_height=&#8220;1em&#8220; header_font=&#8220;Montserrat|900|||||||&#8220; header_text_color=&#8220;#353b40&#8243; header_font_size=&#8220;55px&#8220; header_2_font=&#8220;Bebas Neue|700||on|||||&#8220; header_2_text_align=&#8220;center&#8220; header_2_text_color=&#8220;#333333&#8243; header_2_font_size=&#8220;60px&#8220; text_orientation=&#8220;center&#8220; custom_margin=&#8220;||||false|false&#8220; custom_padding=&#8220;||||false|false&#8220; text_font_size_tablet=&#8220;55px&#8220; text_font_size_phone=&#8220;42px&#8220; text_font_size_last_edited=&#8220;on|phone&#8220; header_2_font_size_tablet=&#8220;60px&#8220; header_2_font_size_phone=&#8220;40px&#8220; header_2_font_size_last_edited=&#8220;on|phone&#8220; global_colors_info=&#8220;{}&#8220;]<\/p>\n<p>L\u00d6SI-TECHBLOG<\/p>\n<p>[\/et_pb_text][\/et_pb_column][\/et_pb_row][et_pb_row _builder_version=&#8220;4.21.0&#8243; _module_preset=&#8220;default&#8220; global_colors_info=&#8220;{}&#8220;][et_pb_column type=&#8220;4_4&#8243; _builder_version=&#8220;4.21.0&#8243; _module_preset=&#8220;default&#8220; global_colors_info=&#8220;{}&#8220;][et_pb_search exclude_pages=&#8220;off&#8220; placeholder=&#8220;DURCHSUCHE UNSEREN BLOG&#8230;&#8220; button_color=&#8220;RGBA(255,255,255,0)&#8220; placeholder_color=&#8220;#353b40&#8243; placeholder_tablet=&#8220;DURCHSUCHE UNSEREN BLOG&#8230;&#8220; placeholder_phone=&#8220;BLOG DURCHSUCHEN&#8230;&#8220; placeholder_last_edited=&#8220;on|phone&#8220; module_class=&#8220;ds-icon-search&#8220; _builder_version=&#8220;4.21.0&#8243; _module_preset=&#8220;default&#8220; button_font=&#8220;Montserrat|600||on|||||&#8220; button_text_color=&#8220;RGBA(255,255,255,0)&#8220; button_font_size=&#8220;11px&#8220; form_field_font=&#8220;Montserrat|600|||||||&#8220; form_field_font_size=&#8220;11px&#8220; form_field_line_height=&#8220;-2.1em&#8220; background_color=&#8220;#FFFFFF&#8220; max_width=&#8220;58%&#8220; max_width_tablet=&#8220;58%&#8220; max_width_phone=&#8220;100%&#8220; max_width_last_edited=&#8220;on|tablet&#8220; module_alignment=&#8220;center&#8220; custom_margin=&#8220;||||false|false&#8220; custom_padding=&#8220;0.715em||||false|false&#8220; custom_css_button=&#8220;width: 10px;&#8220; border_radii=&#8220;on|36px|36px|36px|36px&#8220; border_width_all=&#8220;7px&#8220; border_color_all=&#8220;#FFFFFF&#8220; global_colors_info=&#8220;{}&#8220;][\/et_pb_search][\/et_pb_column][\/et_pb_row][\/et_pb_section][et_pb_section fb_built=&#8220;1&#8243; _builder_version=&#8220;4.21.0&#8243; _module_preset=&#8220;default&#8220; background_color=&#8220;#E6E9EB&#8220; global_colors_info=&#8220;{}&#8220;][et_pb_row _builder_version=&#8220;4.21.0&#8243; _module_preset=&#8220;default&#8220; global_colors_info=&#8220;{}&#8220;][et_pb_column type=&#8220;4_4&#8243; _builder_version=&#8220;4.21.0&#8243; _module_preset=&#8220;default&#8220; global_colors_info=&#8220;{}&#8220;][et_pb_blog fullwidth=&#8220;off&#8220; include_categories=&#8220;all&#8220; show_more=&#8220;on&#8220; show_author=&#8220;off&#8220; show_date=&#8220;off&#8220; show_categories=&#8220;off&#8220; show_pagination=&#8220;off&#8220; masonry_tile_background_color=&#8220;#FFFFFF&#8220; _builder_version=&#8220;4.21.0&#8243; _module_preset=&#8220;default&#8220; header_level=&#8220;h6&#8243; header_font=&#8220;Montserrat|900||on|||||&#8220; header_text_color=&#8220;#353b40&#8243; header_font_size=&#8220;20px&#8220; body_font=&#8220;Montserrat||||||||&#8220; body_text_color=&#8220;#353b40&#8243; body_font_size=&#8220;12px&#8220; body_line_height=&#8220;1.5em&#8220; meta_font=&#8220;Montserrat||||||||&#8220; read_more_font=&#8220;Montserrat|600||on||||#00AEEF|solid&#8220; read_more_text_color=&#8220;#00aeef&#8220; read_more_letter_spacing=&#8220;1px&#8220; read_more_line_height=&#8220;3em&#8220; background_color=&#8220;RGBA(255,255,255,0)&#8220; width_tablet=&#8220;600px&#8220; width_phone=&#8220;280px&#8220; width_last_edited=&#8220;on|phone&#8220; custom_margin=&#8220;||||false|false&#8220; custom_padding=&#8220;||||false|false&#8220; module_alignment_tablet=&#8220;center&#8220; module_alignment_phone=&#8220;center&#8220; module_alignment_last_edited=&#8220;on|tablet&#8220; custom_css_title=&#8220;height: 80px;&#8220; custom_css_content=&#8220;height: 250px;&#8220; custom_css_featured_image=&#8220;height: 250px;||object-fit: cover;&#8220; custom_css_read_more=&#8220;width:  115px;||margin-right: 5px;||margin-bottom: 5px;||padding-left: 10px;||margin-left: auto;||display: flex;||||&#8220; border_width_all=&#8220;0px&#8220; border_color_all=&#8220;RGBA(255,255,255,0)&#8220; global_colors_info=&#8220;{}&#8220; custom_css_content_last_edited=&#8220;on|desktop&#8220; custom_css_featured_image_last_edited=&#8220;on|phone&#8220; custom_css_title_last_edited=&#8220;on|desktop&#8220; custom_css_featured_image_tablet=&#8220;height: 200px;||object-fit: cover;&#8220; custom_css_featured_image_phone=&#8220;height: 200px;||object-fit: cover;&#8220; custom_css_title_tablet=&#8220;height: 80px;&#8220; custom_css_title_phone=&#8220;height: 80px;&#8220; read_more_text_color__hover_enabled=&#8220;on|desktop&#8220; read_more_text_color__hover=&#8220;#F19D38&#8243; custom_css_content_tablet=&#8220;height: 250px;&#8220; custom_css_content_phone=&#8220;height: 250px;&#8220;][\/et_pb_blog][\/et_pb_column][\/et_pb_row][\/et_pb_section][et_pb_section fb_built=&#8220;1&#8243; _builder_version=&#8220;4.21.0&#8243; _module_preset=&#8220;default&#8220; locked=&#8220;off&#8220; global_colors_info=&#8220;{}&#8220;][et_pb_row _builder_version=&#8220;4.21.0&#8243; _module_preset=&#8220;default&#8220; custom_margin=&#8220;-24px|auto|-2px|auto||&#8220; custom_padding=&#8220;||0px|||&#8220; locked=&#8220;off&#8220; global_colors_info=&#8220;{}&#8220;][et_pb_column type=&#8220;4_4&#8243; _builder_version=&#8220;4.21.0&#8243; _module_preset=&#8220;default&#8220; global_colors_info=&#8220;{}&#8220;][et_pb_text _builder_version=&#8220;4.21.0&#8243; text_font=&#8220;Montserrat|900|||||||&#8220; text_text_color=&#8220;#000000&#8243; text_font_size=&#8220;27px&#8220; header_font=&#8220;Montserrat|900|||||||&#8220; header_text_color=&#8220;#00AEEF&#8220; header_font_size=&#8220;27px&#8220; header_2_font=&#8220;Bebas Neue|700||on|||||&#8220; header_2_text_align=&#8220;center&#8220; header_2_text_color=&#8220;#333333&#8243; header_2_font_size=&#8220;60px&#8220; text_orientation=&#8220;center&#8220; custom_margin=&#8220;1px||9px||false|false&#8220; custom_padding=&#8220;0px||0px||false|false&#8220; text_font_size_tablet=&#8220;&#8220; text_font_size_phone=&#8220;20px&#8220; text_font_size_last_edited=&#8220;on|desktop&#8220; header_2_font_size_tablet=&#8220;60px&#8220; header_2_font_size_phone=&#8220;40px&#8220; header_2_font_size_last_edited=&#8220;on|phone&#8220; global_colors_info=&#8220;{}&#8220;]IMMER <span style=\"color: #00aeef;\">UP-TO-DATE<\/span> [\/et_pb_text][\/et_pb_column][\/et_pb_row][et_pb_row _builder_version=&#8220;4.21.0&#8243; _module_preset=&#8220;default&#8220; locked=&#8220;off&#8220; global_colors_info=&#8220;{}&#8220;][et_pb_column type=&#8220;4_4&#8243; _builder_version=&#8220;4.21.0&#8243; _module_preset=&#8220;default&#8220; global_colors_info=&#8220;{}&#8220;][et_pb_text _builder_version=&#8220;4.21.0&#8243; text_font=&#8220;Montserrat|700|||||||&#8220; text_text_color=&#8220;#000000&#8243; text_font_size=&#8220;22px&#8220; header_font=&#8220;Montserrat|500|||||||&#8220; header_text_color=&#8220;#353b40&#8243; header_font_size=&#8220;18px&#8220; header_line_height=&#8220;1.2em&#8220; header_2_font=&#8220;Bebas Neue|700||on|||||&#8220; header_2_text_align=&#8220;center&#8220; header_2_text_color=&#8220;#333333&#8243; header_2_font_size=&#8220;60px&#8220; text_orientation=&#8220;center&#8220; custom_margin=&#8220;-37px|||||&#8220; custom_padding=&#8220;11px|||||&#8220; text_font_size_tablet=&#8220;&#8220; text_font_size_phone=&#8220;20px&#8220; text_font_size_last_edited=&#8220;on|desktop&#8220; header_2_font_size_tablet=&#8220;60px&#8220; header_2_font_size_phone=&#8220;40px&#8220; header_2_font_size_last_edited=&#8220;on|phone&#8220; global_colors_info=&#8220;{}&#8220;]<\/p>\n<p>Abonniere unseren <a href=\"https:\/\/loesi.de\/newsletter\"><span style=\"color: #00aeef;\"><strong>NEWSLETTER<\/strong><\/span><\/a> und bleibe auf den neusten Stand. Keine Angebote mehr verpassen. Regelm\u00e4\u00dfig interessante Themen und Beitr\u00e4ge.<\/p>\n<p>&nbsp;<\/p>\n<p>[\/et_pb_text][et_pb_button button_url=&#8220;https:\/\/loesi.de\/newsletter\/&#8220; button_text=&#8220;NEWSLETTER ABONNIEREN&#8220; button_alignment=&#8220;center&#8220; _builder_version=&#8220;4.21.0&#8243; _module_preset=&#8220;default&#8220; custom_button=&#8220;on&#8220; button_text_size=&#8220;12px&#8220; button_text_color=&#8220;#ffffff&#8220; button_bg_color=&#8220;#f19d38&#8243; button_border_width=&#8220;2px&#8220; button_border_color=&#8220;#f19d38&#8243; button_border_radius=&#8220;0px&#8220; button_font=&#8220;Montserrat||||||||&#8220; background_layout=&#8220;dark&#8220; custom_margin=&#8220;4px|||||&#8220; locked=&#8220;off&#8220; global_colors_info=&#8220;{}&#8220; button_bg_color__hover_enabled=&#8220;on|hover&#8220; button_bg_color__hover=&#8220;#353B40&#8243; button_bg_enable_color__hover=&#8220;on&#8220; button_border_color__hover_enabled=&#8220;on|hover&#8220; button_border_color__hover=&#8220;#353B40&#8243;][\/et_pb_button][\/et_pb_column][\/et_pb_row][\/et_pb_section]<\/p>\n","protected":false},"excerpt":{"rendered":"<p>AKTUELLESUNSER BLOG#LOESIBEWEGT &nbsp;IMMER INFORMIERT MIT DEML\u00d6SI-TECHBLOGIMMER UP-TO-DATE Abonniere unseren NEWSLETTER und bleibe auf den neusten Stand. Keine Angebote mehr verpassen. Regelm\u00e4\u00dfig interessante Themen und Beitr\u00e4ge. &nbsp;<\/p>\n","protected":false},"author":1,"featured_media":0,"parent":0,"menu_order":0,"comment_status":"closed","ping_status":"closed","template":"","meta":{"_et_pb_use_builder":"on","_et_pb_old_content":"","_et_gb_content_width":"","footnotes":""},"class_list":["post-65615","page","type-page","status-publish","hentry"],"_links":{"self":[{"href":"https:\/\/loesi.de\/de\/wp-json\/wp\/v2\/pages\/65615","targetHints":{"allow":["GET"]}}],"collection":[{"href":"https:\/\/loesi.de\/de\/wp-json\/wp\/v2\/pages"}],"about":[{"href":"https:\/\/loesi.de\/de\/wp-json\/wp\/v2\/types\/page"}],"author":[{"embeddable":true,"href":"https:\/\/loesi.de\/de\/wp-json\/wp\/v2\/users\/1"}],"replies":[{"embeddable":true,"href":"https:\/\/loesi.de\/de\/wp-json\/wp\/v2\/comments?post=65615"}],"version-history":[{"count":38,"href":"https:\/\/loesi.de\/de\/wp-json\/wp\/v2\/pages\/65615\/revisions"}],"predecessor-version":[{"id":81052,"href":"https:\/\/loesi.de\/de\/wp-json\/wp\/v2\/pages\/65615\/revisions\/81052"}],"wp:attachment":[{"href":"https:\/\/loesi.de\/de\/wp-json\/wp\/v2\/media?parent=65615"}],"curies":[{"name":"wp","href":"https:\/\/api.w.org\/{rel}","templated":true}]}}