{"id":66154,"date":"2023-05-26T15:45:05","date_gmt":"2023-05-26T13:45:05","guid":{"rendered":"https:\/\/neu.loesi.de\/?page_id=66154"},"modified":"2025-09-24T08:24:18","modified_gmt":"2025-09-24T06:24:18","slug":"impressum","status":"publish","type":"page","link":"https:\/\/loesi.de\/de\/impressum\/","title":{"rendered":"Impressum"},"content":{"rendered":"<p>[et_pb_section fb_built=&#8220;1&#8243; admin_label=&#8220;section&#8220; _builder_version=&#8220;4.16&#8243; global_colors_info=&#8220;{}&#8220;][et_pb_row admin_label=&#8220;row&#8220; _builder_version=&#8220;4.16&#8243; background_size=&#8220;initial&#8220; background_position=&#8220;top_left&#8220; background_repeat=&#8220;repeat&#8220; global_colors_info=&#8220;{}&#8220;][et_pb_column type=&#8220;4_4&#8243; _builder_version=&#8220;4.16&#8243; custom_padding=&#8220;|||&#8220; global_colors_info=&#8220;{}&#8220; custom_padding__hover=&#8220;|||&#8220;][et_pb_text admin_label=&#8220;Text&#8220; _builder_version=&#8220;4.21.0&#8243; text_font=&#8220;Montserrat||||||||&#8220; header_font=&#8220;Montserrat|700||on|||||&#8220; header_text_color=&#8220;#353B40&#8243; header_2_font=&#8220;Montserrat|700||on|||||&#8220; header_2_text_color=&#8220;#353B40&#8243; header_2_font_size=&#8220;30px&#8220; header_3_font=&#8220;Montserrat|700||on|||||&#8220; header_3_text_color=&#8220;#353B40&#8243; header_3_font_size=&#8220;30px&#8220; header_4_font=&#8220;Montserrat|700||on|||||&#8220; header_4_text_color=&#8220;#353B40&#8243; header_4_font_size=&#8220;30px&#8220; header_5_font=&#8220;Montserrat|700||on|||||&#8220; header_5_text_color=&#8220;#353B40&#8243; header_5_font_size=&#8220;30px&#8220; header_6_font=&#8220;Montserrat|700||on|||||&#8220; header_6_text_color=&#8220;#353B40&#8243; header_6_font_size=&#8220;30px&#8220; background_size=&#8220;initial&#8220; background_position=&#8220;top_left&#8220; background_repeat=&#8220;repeat&#8220; global_colors_info=&#8220;{}&#8220;]<\/p>\n<p>&nbsp;<\/p>\n<div id=\"container\">\n<div id=\"main\">\n<div class=\"mod_article first last block\" id=\"article-12\">\n<div class=\"container\">\n<div class=\"ce_text first last block\">\n<h1>Impressum<\/h1>\n<p>&nbsp;<\/p>\n<p><strong>L\u00f6Si Getriebe &#8211; Steuerungen &#8211; Hydraulik GmbH<\/strong><\/p>\n<p>Merkurstra\u00dfe 52<br \/>D-67663 Kaiserslautern<\/p>\n<p>Tel.: +49 (0) 631\/351 24 &#8211; 0<br \/>Fax.: +49 (0) 631\/351 24 &#8211; 44<br \/><a href=\"mailto:info@loesi.de\">info@loesi.de<\/a><\/p>\n<p><strong>Gesch\u00e4ftsf\u00fchrer:<\/strong><\/p>\n<p>Dipl. Ing. (FH) Andreas Kl\u00f6ss<\/p>\n<p>Amtsgericht Kaiserslautern HRB-Nr. 1917<br \/>USt.-IdNr. DE 148636009<\/p>\n<p>&nbsp;<\/p>\n<p><strong>1. Inhalt des Onlineangebotes<\/strong><\/p>\n<p>Die Redaktion \u00fcbernimmt keinerlei Gew\u00e4hr f\u00fcr die Aktualit\u00e4t, Korrektheit, Vollst\u00e4ndigkeit oder Qualit\u00e4t der bereitgestellten Informationen. Haftungsanspr\u00fcche gegen die Redaktion, welche sich auf Sch\u00e4den materieller oder ideeller Art beziehen, die durch die Nutzung oder Nichtnutzung der dargebotenen Informationen bzw. durch die Nutzung fehlerhafter und unvollst\u00e4ndiger Informationen verursacht wurden sind grunds\u00e4tzlich ausgeschlossen, sofern seitens der Redaktion kein nachweislich vors\u00e4tzliches oder grob fahrl\u00e4ssiges Verschulden vorliegt.<\/p>\n<p>Alle Angebote sind freibleibend und unverbindlich. Die Redaktion beh\u00e4lt es sich ausdr\u00fccklich vor, Teile der Seiten oder das gesamte Angebot ohne gesonderte Ank\u00fcndigung zu ver\u00e4ndern, zu erg\u00e4nzen, zu l\u00f6schen oder die Ver\u00f6ffentlichung zeitweise oder endg\u00fcltig einzustellen.<\/p>\n<p><strong>2. Verweise und Links<\/strong><\/p>\n<p>Bei direkten oder indirekten Verweisen auf fremde Internetseiten (&#8222;Links&#8220;), die au\u00dferhalb des Verantwortungsbereiches der Redaktion liegen, w\u00fcrde eine Haftungsverpflichtung ausschlie\u00dflich in dem Fall in Kraft treten, in dem die Redaktion von den Inhalten Kenntnis hat und es ihr technisch m\u00f6glich und zumutbar w\u00e4re, die Nutzung im Falle rechtswidriger Inhalte zu verhindern.<\/p>\n<p>Die Redaktion erkl\u00e4rt daher ausdr\u00fccklich, dass zum Zeitpunkt der Linksetzung die entsprechenden verlinkten Seiten frei von illegalen Inhalten waren. Die Redaktion hat keinerlei Einfluss auf die aktuelle und zuk\u00fcnftige Gestaltung und auf die Inhalte der gelinkten\/verkn\u00fcpften Seiten. Deshalb distanziert sie sich hiermit ausdr\u00fccklich von allen Inhalten aller gelinkten\/verkn\u00fcpften Seiten, die nach der Linksetzung ver\u00e4ndert wurden. Diese Feststellung gilt f\u00fcr alle innerhalb des eigenen Internetangebotes gesetzten Links und Verweise sowie f\u00fcr Fremdeintr\u00e4ge in von der Redaktion eingerichteten G\u00e4steb\u00fcchern, Diskussionsforen und Mailinglisten. F\u00fcr illegale, fehlerhafte oder unvollst\u00e4ndige Inhalte und insbesondere f\u00fcr Sch\u00e4den, die aus der Nutzung oder Nichtnutzung solcherart dargebotener Informationen entstehen, haftet allein der Anbieter der Seite, auf welche verwiesen wurde, nicht derjenige, der \u00fcber Links auf die jeweilige Ver\u00f6ffentlichung lediglich verweist.<\/p>\n<p><strong>3. Urheber- und Kennzeichenrecht<\/strong><\/p>\n<p>Die Redaktion ist bestrebt, in allen Publikationen die Urheberrechte der verwendeten Grafiken, Tondokumente, Videosequenzen und Texte zu beachten, von ihr selbst erstellte Grafiken, Tondokumente, Videosequenzen und Texte zu nutzen oder auf lizenzfreie Grafiken, Tondokumente, Videosequenzen und Texte zur\u00fcckzugreifen.<\/p>\n<p>Alle innerhalb des Internetangebotes genannten und ggf. durch Dritte gesch\u00fctzten Marken- und Warenzeichen unterliegen uneingeschr\u00e4nkt den Bestimmungen des jeweils g\u00fcltigen Kennzeichenrechts und den Besitzrechten der jeweiligen eingetragenen Eigent\u00fcmer. Allein aufgrund der blo\u00dfen Nennung ist nicht der Schluss zu ziehen, dass Markenzeichen nicht durch Rechte Dritter gesch\u00fctzt sind!<\/p>\n<p>Das Copyright f\u00fcr ver\u00f6ffentlichte, von der Redaktion selbst erstellte Objekte bleibt allein bei der Redaktion der Seiten. Eine Vervielf\u00e4ltigung oder Verwendung solcher Grafiken, Tondokumente, Videosequenzen und Texte in anderen elektronischen oder gedruckten Publikationen ist ohne ausdr\u00fcckliche Zustimmung der Redaktion nicht gestattet.<\/p>\n<p><strong>4. Datenschutz<\/strong><\/p>\n<p>Sofern innerhalb des Internetangebotes die M\u00f6glichkeit zur Eingabe pers\u00f6nlicher oder gesch\u00e4ftlicher Daten (E-Mail-Adressen, Namen, Anschriften) besteht, so erfolgt die Preisgabe dieser Daten seitens des Nutzers auf ausdr\u00fccklich freiwilliger Basis. Die Inanspruchnahme aller angebotenen Dienste ist &#8211; soweit technisch m\u00f6glich und zumutbar &#8211; auch ohne Angabe solcher Daten bzw. unter Angabe anonymisierter Daten oder eines Pseudonyms gestattet.<\/p>\n<p><strong>5. Marken<\/strong><\/p>\n<p>L\u00d6SI, EPMM, EPM, EPRM, EPMS, EPMT, EPMV, LCCU und LCCS sind Marken oder eingetragene Marken von L\u00d6SI Getriebe &#8211; Steuerungen &#8211; Hydraulik GmbH.<\/p>\n<p><strong>6. Rechtswirksamkeit dieses Haftungsausschlusses<\/strong><\/p>\n<p>Dieser Haftungsausschluss ist als Teil des Internetangebotes zu betrachten, von dem aus auf diese Seite verwiesen wurde. Sofern Teile oder einzelne Formulierungen dieses Textes der geltenden Rechtslage nicht, nicht mehr oder nicht vollst\u00e4ndig entsprechen sollten, bleiben die \u00fcbrigen Teile des Dokumentes in ihrem Inhalt und ihrer G\u00fcltigkeit davon unber\u00fchrt.<\/p>\n<\/div>\n<\/div>\n<\/div>\n<\/div>\n<\/div>\n<p>&nbsp;<\/p>\n<p>&nbsp;<\/p>\n<p>[\/et_pb_text][\/et_pb_column][\/et_pb_row][\/et_pb_section]<\/p>\n","protected":false},"excerpt":{"rendered":"<p>&nbsp; Impressum &nbsp; L\u00f6Si Getriebe &#8211; Steuerungen &#8211; Hydraulik GmbH Merkurstra\u00dfe 52D-67663 Kaiserslautern Tel.: +49 (0) 631\/351 24 &#8211; 0Fax.: +49 (0) 631\/351 24 &#8211; 44info@loesi.de Gesch\u00e4ftsf\u00fchrer: Dipl. Ing. (FH) Andreas Kl\u00f6ss Amtsgericht Kaiserslautern HRB-Nr. 1917USt.-IdNr. DE 148636009 &nbsp; 1. Inhalt des Onlineangebotes Die Redaktion \u00fcbernimmt keinerlei Gew\u00e4hr f\u00fcr die Aktualit\u00e4t, Korrektheit, Vollst\u00e4ndigkeit oder Qualit\u00e4t [&hellip;]<\/p>\n","protected":false},"author":1,"featured_media":0,"parent":0,"menu_order":0,"comment_status":"closed","ping_status":"closed","template":"","meta":{"_et_pb_use_builder":"on","_et_pb_old_content":"","_et_gb_content_width":"","footnotes":""},"class_list":["post-66154","page","type-page","status-publish","hentry"],"_links":{"self":[{"href":"https:\/\/loesi.de\/de\/wp-json\/wp\/v2\/pages\/66154","targetHints":{"allow":["GET"]}}],"collection":[{"href":"https:\/\/loesi.de\/de\/wp-json\/wp\/v2\/pages"}],"about":[{"href":"https:\/\/loesi.de\/de\/wp-json\/wp\/v2\/types\/page"}],"author":[{"embeddable":true,"href":"https:\/\/loesi.de\/de\/wp-json\/wp\/v2\/users\/1"}],"replies":[{"embeddable":true,"href":"https:\/\/loesi.de\/de\/wp-json\/wp\/v2\/comments?post=66154"}],"version-history":[{"count":12,"href":"https:\/\/loesi.de\/de\/wp-json\/wp\/v2\/pages\/66154\/revisions"}],"predecessor-version":[{"id":81051,"href":"https:\/\/loesi.de\/de\/wp-json\/wp\/v2\/pages\/66154\/revisions\/81051"}],"wp:attachment":[{"href":"https:\/\/loesi.de\/de\/wp-json\/wp\/v2\/media?parent=66154"}],"curies":[{"name":"wp","href":"https:\/\/api.w.org\/{rel}","templated":true}]}}