{"id":66174,"date":"2023-05-26T16:09:41","date_gmt":"2023-05-26T14:09:41","guid":{"rendered":"https:\/\/neu.loesi.de\/?page_id=66174"},"modified":"2025-01-21T16:02:44","modified_gmt":"2025-01-21T15:02:44","slug":"kontakt","status":"publish","type":"page","link":"https:\/\/loesi.de\/de\/kontakt\/","title":{"rendered":"Kontakt"},"content":{"rendered":"<p>[et_pb_section fb_built=&#8220;1&#8243; _builder_version=&#8220;4.21.0&#8243; _module_preset=&#8220;default&#8220; collapsed=&#8220;off&#8220; global_colors_info=&#8220;{}&#8220;][et_pb_row _builder_version=&#8220;4.21.0&#8243; _module_preset=&#8220;default&#8220; global_colors_info=&#8220;{}&#8220;][et_pb_column type=&#8220;4_4&#8243; _builder_version=&#8220;4.21.0&#8243; _module_preset=&#8220;default&#8220; global_colors_info=&#8220;{}&#8220;][et_pb_text _builder_version=&#8220;4.21.0&#8243; _module_preset=&#8220;default&#8220; text_font=&#8220;Montserrat|700|||||||&#8220; text_font_size=&#8220;30px&#8220; text_line_height=&#8220;1.1em&#8220; header_font=&#8220;Montserrat|900||on|||||&#8220; header_text_color=&#8220;#00AEEF&#8220; header_font_size=&#8220;70px&#8220; header_font_size_tablet=&#8220;70px&#8220; header_font_size_phone=&#8220;48px&#8220; header_font_size_last_edited=&#8220;on|phone&#8220; global_colors_info=&#8220;{}&#8220;]<\/p>\n<h1>Kontakt<\/h1>\n<p>Ihre Nachricht an uns<\/p>\n<p>[\/et_pb_text][\/et_pb_column][\/et_pb_row][et_pb_row _builder_version=&#8220;4.24.2&#8243; _module_preset=&#8220;default&#8220; global_colors_info=&#8220;{}&#8220;][et_pb_column type=&#8220;4_4&#8243; _builder_version=&#8220;4.24.2&#8243; _module_preset=&#8220;default&#8220; global_colors_info=&#8220;{}&#8220;][et_pb_contact_form custom_message=&#8220;Unternehmen: %%Unternehmen%%||et_pb_line_break_holder||Vorname: %%Vorname%%||et_pb_line_break_holder||Name:  %%Name%%||et_pb_line_break_holder||E-Mail: %%Email%%||et_pb_line_break_holder||PLZ: %%Postleitzahl%% Ort: %%Ort%%||et_pb_line_break_holder||Land: %% Land%%||et_pb_line_break_holder||Interesse: %%Interesse%%||et_pb_line_break_holder||||et_pb_line_break_holder||Nachricht:||et_pb_line_break_holder||%%Nachricht%%||et_pb_line_break_holder||||et_pb_line_break_holder||&#8220; success_message=&#8220;<\/p>\n<p>Ihre Nachricht wurde erfolgreich versendet.<\/p>\n<p>&#8220; submit_button_text=&#8220;Absenden&#8220; _builder_version=&#8220;4.24.2&#8243; _module_preset=&#8220;default&#8220; _unique_id=&#8220;9e023984-22c7-4a8c-bf57-cbb5e8abb0fe&#8220; title_font=&#8220;Montserrat||||||||&#8220; captcha_font=&#8220;Montserrat||||||||&#8220; captcha_text_color=&#8220;#353B40&#8243; captcha_line_height=&#8220;1em&#8220; custom_button=&#8220;on&#8220; button_text_color=&#8220;#FFFFFF&#8220; button_bg_color=&#8220;#00AEEF&#8220; button_border_color=&#8220;#00AEEF&#8220; button_font=&#8220;Montserrat|500|||||||&#8220; button_use_icon=&#8220;off&#8220; custom_css_captcha_field=&#8220;position: relative;||right: -10px;&#8220; custom_css_captcha_label=&#8220;position: relative;||right: 20px;&#8220; submit_button_wait_text=&#8220;Bitte warten&#8230;&#8220; global_colors_info=&#8220;{}&#8220;][et_pb_contact_field field_id=&#8220;Anrede&#8220; field_title=&#8220;Anrede&#8220; field_type=&#8220;radio&#8220; radio_options=&#8220;%91{%22value%22:%22Herr%22,%22checked%22:0,%22dragID%22:-1},{%22value%22:%22Frau%22,%22checked%22:0,%22dragID%22:0},{%22value%22:%22Divers%22,%22checked%22:0,%22dragID%22:1}%93&#8243; fullwidth_field=&#8220;on&#8220; _builder_version=&#8220;4.24.2&#8243; _module_preset=&#8220;default&#8220; form_field_font=&#8220;Montserrat||||||||&#8220; global_colors_info=&#8220;{}&#8220;][\/et_pb_contact_field][et_pb_contact_field field_id=&#8220;Unternehmen&#8220; field_title=&#8220;Unternehmen&#8220; required_mark=&#8220;off&#8220; fullwidth_field=&#8220;on&#8220; _builder_version=&#8220;4.21.0&#8243; _module_preset=&#8220;default&#8220; form_field_font=&#8220;Montserrat||||||||&#8220; global_colors_info=&#8220;{}&#8220;][\/et_pb_contact_field][et_pb_contact_field field_id=&#8220;Vorname&#8220; field_title=&#8220;Vorname&#8220; _builder_version=&#8220;4.21.0&#8243; _module_preset=&#8220;default&#8220; form_field_font=&#8220;Montserrat||||||||&#8220; global_colors_info=&#8220;{}&#8220;][\/et_pb_contact_field][et_pb_contact_field field_id=&#8220;Name&#8220; field_title=&#8220;Name&#8220; _builder_version=&#8220;4.16&#8243; form_field_font=&#8220;Montserrat||||||||&#8220; global_colors_info=&#8220;{}&#8220; button_text_size__hover_enabled=&#8220;off&#8220; button_one_text_size__hover_enabled=&#8220;off&#8220; button_two_text_size__hover_enabled=&#8220;off&#8220; button_text_color__hover_enabled=&#8220;off&#8220; button_one_text_color__hover_enabled=&#8220;off&#8220; button_two_text_color__hover_enabled=&#8220;off&#8220; button_border_width__hover_enabled=&#8220;off&#8220; button_one_border_width__hover_enabled=&#8220;off&#8220; button_two_border_width__hover_enabled=&#8220;off&#8220; button_border_color__hover_enabled=&#8220;off&#8220; button_one_border_color__hover_enabled=&#8220;off&#8220; button_two_border_color__hover_enabled=&#8220;off&#8220; button_border_radius__hover_enabled=&#8220;off&#8220; button_one_border_radius__hover_enabled=&#8220;off&#8220; button_two_border_radius__hover_enabled=&#8220;off&#8220; button_letter_spacing__hover_enabled=&#8220;off&#8220; button_one_letter_spacing__hover_enabled=&#8220;off&#8220; button_two_letter_spacing__hover_enabled=&#8220;off&#8220; button_bg_color__hover_enabled=&#8220;off&#8220; button_one_bg_color__hover_enabled=&#8220;off&#8220; button_two_bg_color__hover_enabled=&#8220;off&#8220;][\/et_pb_contact_field][et_pb_contact_field field_id=&#8220;Email&#8220; field_title=&#8220;E-Mail-Adresse&#8220; field_type=&#8220;email&#8220; _builder_version=&#8220;4.21.0&#8243; form_field_font=&#8220;Montserrat||||||||&#8220; global_colors_info=&#8220;{}&#8220; button_text_size__hover_enabled=&#8220;off&#8220; button_one_text_size__hover_enabled=&#8220;off&#8220; button_two_text_size__hover_enabled=&#8220;off&#8220; button_text_color__hover_enabled=&#8220;off&#8220; button_one_text_color__hover_enabled=&#8220;off&#8220; button_two_text_color__hover_enabled=&#8220;off&#8220; button_border_width__hover_enabled=&#8220;off&#8220; button_one_border_width__hover_enabled=&#8220;off&#8220; button_two_border_width__hover_enabled=&#8220;off&#8220; button_border_color__hover_enabled=&#8220;off&#8220; button_one_border_color__hover_enabled=&#8220;off&#8220; button_two_border_color__hover_enabled=&#8220;off&#8220; button_border_radius__hover_enabled=&#8220;off&#8220; button_one_border_radius__hover_enabled=&#8220;off&#8220; button_two_border_radius__hover_enabled=&#8220;off&#8220; button_letter_spacing__hover_enabled=&#8220;off&#8220; button_one_letter_spacing__hover_enabled=&#8220;off&#8220; button_two_letter_spacing__hover_enabled=&#8220;off&#8220; button_bg_color__hover_enabled=&#8220;off&#8220; button_one_bg_color__hover_enabled=&#8220;off&#8220; button_two_bg_color__hover_enabled=&#8220;off&#8220;][\/et_pb_contact_field][et_pb_contact_field field_id=&#8220;Postleitzahl&#8220; field_title=&#8220;Postleitzahl&#8220; _builder_version=&#8220;4.24.2&#8243; _module_preset=&#8220;default&#8220; form_field_font=&#8220;Montserrat||||||||&#8220; global_colors_info=&#8220;{}&#8220;][\/et_pb_contact_field][et_pb_contact_field field_id=&#8220;Ort&#8220; field_title=&#8220;Ort&#8220; _builder_version=&#8220;4.21.0&#8243; _module_preset=&#8220;default&#8220; form_field_font=&#8220;Montserrat||||||||&#8220; global_colors_info=&#8220;{}&#8220;][\/et_pb_contact_field][et_pb_contact_field field_id=&#8220;Land&#8220; field_title=&#8220;Land&#8220; _builder_version=&#8220;4.21.0&#8243; _module_preset=&#8220;default&#8220; form_field_font=&#8220;Montserrat||||||||&#8220; global_colors_info=&#8220;{}&#8220;][\/et_pb_contact_field][et_pb_contact_field field_id=&#8220;Interesse&#8220; field_title=&#8220;Sie interessieren sich f\u00fcr:&#8220; field_type=&#8220;select&#8220; select_options=&#8220;%91{%22value%22:%22Hydraulik-Service%22,%22checked%22:0,%22dragID%22:-1},{%22value%22:%22Hydraulik-Reparatur%22,%22checked%22:0,%22dragID%22:0},{%22value%22:%22Hydraulik-Ersatzteile%22,%22checked%22:0,%22dragID%22:1},{%22value%22:%22Hydraulikzubeh\u00f6r%22,%22checked%22:0,%22dragID%22:2},{%22value%22:%22Hydraulikmotoren%22,%22checked%22:0,%22dragID%22:3},{%22value%22:%22Hydraulikaggregate%22,%22checked%22:0,%22dragID%22:4},{%22value%22:%22Hydraulikpumpen%22,%22checked%22:0,%22dragID%22:5},{%22value%22:%22Hydraulikventile%22,%22checked%22:0,%22dragID%22:6},{%22value%22:%22Hydraulikgetriebe%22,%22checked%22:0,%22dragID%22:7},{%22value%22:%22Hydraulikzylinder%22,%22checked%22:0,%22dragID%22:8},{%22value%22:%22Mengenteiler%22,%22checked%22:0,%22dragID%22:9},{%22value%22:%22Condition Monitoring%22,%22checked%22:0,%22dragID%22:10},{%22value%22:%22Lenkeinheiten &#038; Zubeh\u00f6r%22,%22checked%22:0,%22dragID%22:11},{%22value%22:%22\u00d6l-K\u00fchler%22,%22checked%22:0,%22dragID%22:12},{%22value%22:%22Allgemeines%22,%22checked%22:0,%22dragID%22:13}%93&#8243; _builder_version=&#8220;4.24.2&#8243; _module_preset=&#8220;default&#8220; use_field_label=&#8220;on&#8220; global_colors_info=&#8220;{}&#8220;][\/et_pb_contact_field][et_pb_contact_field field_id=&#8220;Nachricht&#8220; field_title=&#8220;Ihre Nachricht&#8220; field_type=&#8220;text&#8220; fullwidth_field=&#8220;on&#8220; _builder_version=&#8220;4.21.0&#8243; form_field_font=&#8220;Montserrat||||||||&#8220; global_colors_info=&#8220;{}&#8220; button_text_size__hover_enabled=&#8220;off&#8220; button_one_text_size__hover_enabled=&#8220;off&#8220; button_two_text_size__hover_enabled=&#8220;off&#8220; button_text_color__hover_enabled=&#8220;off&#8220; button_one_text_color__hover_enabled=&#8220;off&#8220; button_two_text_color__hover_enabled=&#8220;off&#8220; button_border_width__hover_enabled=&#8220;off&#8220; button_one_border_width__hover_enabled=&#8220;off&#8220; button_two_border_width__hover_enabled=&#8220;off&#8220; button_border_color__hover_enabled=&#8220;off&#8220; button_one_border_color__hover_enabled=&#8220;off&#8220; button_two_border_color__hover_enabled=&#8220;off&#8220; button_border_radius__hover_enabled=&#8220;off&#8220; button_one_border_radius__hover_enabled=&#8220;off&#8220; button_two_border_radius__hover_enabled=&#8220;off&#8220; button_letter_spacing__hover_enabled=&#8220;off&#8220; button_one_letter_spacing__hover_enabled=&#8220;off&#8220; button_two_letter_spacing__hover_enabled=&#8220;off&#8220; button_bg_color__hover_enabled=&#8220;off&#8220; button_one_bg_color__hover_enabled=&#8220;off&#8220; button_two_bg_color__hover_enabled=&#8220;off&#8220;][\/et_pb_contact_field][et_pb_contact_field field_id=&#8220;upload_drawing&#8220; field_title=&#8220;Datei \/ Zeichnung hochladen&#8220; required_mark=&#8220;off&#8220; fullwidth_field=&#8220;on&#8220; _builder_version=&#8220;4.24.2&#8243; _module_preset=&#8220;default&#8220; custom_css_free_form=&#8220;\/* \u00dcberschreibt den Platzhaltertext f\u00fcr akzeptierte Dateitypen und maximale Dateigr\u00f6\u00dfe *\/||.et_pb_accepted_files_desc::before {||    content: %22Akzeptierte Dateitypen: jpg, jpeg, jpe, pdf. Maximale Dateigr\u00f6\u00dfe: 1 MB.%22;||    visibility: visible;||}||||.et_pb_accepted_files_desc {||    visibility: hidden;||}||||\/* F\u00fcgt Beschreibungen oder \u00dcbersetzungen hinzu, indem Pseudo-Elemente verwendet werden *\/||.et_pb_file_upload_button::before {||    content: %22Dateien w\u00e4hlen%22;||}||||.et_pb_file_chosen_desc {||  visibility: hidden; \/* Verbirgt den Text %22No file chosen%22 *\/||  position: relative; \/* Erm\u00f6glicht die absolute Positionierung von Pseudo-Elementen *\/||  font-size: 0; \/* Optional: Setzt die Schriftgr\u00f6\u00dfe auf 0, um den Text zu verbergen *\/||}||||||&#8220; use_field_label=&#8220;on&#8220; field_placeholder=&#8220;Test&#8220; field_description=&#8220;Datei hochladen&#8220; use_file_upload=&#8220;on&#8220; files_limit=&#8220;3&#8243; file_mime=&#8220;on|off|off|off|off|off|off|off|off|off|off|off|off|off|off|off|off|off|off|off|off|off|off|off|off|off|off|off|off|off|off|off|off|off|off|off|off|off|off|off|off|off|off|off|on|off|off|off|off|off|off|off|off|off|off|off|off|off|off|off|off|off|off|off|off|off|off|off|off|off|off|off|off|off|off|off|off|off|off|off|off|off|off|off|off|off|off|off|off|off|off|off|off&#8220; global_colors_info=&#8220;{}&#8220;][\/et_pb_contact_field][et_pb_contact_field field_id=&#8220;Nutzungsbedingungen_und_Datenschutz&#8220; field_title=&#8220;Nutzungsbedingungen und Datenschutz&#8220; field_type=&#8220;checkbox&#8220; checkbox_options=&#8220;%91{%22value%22:%22Ich stimme den %22,%22checked%22:0,%22dragID%22:-1,%22link_url%22:%22https:\/\/loesi.de\/nutzungsbedingungen\/%22,%22link_text%22:%22Nutzungsbedingungen zu%22},{%22value%22:%22Ich stimme den %22,%22checked%22:0,%22dragID%22:0,%22link_text%22:%22Datenschutzbestimmungen zu%22,%22link_url%22:%22https:\/\/loesi.de\/datenschutzerklaerung\/%22}%93&#8243; fullwidth_field=&#8220;on&#8220; _builder_version=&#8220;4.24.2&#8243; _module_preset=&#8220;default&#8220; form_field_font=&#8220;Montserrat||||||||&#8220; global_colors_info=&#8220;{}&#8220;][\/et_pb_contact_field][et_pb_contact_field field_id=&#8220;Newsletter&#8220; field_title=&#8220;Newsletter&#8220; field_type=&#8220;checkbox&#8220; checkbox_options=&#8220;%91{%22value%22:%22Ja, ich m\u00f6chte mit dem Newsletter der L\u00f6Si GmbH bestens informiert sein%22,%22checked%22:0,%22dragID%22:-1,%22link_url%22:%22%22,%22link_text%22:%22%22}%93&#8243; required_mark=&#8220;off&#8220; fullwidth_field=&#8220;on&#8220; _builder_version=&#8220;4.21.0&#8243; _module_preset=&#8220;default&#8220; form_field_font=&#8220;Montserrat||||||||&#8220; global_colors_info=&#8220;{}&#8220;][\/et_pb_contact_field][\/et_pb_contact_form][\/et_pb_column][\/et_pb_row][\/et_pb_section][et_pb_section fb_built=&#8220;1&#8243; _builder_version=&#8220;4.21.0&#8243; _module_preset=&#8220;default&#8220; collapsed=&#8220;on&#8220; global_colors_info=&#8220;{}&#8220;][et_pb_row _builder_version=&#8220;4.21.0&#8243; _module_preset=&#8220;default&#8220; global_colors_info=&#8220;{}&#8220;][et_pb_column type=&#8220;4_4&#8243; _builder_version=&#8220;4.21.0&#8243; _module_preset=&#8220;default&#8220; global_colors_info=&#8220;{}&#8220;][et_pb_text content_tablet=&#8220;<\/p>\n<p>L\u00d6SI <span style=%22color: #000000;%22>GETRIEBE &#8211; STEUERUNGEN &#8211; HYDRAULIK GMBH<\/span><\/p>\n<p>&#8220; content_phone=&#8220;<\/p>\n<p>L\u00d6SI<br \/><span style=%22color: #000000;%22>GETRIEBE &#8211; STEUERUNGEN &#8211; HYDRAULIK GMBH<\/span><\/p>\n<p>&#8220; content_last_edited=&#8220;on|phone&#8220; module_id=&#8220;contact-map&#8220; _builder_version=&#8220;4.21.0&#8243; _module_preset=&#8220;default&#8220; text_font=&#8220;Montserrat|900||on|||||&#8220; text_text_color=&#8220;#00AEEF&#8220; text_font_size=&#8220;55px&#8220; text_line_height=&#8220;1em&#8220; header_font=&#8220;Montserrat|900|||||||&#8220; header_text_color=&#8220;#00aeef&#8220; header_font_size=&#8220;55px&#8220; header_2_font=&#8220;Bebas Neue|700||on|||||&#8220; header_2_text_align=&#8220;center&#8220; header_2_text_color=&#8220;#333333&#8243; header_2_font_size=&#8220;60px&#8220; text_orientation=&#8220;center&#8220; custom_margin=&#8220;1px||9px||false|false&#8220; custom_padding=&#8220;0px||0px||false|false&#8220; link_option_url=&#8220;#contact-map&#8220; text_font_size_tablet=&#8220;55px&#8220; text_font_size_phone=&#8220;32px&#8220; text_font_size_last_edited=&#8220;on|phone&#8220; header_2_font_size_tablet=&#8220;60px&#8220; header_2_font_size_phone=&#8220;40px&#8220; header_2_font_size_last_edited=&#8220;on|phone&#8220; global_colors_info=&#8220;{}&#8220;]<\/p>\n<p>L\u00d6SI <span style=\"color: #000000;\">GETRIEBE &#8211; STEUERUNGEN &#8211; HYDRAULIK GMBH<\/span><\/p>\n<p>[\/et_pb_text][\/et_pb_column][\/et_pb_row][et_pb_row column_structure=&#8220;2_5,3_5&#8243; _builder_version=&#8220;4.21.0&#8243; _module_preset=&#8220;default&#8220; global_colors_info=&#8220;{}&#8220;][et_pb_column type=&#8220;2_5&#8243; _builder_version=&#8220;4.21.0&#8243; _module_preset=&#8220;default&#8220; global_colors_info=&#8220;{}&#8220;][et_pb_text _builder_version=&#8220;4.22.2&#8243; _module_preset=&#8220;default&#8220; text_font=&#8220;Montserrat||||||||&#8220; text_text_color=&#8220;#000000&#8243; text_font_size=&#8220;22px&#8220; global_colors_info=&#8220;{}&#8220;]<\/p>\n<p>Adresse<\/p>\n<p>[\/et_pb_text][et_pb_text _builder_version=&#8220;4.22.2&#8243; _module_preset=&#8220;default&#8220; text_font=&#8220;Montserrat||||||||&#8220; global_colors_info=&#8220;{}&#8220;]<\/p>\n<div class=\"ce_text contact-info col-sm-12 col-md-6 block\">\n<div>L\u00f6Si Getriebe &#8211; Steuerungen &#8211; Hydraulik GmbH<\/div>\n<div>Merkurstra\u00dfe 52<br \/>67663 Kaiserslautern<\/div>\n<\/div>\n<p>[\/et_pb_text][et_pb_text _builder_version=&#8220;4.21.0&#8243; _module_preset=&#8220;default&#8220; text_font=&#8220;Montserrat||||||||&#8220; text_text_color=&#8220;#000000&#8243; text_font_size=&#8220;22px&#8220; global_colors_info=&#8220;{}&#8220;]<\/p>\n<p>Telefon &amp; Fax<\/p>\n<p>[\/et_pb_text][et_pb_text _builder_version=&#8220;4.21.0&#8243; _module_preset=&#8220;default&#8220; text_font=&#8220;Montserrat||||||||&#8220; global_colors_info=&#8220;{}&#8220;]<\/p>\n<div class=\"ce_text contact-info col-sm-12 col-md-6 block\">\n<p>Zentrale: <a href=\"tel:+49631351240\">+49 631 &#8211; 351 24 &#8211; 0<\/a><br \/>Fax: \u00a0 \u00a0 \u00a0\u00a0 \u00a0 <a href=\"fax:+49631351244\">+49 631 &#8211; 351 24 &#8211; 44<\/a><\/p>\n<\/div>\n<p>[\/et_pb_text][et_pb_text _builder_version=&#8220;4.21.0&#8243; _module_preset=&#8220;default&#8220; text_font=&#8220;Montserrat||||||||&#8220; text_text_color=&#8220;#000000&#8243; text_font_size=&#8220;22px&#8220; global_colors_info=&#8220;{}&#8220;]<\/p>\n<p>E-Mail<\/p>\n<p>[\/et_pb_text][et_pb_text content_tablet=&#8220;<\/p>\n<div class=%22ce_text contact-info col-sm-12 col-md-6 block%22>\n<p>info<span class=%22at%22>@<\/span>loesi.de<\/p>\n<\/div>\n<p>&#8220; content_phone=&#8220;<\/p>\n<div class=%22ce_text contact-info col-sm-12 col-md-6 block%22>\n<p>info<span class=%22at%22>@<\/span>loesi.de<\/p>\n<\/div>\n<p>&#8220; content_last_edited=&#8220;on|tablet&#8220; _builder_version=&#8220;4.24.3&#8243; _module_preset=&#8220;default&#8220; text_font=&#8220;Montserrat||||||||&#8220; text_text_color=&#8220;#00AEEF&#8220; global_colors_info=&#8220;{}&#8220;]<\/p>\n<div class=\"ce_text contact-info col-sm-12 col-md-6 block\">\n<p><a href=\"mailto:info@loesi.de\">info<span class=\"at\">(at)<\/span>loesi.de<\/a><\/p>\n<\/div>\n<p>[\/et_pb_text][\/et_pb_column][et_pb_column type=&#8220;3_5&#8243; _builder_version=&#8220;4.21.0&#8243; _module_preset=&#8220;default&#8220; global_colors_info=&#8220;{}&#8220;][et_pb_code _builder_version=&#8220;4.23&#8243; _module_preset=&#8220;default&#8220; global_colors_info=&#8220;{}&#8220;]<iframe src=\"https:\/\/www.google.com\/maps\/embed?pb=!1m18!1m12!1m3!1d2594.185624255886!2d7.712993575427289!3d49.443208559375066!2m3!1f0!2f0!3f0!3m2!1i1024!2i768!4f13.1!3m3!1m2!1s0x47960d379c027db7%3A0x47726908f5c2e45f!2sL%C3%B6si%20Getriebe-Steuerungen-Hydraulik%20GmbH!5e0!3m2!1sde!2sde!4v1685710637793!5m2!1sde!2sde\" width=\"600\" height=\"450\" style=\"border:0;\" allowfullscreen=\"\" loading=\"lazy\" referrerpolicy=\"no-referrer-when-downgrade\" alt=\"GoogleMaps_Karte\"><\/iframe>[\/et_pb_code][\/et_pb_column][\/et_pb_row][et_pb_row _builder_version=&#8220;4.21.0&#8243; _module_preset=&#8220;default&#8220; locked=&#8220;off&#8220; global_colors_info=&#8220;{}&#8220;][et_pb_column type=&#8220;4_4&#8243; _builder_version=&#8220;4.21.0&#8243; _module_preset=&#8220;default&#8220; global_colors_info=&#8220;{}&#8220;][et_pb_text content_tablet=&#8220;<\/p>\n<p><span style=%22color: #000000;%22>Vertretungen von<\/span> L\u00d6SI<\/p>\n<p>&#8220; content_phone=&#8220;<\/p>\n<p><span style=%22color: #000000;%22>Vertretungen von<\/span> L\u00d6SI<\/p>\n<p>&#8220; content_last_edited=&#8220;on|desktop&#8220; module_id=&#8220;contact-map&#8220; _builder_version=&#8220;4.21.0&#8243; _module_preset=&#8220;default&#8220; text_font=&#8220;Montserrat|900||on|||||&#8220; text_text_color=&#8220;#00AEEF&#8220; text_font_size=&#8220;55px&#8220; text_line_height=&#8220;1em&#8220; header_font=&#8220;Montserrat|900|||||||&#8220; header_text_color=&#8220;#00aeef&#8220; header_font_size=&#8220;55px&#8220; header_2_font=&#8220;Bebas Neue|700||on|||||&#8220; header_2_text_align=&#8220;center&#8220; header_2_text_color=&#8220;#333333&#8243; header_2_font_size=&#8220;60px&#8220; text_orientation=&#8220;center&#8220; custom_margin=&#8220;70px||||false|false&#8220; custom_padding=&#8220;0px||0px||false|false&#8220; link_option_url=&#8220;#contact-map&#8220; text_font_size_tablet=&#8220;55px&#8220; text_font_size_phone=&#8220;32px&#8220; text_font_size_last_edited=&#8220;on|phone&#8220; header_2_font_size_tablet=&#8220;60px&#8220; header_2_font_size_phone=&#8220;40px&#8220; header_2_font_size_last_edited=&#8220;on|phone&#8220; global_colors_info=&#8220;{}&#8220;]<\/p>\n<p><span style=\"color: #000000;\">Vertretungen von<\/span> L\u00d6SI<\/p>\n<p>[\/et_pb_text][\/et_pb_column][\/et_pb_row][et_pb_row _builder_version=&#8220;4.21.0&#8243; _module_preset=&#8220;default&#8220; global_colors_info=&#8220;{}&#8220;][et_pb_column type=&#8220;4_4&#8243; _builder_version=&#8220;4.21.0&#8243; _module_preset=&#8220;default&#8220; global_colors_info=&#8220;{}&#8220;][et_pb_text content_tablet=&#8220;<strong><img src=%22https:\/\/loesi.de\/wp-content\/uploads\/2023\/09\/MaxFlow_Logo.jpg%22 width=%22163%22 height=%2292%22 alt=%22MaxFlow_logo%22 class=%22wp-image-75665 alignnone size-full%22 style=%22display: block; margin-left: auto; margin-right: auto; float: left;%22 \/><\/strong><\/p>\n<p><strong><\/strong><\/p>\n<p><strong><\/strong><\/p>\n<p><strong><\/strong><\/p>\n<p><strong><\/strong><\/p>\n<p><strong>MAXFLOW CONTROLS (I) PVT. LTD.<br \/>\n<\/strong><\/p>\n<p><span style=%22color: #00aeef;%22><strong>|<\/strong><\/span> 18, Unique Industrial Estate, Off Veer Savarkar Marg, Prabhadevi,<\/p>\n<p>Mumbai &#8211; 400 025<\/p>\n<p><span style=%22color: #00aeef;%22><strong>|<\/strong><\/span> Tel # +91 22 2436 0131 \/ +91 22 2436 0132<\/p>\n<p><span style=%22color: #00aeef;%22><strong>|<\/strong><\/span> Whatsapp # +91 79776 42095&#8243; content_phone=&#8220;<strong><img src=%22https:\/\/loesi.de\/wp-content\/uploads\/2023\/09\/MaxFlow_Logo.jpg%22 width=%22163%22 height=%2292%22 alt=%22MaxFlow_logo%22 class=%22wp-image-75665 alignnone size-full%22 style=%22display: block; margin-left: auto; margin-right: auto; float: left;%22 \/><\/strong><\/p>\n<p><strong><\/strong><\/p>\n<p><strong><\/strong><\/p>\n<p><strong><\/strong><\/p>\n<p><strong><\/strong><\/p>\n<p><strong>MAXFLOW CONTROLS (I) PVT. LTD.<br \/>\n<\/strong><\/p>\n<p><span style=%22color: #00aeef;%22><strong>|<\/strong><\/span> 18, Unique Industrial Estate,<\/p>\n<p>Off Veer Savarkar Marg,<\/p>\n<p>Prabhadevi,  Mumbai &#8211; 400 025<\/p>\n<p><span style=%22color: #00aeef;%22><strong>|<\/strong><\/span> Tel # +91 22 2436 0131<\/p>\n<p>\/ +91 22 2436 0132<\/p>\n<p><span style=%22color: #00aeef;%22><strong>|<\/strong><\/span> Whatsapp # +91 79776 42095&#8243; content_last_edited=&#8220;on|phone&#8220; _builder_version=&#8220;4.27.4&#8243; _module_preset=&#8220;default&#8220; hover_enabled=&#8220;0&#8243; global_colors_info=&#8220;{}&#8220; sticky_enabled=&#8220;0&#8243;]<\/p>\n<p><strong><img decoding=\"async\" src=\"https:\/\/loesi.de\/wp-content\/uploads\/2023\/09\/MaxFlow_Logo.jpg\" width=\"163\" height=\"92\" alt=\"MaxFlow_logo\" class=\"wp-image-75665 alignnone size-full\" style=\"display: block; margin-left: auto; margin-right: auto; float: left;\" \/><\/strong><\/p>\n<p><strong><\/strong><\/p>\n<p><strong><\/strong><\/p>\n<p>&nbsp;<\/p>\n<p><strong><\/strong><\/p>\n<p><strong><\/strong><\/p>\n<p><strong>MAXFLOW CONTROLS (I) PVT. LTD.<br \/><\/strong><\/p>\n<p><span style=\"color: #00aeef;\"><strong>|<\/strong><\/span> 18, Unique Industrial Estate,\u00a0Off Veer Savarkar Marg,\u00a0Prabhadevi, Mumbai &#8211; 400 025<\/p>\n<p><span style=\"color: #00aeef;\"><strong>|<\/strong><\/span> Tel # +91 22 2436 0131 \/ +91 22 2436 0132<\/p>\n<p><span style=\"color: #00aeef;\"><strong>|<\/strong><\/span> E-Mail: <span><a href=\"mailto:mumbai@maxflowcontrols.com\">mumbai@maxflowcontrols.com<\/a><\/span><\/p>\n<p><span style=\"color: #00aeef;\"><strong>|<\/strong><\/span> Whatsapp # +91 79776 42095<\/p>\n<p>[\/et_pb_text][\/et_pb_column][\/et_pb_row][\/et_pb_section]<\/p>\n","protected":false},"excerpt":{"rendered":"<p>Kontakt Ihre Nachricht an unsL\u00d6SI GETRIEBE &#8211; STEUERUNGEN &#8211; HYDRAULIK GMBHAdresse L\u00f6Si Getriebe &#8211; Steuerungen &#8211; Hydraulik GmbH Merkurstra\u00dfe 5267663 Kaiserslautern Telefon &amp; Fax Zentrale: +49 631 &#8211; 351 24 &#8211; 0Fax: \u00a0 \u00a0 \u00a0\u00a0 \u00a0 +49 631 &#8211; 351 24 &#8211; 44 E-Mail info(at)loesi.de Vertretungen von L\u00d6SI &nbsp; MAXFLOW CONTROLS (I) PVT. LTD. | [&hellip;]<\/p>\n","protected":false},"author":1,"featured_media":0,"parent":0,"menu_order":0,"comment_status":"closed","ping_status":"closed","template":"","meta":{"_et_pb_use_builder":"on","_et_pb_old_content":"","_et_gb_content_width":"","footnotes":""},"class_list":["post-66174","page","type-page","status-publish","hentry"],"_links":{"self":[{"href":"https:\/\/loesi.de\/de\/wp-json\/wp\/v2\/pages\/66174","targetHints":{"allow":["GET"]}}],"collection":[{"href":"https:\/\/loesi.de\/de\/wp-json\/wp\/v2\/pages"}],"about":[{"href":"https:\/\/loesi.de\/de\/wp-json\/wp\/v2\/types\/page"}],"author":[{"embeddable":true,"href":"https:\/\/loesi.de\/de\/wp-json\/wp\/v2\/users\/1"}],"replies":[{"embeddable":true,"href":"https:\/\/loesi.de\/de\/wp-json\/wp\/v2\/comments?post=66174"}],"version-history":[{"count":66,"href":"https:\/\/loesi.de\/de\/wp-json\/wp\/v2\/pages\/66174\/revisions"}],"predecessor-version":[{"id":80670,"href":"https:\/\/loesi.de\/de\/wp-json\/wp\/v2\/pages\/66174\/revisions\/80670"}],"wp:attachment":[{"href":"https:\/\/loesi.de\/de\/wp-json\/wp\/v2\/media?parent=66174"}],"curies":[{"name":"wp","href":"https:\/\/api.w.org\/{rel}","templated":true}]}}