{"id":66309,"date":"2023-05-31T08:29:49","date_gmt":"2023-05-31T06:29:49","guid":{"rendered":"https:\/\/neu.loesi.de\/?page_id=66309"},"modified":"2024-09-10T16:01:42","modified_gmt":"2024-09-10T14:01:42","slug":"condition-monitoring","status":"publish","type":"page","link":"https:\/\/loesi.de\/de\/hydraulik-produkte\/condition-monitoring\/","title":{"rendered":"Condition Monitoring"},"content":{"rendered":"<p>[et_pb_section fb_built=&#8220;1&#8243; custom_padding_last_edited=&#8220;off|desktop&#8220; _builder_version=&#8220;4.21.0&#8243; background_enable_color=&#8220;off&#8220; background_image=&#8220;https:\/\/loesi.de\/wp-content\/uploads\/2023\/06\/Hintergrund_1640x700-scaled.jpg&#8220; height=&#8220;843px&#8220; height_tablet=&#8220;&#8220; height_phone=&#8220;auto&#8220; height_last_edited=&#8220;on|desktop&#8220; custom_padding=&#8220;0px|0px|73px|0px|false|false&#8220; custom_padding_phone=&#8220;90px||150px||false&#8220; locked=&#8220;off&#8220; global_colors_info=&#8220;{}&#8220;][et_pb_row _builder_version=&#8220;4.21.0&#8243; _module_preset=&#8220;default&#8220; global_colors_info=&#8220;{}&#8220;][et_pb_column type=&#8220;4_4&#8243; _builder_version=&#8220;4.21.0&#8243; _module_preset=&#8220;default&#8220; global_colors_info=&#8220;{}&#8220;][et_pb_text content_tablet=&#8220;<\/p>\n<h1>Condition Monitoing<\/h1>\n<h2>und Fluidmanagement<\/h2>\n<p>seit \u00fcber 40 Jahren<\/p>\n<p>&#8220; content_phone=&#8220;<\/p>\n<h1>Condition Monitoing<\/h1>\n<h2>und Fluid-management<\/h2>\n<p>seit \u00fcber 40 Jahren<\/p>\n<p>&#8220; content_last_edited=&#8220;on|desktop&#8220; _builder_version=&#8220;4.22.2&#8243; _module_preset=&#8220;default&#8220; text_font=&#8220;Montserrat|800|||||||&#8220; text_text_color=&#8220;#FFFFFF&#8220; text_font_size=&#8220;40px&#8220; text_line_height=&#8220;1em&#8220; header_font=&#8220;Montserrat|900||on|||||&#8220; header_text_color=&#8220;#00AEEF&#8220; header_font_size=&#8220;80px&#8220; header_2_font=&#8220;Montserrat|900|||||||&#8220; header_2_text_color=&#8220;#FFFFFF&#8220; header_2_font_size=&#8220;70px&#8220; custom_margin=&#8220;50px||||false|false&#8220; text_font_size_tablet=&#8220;40px&#8220; text_font_size_phone=&#8220;30px&#8220; text_font_size_last_edited=&#8220;on|phone&#8220; header_font_size_tablet=&#8220;52px&#8220; header_font_size_phone=&#8220;40px&#8220; header_font_size_last_edited=&#8220;on|tablet&#8220; header_2_text_color_tablet=&#8220;#FFFFFF&#8220; header_2_text_color_phone=&#8220;#FFFFFF&#8220; header_2_text_color_last_edited=&#8220;on|desktop&#8220; header_2_font_size_tablet=&#8220;50px&#8220; header_2_font_size_phone=&#8220;35px&#8220; header_2_font_size_last_edited=&#8220;on|desktop&#8220; header_text_shadow_style=&#8220;preset5&#8243; header_text_shadow_horizontal_length=&#8220;0.06em&#8220; header_text_shadow_blur_strength=&#8220;0.12em&#8220; header_2_text_shadow_style=&#8220;preset5&#8243; header_2_text_shadow_horizontal_length=&#8220;0.05em&#8220; header_2_text_shadow_blur_strength=&#8220;0.1em&#8220; global_colors_info=&#8220;{}&#8220;]<\/p>\n<h1>Condition Monitoring<\/h1>\n<h2>und Fluidmanagement<\/h2>\n<p>seit \u00fcber 40 Jahren<\/p>\n<p>[\/et_pb_text][et_pb_text _builder_version=&#8220;4.21.0&#8243; _module_preset=&#8220;default&#8220; text_font=&#8220;Montserrat||||||||&#8220; text_text_color=&#8220;#FFFFFF&#8220; text_font_size=&#8220;36px&#8220; header_text_color=&#8220;#ffffff&#8220; header_font_size=&#8220;80px&#8220; custom_margin=&#8220;-20px||||false|false&#8220; custom_margin_tablet=&#8220;-20px||||false|false&#8220; custom_margin_phone=&#8220;-20px||||false|false&#8220; custom_margin_last_edited=&#8220;on|desktop&#8220; custom_padding=&#8220;8px|||||&#8220; text_font_size_tablet=&#8220;26px&#8220; text_font_size_phone=&#8220;19px&#8220; text_font_size_last_edited=&#8220;on|phone&#8220; text_text_shadow_style=&#8220;preset5&#8243; text_text_shadow_horizontal_length=&#8220;0.05em&#8220; text_text_shadow_vertical_length=&#8220;0.05em&#8220; text_text_shadow_blur_strength=&#8220;0.1em&#8220; global_colors_info=&#8220;{}&#8220;]<\/p>\n<p><em>#LOESIBEWEGT<\/em><\/p>\n<p>&nbsp;<\/p>\n<p>[\/et_pb_text][et_pb_text content_tablet=&#8220;<\/p>\n<div class=%22ce_text col-sm-8 first block%22>\n<div class=%22ce_text col-sm-8 first block%22>\n<div class=%22ce_text m-b-40 first block%22>\n<div class=%22ce_text first block%22>\n<p class=%22p1%22><span class=%22s1%22>Pr\u00e4zises<strong> Condition Monitoring<\/strong> aus dem Hause L\u00f6Si!<strong><br \/><\/strong>Dank unseres gro\u00dfen <strong>Lagerbestands von <a title=%22Produkte%22 href=%22https:\/\/loesi.de\/hydraulik-produkte%22>\u00fcber 20.000 Produkten<\/a><\/strong> beliefern wir Sie <strong>unabh\u00e4ngig<\/strong>, <strong>zuverl\u00e4ssig<\/strong> und <strong>schnell <\/strong>\u2013 und das seit<strong> mehr als 30 Jahren.<\/strong><\/span><\/p>\n<p class=%22p2%22><span class=%22s2%22>\u2713<\/span> <span class=%22s4%22>bestes<\/span> <span class=%22s4%22>Preis-Leistungs-Verh\u00e4ltnis<\/span> <span class=%22s3%22>\u2013 kompromisslose Qualit\u00e4t, faire Preise<br \/><\/span><span class=%22s2%22>\u2713<\/span> <span class=%22s4%22>hervorragende Beratungskompetenz<\/span> <span class=%22s3%22>\u2013 wir sprechen mit Ihnen auf Augenh\u00f6he<br \/><\/span><span class=%22s2%22>\u2713<\/span> <span class=%22s4%22>zahlreiche zufriedene Kunden \u00fcber Jahre <\/span><span class=%22s3%22>\u2013 bei uns stehen Sie im Mittelpunkt<\/span><\/p>\n<\/div>\n<\/div>\n<\/div>\n<\/div>\n<p>&#8220; content_phone=&#8220;<\/p>\n<div class=%22ce_text col-sm-8 first block%22>\n<div class=%22ce_text col-sm-8 first block%22>\n<div class=%22ce_text m-b-40 first block%22>\n<div class=%22ce_text first block%22>\n<p class=%22p1%22><span class=%22s1%22>Pr\u00e4zises<strong> Condition Monitoring<\/strong> aus dem Hause L\u00f6Si!<strong><br \/><\/strong>Dank unseres gro\u00dfen <strong>Lagerbestands von <a title=%22Produkte%22 href=%22https:\/\/loesi.de\/hydraulik-produkte%22>\u00fcber 20.000 Produkten<\/a><\/strong> beliefern wir Sie <strong>unabh\u00e4ngig<\/strong>, <strong>zuverl\u00e4ssig<\/strong> und <strong>schnell <\/strong>\u2013 und das seit<strong> mehr als 30 Jahren.<\/strong><\/span><\/p>\n<p class=%22p2%22><span class=%22s2%22>\u2713<\/span> <span class=%22s4%22>bestes<\/span> <span class=%22s4%22>Preis-Leistungs-Verh\u00e4ltnis<\/span> <span class=%22s3%22>\u2013 kompromisslose Qualit\u00e4t, faire Preise<br \/><\/span><span class=%22s2%22>\u2713<\/span> <span class=%22s4%22>hervorragende Beratungskompetenz<\/span> <span class=%22s3%22>\u2013 wir sprechen mit Ihnen auf Augenh\u00f6he<br \/><\/span><span class=%22s2%22>\u2713<\/span> <span class=%22s4%22>zahlreiche zufriedene Kunden \u00fcber Jahre <\/span><span class=%22s3%22>\u2013 bei uns stehen Sie im Mittelpunkt<\/span><\/p>\n<\/div>\n<\/div>\n<\/div>\n<\/div>\n<p>&#8220; content_last_edited=&#8220;on|phone&#8220; _builder_version=&#8220;4.21.0&#8243; _module_preset=&#8220;default&#8220; text_text_color=&#8220;#FFFFFF&#8220; header_font=&#8220;Montserrat|800||on|||||&#8220; header_text_color=&#8220;#FFFFFF&#8220; header_font_size=&#8220;70px&#8220; header_2_font_size=&#8220;30px&#8220; custom_margin=&#8220;50px||||false|false&#8220; header_font_size_tablet=&#8220;70px&#8220; header_font_size_phone=&#8220;36px&#8220; header_font_size_last_edited=&#8220;on|tablet&#8220; global_colors_info=&#8220;{}&#8220;]<\/p>\n<div class=\"ce_text col-sm-8 first block\">\n<div class=\"ce_text col-sm-8 first block\">\n<div class=\"ce_text m-b-40 first block\">\n<div class=\"ce_text first block\">\n<p class=\"p1\"><span class=\"s1\">Pr\u00e4zises<strong> Condition Monitoring<\/strong> aus dem Hause L\u00f6Si!<strong><br \/><\/strong>Dank unseres gro\u00dfen <strong>Lagerbestands von <a title=\"Produkte\" href=\"https:\/\/loesi.de\/hydraulik-produkte\">\u00fcber 20.000 Produkten<\/a><\/strong> beliefern wir Sie <strong>unabh\u00e4ngig<\/strong>, <strong>zuverl\u00e4ssig<\/strong> und <strong>schnell <\/strong>\u2013 und das seit<strong> mehr als 30 Jahren.<\/strong><\/span><\/p>\n<p class=\"p2\"><span class=\"s2\">\u2713<\/span> <span class=\"s4\">bestes<\/span> <span class=\"s4\">Preis-Leistungs-Verh\u00e4ltnis<\/span> <span class=\"s3\">\u2013 kompromisslose Qualit\u00e4t, faire Preise<br \/><\/span><span class=\"s2\">\u2713<\/span> <span class=\"s4\">hervorragende Beratungskompetenz<\/span> <span class=\"s3\">\u2013 wir sprechen mit Ihnen auf Augenh\u00f6he<br \/><\/span><span class=\"s2\">\u2713<\/span> <span class=\"s4\">zahlreiche zufriedene Kunden \u00fcber Jahre <\/span><span class=\"s3\">\u2013 bei uns stehen Sie im Mittelpunkt<\/span><\/p>\n<\/div>\n<\/div>\n<\/div>\n<\/div>\n<p>[\/et_pb_text][\/et_pb_column][\/et_pb_row][\/et_pb_section][et_pb_section fb_built=&#8220;1&#8243; _builder_version=&#8220;4.21.0&#8243; background_color=&#8220;#E6E9EB&#8220; background_enable_image=&#8220;off&#8220; min_height=&#8220;472.1px&#8220; custom_margin=&#8220;||-79px||false|false&#8220; custom_padding=&#8220;74px||180px||false|false&#8220; global_colors_info=&#8220;{}&#8220;][et_pb_row disabled_on=&#8220;on|off|off&#8220; _builder_version=&#8220;4.21.0&#8243; _module_preset=&#8220;default&#8220; custom_margin=&#8220;||50px||false|false&#8220; locked=&#8220;off&#8220; global_colors_info=&#8220;{}&#8220;][et_pb_column type=&#8220;4_4&#8243; _builder_version=&#8220;4.21.0&#8243; _module_preset=&#8220;default&#8220; global_colors_info=&#8220;{}&#8220;][lwp_divi_breadcrumbs home_text=&#8220;Startseite&#8220; use_before_icon=&#8220;off&#8220; link_color=&#8220;#00AEEF&#8220; current_text_color=&#8220;#353B40&#8243; _builder_version=&#8220;4.21.0&#8243; _module_preset=&#8220;default&#8220; module_font=&#8220;Montserrat||||||||&#8220; module_font_size=&#8220;26px&#8220; custom_padding=&#8220;||||false|false&#8220; global_colors_info=&#8220;{}&#8220;][\/lwp_divi_breadcrumbs][\/et_pb_column][\/et_pb_row][et_pb_row column_structure=&#8220;1_2,1_2&#8243; _builder_version=&#8220;4.21.0&#8243; _module_preset=&#8220;default&#8220; width_tablet=&#8220;400px&#8220; width_phone=&#8220;300px&#8220; width_last_edited=&#8220;on|phone&#8220; custom_margin=&#8220;||||false|false&#8220; global_colors_info=&#8220;{}&#8220;][et_pb_column type=&#8220;1_2&#8243; _builder_version=&#8220;4.21.0&#8243; _module_preset=&#8220;default&#8220; global_colors_info=&#8220;{}&#8220;][et_pb_blurb image=&#8220;https:\/\/loesi.de\/wp-content\/uploads\/2023\/05\/2018_04_loesi_web_katalog_produktb_wassersensor_lcchs-eb23f222.jpg&#8220; alt=&#8220;Dekobild_Feuchtigkeitssensor LCCHS&#8220; _builder_version=&#8220;4.23.1&#8243; _module_preset=&#8220;default&#8220; header_font=&#8220;||||||||&#8220; header_text_color=&#8220;#353B40&#8243; header_font_size=&#8220;20px&#8220; body_font=&#8220;|600|||||||&#8220; body_text_color=&#8220;#000000&#8243; body_font_size=&#8220;18px&#8220; background_color=&#8220;#E6E9EB&#8220; text_orientation=&#8220;center&#8220; width=&#8220;400px&#8220; width_tablet=&#8220;400px&#8220; width_phone=&#8220;300px&#8220; width_last_edited=&#8220;on|tablet&#8220; module_alignment=&#8220;center&#8220; custom_padding=&#8220;||10px||false|false&#8220; animation=&#8220;off&#8220; link_option_url=&#8220;https:\/\/loesi.de\/hydraulik-produkte\/condition-monitoring\/feuchtigkeitssensor-lcchs&#8220; border_width_all=&#8220;1px&#8220; border_width_bottom_image=&#8220;1px&#8220; global_colors_info=&#8220;{}&#8220;]<\/p>\n<p><strong>Feuchtigkeitssensor LCCHS<\/strong><\/p>\n<p>[\/et_pb_blurb][et_pb_blurb image=&#8220;https:\/\/loesi.de\/wp-content\/uploads\/2023\/05\/LCCM_1-09e7f3d6.jpg&#8220; alt=&#8220;Dekobild_Partikelmonitor_LCCM&#8220; _builder_version=&#8220;4.23.1&#8243; _module_preset=&#8220;default&#8220; header_font=&#8220;||||||||&#8220; header_text_color=&#8220;#353B40&#8243; header_font_size=&#8220;20px&#8220; body_font=&#8220;|600|||||||&#8220; body_text_color=&#8220;#000000&#8243; body_font_size=&#8220;18px&#8220; background_color=&#8220;#E6E9EB&#8220; text_orientation=&#8220;center&#8220; width=&#8220;400px&#8220; width_tablet=&#8220;400px&#8220; width_phone=&#8220;300px&#8220; width_last_edited=&#8220;on|tablet&#8220; module_alignment=&#8220;center&#8220; custom_padding=&#8220;||10px||false|false&#8220; animation=&#8220;off&#8220; link_option_url=&#8220;https:\/\/loesi.de\/hydraulik-produkte\/condition-monitoring\/partikelmonitor-lccm&#8220; border_width_all=&#8220;1px&#8220; border_width_bottom_image=&#8220;1px&#8220; global_colors_info=&#8220;{}&#8220;]<\/p>\n<p><strong><span style=\"color: #000000;\">Partikelmonitor LCCM<\/span><\/strong><\/p>\n<p>[\/et_pb_blurb][\/et_pb_column][et_pb_column type=&#8220;1_2&#8243; _builder_version=&#8220;4.21.0&#8243; _module_preset=&#8220;default&#8220; global_colors_info=&#8220;{}&#8220;][et_pb_blurb image=&#8220;https:\/\/loesi.de\/wp-content\/uploads\/2023\/05\/2018_04_loesi_web_katalog_produktb_oelqualitaetssensor_loqs-b0118426.jpg&#8220; alt=&#8220;Dekobild_\u00d6lqualit\u00e4tssensor_LOQS&#8220; _builder_version=&#8220;4.23.1&#8243; _module_preset=&#8220;default&#8220; header_font=&#8220;||||||||&#8220; header_text_color=&#8220;#353B40&#8243; header_font_size=&#8220;20px&#8220; body_font=&#8220;|600|||||||&#8220; body_text_color=&#8220;#000000&#8243; body_font_size=&#8220;18px&#8220; background_color=&#8220;#E6E9EB&#8220; text_orientation=&#8220;center&#8220; width=&#8220;400px&#8220; width_tablet=&#8220;400px&#8220; width_phone=&#8220;300px&#8220; width_last_edited=&#8220;on|tablet&#8220; module_alignment=&#8220;center&#8220; custom_padding=&#8220;||10px||false|false&#8220; animation=&#8220;off&#8220; link_option_url=&#8220;https:\/\/loesi.de\/hydraulik-produkte\/condition-monitoring\/oelqualitaetssensor-loqs\/&#8220; border_width_all=&#8220;1px&#8220; border_width_bottom_image=&#8220;1px&#8220; global_colors_info=&#8220;{}&#8220;]<\/p>\n<p><span style=\"color: #000000;\"><strong>\u00d6lqualit\u00e4tssensor LOQS<\/strong><\/span><\/p>\n<p>[\/et_pb_blurb][et_pb_blurb image=&#8220;https:\/\/loesi.de\/wp-content\/uploads\/2023\/05\/2018_04_loesi_web_katalog_produktb_partikelzaehler_lccpm-a49ceb4f.jpg&#8220; alt=&#8220;Dekobild_Partikelz\u00e4hler_LCCPM&#8220; _builder_version=&#8220;4.23.1&#8243; _module_preset=&#8220;default&#8220; header_font=&#8220;||||||||&#8220; header_text_color=&#8220;#353B40&#8243; header_font_size=&#8220;20px&#8220; body_font=&#8220;|600|||||||&#8220; body_text_color=&#8220;#000000&#8243; body_font_size=&#8220;18px&#8220; background_color=&#8220;#E6E9EB&#8220; text_orientation=&#8220;center&#8220; width=&#8220;400px&#8220; width_tablet=&#8220;400px&#8220; width_phone=&#8220;300px&#8220; width_last_edited=&#8220;on|tablet&#8220; module_alignment=&#8220;center&#8220; custom_padding=&#8220;||10px||false|false&#8220; animation=&#8220;off&#8220; link_option_url=&#8220;https:\/\/loesi.de\/hydraulik-produkte\/condition-monitoring\/partikelzaehler-lccpm&#8220; border_width_all=&#8220;1px&#8220; border_width_bottom_image=&#8220;1px&#8220; global_colors_info=&#8220;{}&#8220;]<\/p>\n<p><strong><span style=\"color: #000000;\">Partikelz\u00e4hler LCCPM<\/span><\/strong><\/p>\n<p>[\/et_pb_blurb][\/et_pb_column][\/et_pb_row][\/et_pb_section][et_pb_section fb_built=&#8220;1&#8243; _builder_version=&#8220;4.21.0&#8243; _module_preset=&#8220;default&#8220; custom_margin=&#8220;194px|||||&#8220; custom_padding=&#8220;||12px|||&#8220; locked=&#8220;off&#8220; global_colors_info=&#8220;{}&#8220;][et_pb_row column_structure=&#8220;1_3,1_3,1_3&#8243; _builder_version=&#8220;4.21.0&#8243; _module_preset=&#8220;default&#8220; custom_margin=&#8220;-260px|auto|100px|auto|false|false&#8220; custom_padding=&#8220;0px||0px|||&#8220; locked=&#8220;off&#8220; global_colors_info=&#8220;{}&#8220;][et_pb_column type=&#8220;1_3&#8243; _builder_version=&#8220;4.21.0&#8243; _module_preset=&#8220;default&#8220; global_colors_info=&#8220;{}&#8220;][et_pb_blurb use_icon=&#8220;on&#8220; font_icon=&#8220;&#xf085;||fa||900&#8243; icon_color=&#8220;#00aeef&#8220; _builder_version=&#8220;4.21.0&#8243; _module_preset=&#8220;default&#8220; header_text_align=&#8220;center&#8220; header_text_color=&#8220;#FFFFFF&#8220; body_font=&#8220;Montserrat|900|||||||&#8220; body_text_align=&#8220;center&#8220; body_text_color=&#8220;#FFFFFF&#8220; body_font_size=&#8220;21px&#8220; body_line_height=&#8220;0.2em&#8220; background_color=&#8220;#353b40&#8243; custom_margin=&#8220;0px||-4px||false|false&#8220; custom_padding=&#8220;35px||9px||false|false&#8220; animation=&#8220;off&#8220; hover_enabled=&#8220;0&#8243; global_colors_info=&#8220;{}&#8220; sticky_enabled=&#8220;0&#8243;]<\/p>\n<p>HYDRAULIK<\/p>\n<p>ERSATZTEILE<\/p>\n<p>&nbsp;<\/p>\n<p>[\/et_pb_blurb][et_pb_text _builder_version=&#8220;4.21.0&#8243; _module_preset=&#8220;default&#8220; text_font=&#8220;Montserrat||||||||&#8220; text_text_color=&#8220;#FFFFFF&#8220; text_font_size=&#8220;12px&#8220; text_line_height=&#8220;0.4em&#8220; background_color=&#8220;#353b40&#8243; custom_margin=&#8220;-1px||-22px|||&#8220; custom_padding=&#8220;||58px|||&#8220; global_colors_info=&#8220;{}&#8220;]<\/p>\n<p style=\"text-align: center;\">UMFASSENDE AUSWAHL &#8211;<\/p>\n<p style=\"text-align: center;\">ERSTKLASSIGE VERF\u00dcGBARKEIT<\/p>\n<p>[\/et_pb_text][et_pb_button button_url=&#8220;https:\/\/loesi.de\/hydraulik-service\/hydraulik-ersatzteile\/&#8220; button_text=&#8220;ERFAHREN SIE MEHR&#8220; button_alignment=&#8220;center&#8220; _builder_version=&#8220;4.21.0&#8243; _module_preset=&#8220;default&#8220; custom_button=&#8220;on&#8220; button_text_size=&#8220;12px&#8220; button_text_color=&#8220;#ffffff&#8220; button_bg_color=&#8220;#00aeef&#8220; button_border_width=&#8220;2px&#8220; button_border_color=&#8220;#00aeef&#8220; button_border_radius=&#8220;0px&#8220; button_font=&#8220;Montserrat||||||||&#8220; background_layout=&#8220;dark&#8220; custom_margin=&#8220;4px|||||&#8220; global_colors_info=&#8220;{}&#8220;][\/et_pb_button][\/et_pb_column][et_pb_column type=&#8220;1_3&#8243; _builder_version=&#8220;4.21.0&#8243; _module_preset=&#8220;default&#8220; global_colors_info=&#8220;{}&#8220;][et_pb_blurb use_icon=&#8220;on&#8220; font_icon=&#8220;&#xe037;||divi||400&#8243; icon_color=&#8220;#00aeef&#8220; _builder_version=&#8220;4.21.0&#8243; _module_preset=&#8220;default&#8220; header_text_align=&#8220;center&#8220; header_text_color=&#8220;#FFFFFF&#8220; body_font=&#8220;Montserrat|900|||||||&#8220; body_text_align=&#8220;center&#8220; body_text_color=&#8220;#FFFFFF&#8220; body_font_size=&#8220;21px&#8220; body_line_height=&#8220;0.2em&#8220; background_color=&#8220;#353b40&#8243; custom_margin=&#8220;0px||-4px||false|false&#8220; custom_padding=&#8220;35px||9px||false|false&#8220; animation=&#8220;off&#8220; global_colors_info=&#8220;{}&#8220;]<\/p>\n<p>HYDRAULIK<\/p>\n<p>ZUBEH\u00d6R<\/p>\n<p>&nbsp;<\/p>\n<p>[\/et_pb_blurb][et_pb_text _builder_version=&#8220;4.21.0&#8243; _module_preset=&#8220;default&#8220; text_font=&#8220;Montserrat||||||||&#8220; text_text_color=&#8220;#FFFFFF&#8220; text_font_size=&#8220;12px&#8220; text_line_height=&#8220;0.4em&#8220; background_color=&#8220;#353b40&#8243; custom_margin=&#8220;-1px||-22px|||&#8220; custom_padding=&#8220;||58px|||&#8220; global_colors_info=&#8220;{}&#8220;]<\/p>\n<p style=\"text-align: center;\">UMFASSENDE AUSWAHL &#8211;<\/p>\n<p style=\"text-align: center;\">ERSTKLASSIGE VERF\u00dcGBARKEIT<\/p>\n<p>[\/et_pb_text][et_pb_button button_url=&#8220;https:\/\/loesi.de\/hydraulik-service\/hydraulikzubehoer\/&#8220; button_text=&#8220;ERFAHREN SIE MEHR&#8220; button_alignment=&#8220;center&#8220; _builder_version=&#8220;4.21.0&#8243; _module_preset=&#8220;default&#8220; custom_button=&#8220;on&#8220; button_text_size=&#8220;12px&#8220; button_text_color=&#8220;#ffffff&#8220; button_bg_color=&#8220;#00aeef&#8220; button_border_width=&#8220;2px&#8220; button_border_color=&#8220;#00aeef&#8220; button_border_radius=&#8220;0px&#8220; button_font=&#8220;Montserrat||||||||&#8220; background_layout=&#8220;dark&#8220; custom_margin=&#8220;4px|||||&#8220; global_colors_info=&#8220;{}&#8220;][\/et_pb_button][\/et_pb_column][et_pb_column type=&#8220;1_3&#8243; _builder_version=&#8220;4.21.0&#8243; _module_preset=&#8220;default&#8220; global_colors_info=&#8220;{}&#8220;][et_pb_blurb use_icon=&#8220;on&#8220; font_icon=&#8220;&#xe015;||divi||400&#8243; icon_color=&#8220;#00aeef&#8220; _builder_version=&#8220;4.21.0&#8243; _module_preset=&#8220;default&#8220; header_text_align=&#8220;center&#8220; header_text_color=&#8220;#FFFFFF&#8220; body_font=&#8220;Montserrat|900|||||||&#8220; body_text_align=&#8220;center&#8220; body_text_color=&#8220;#FFFFFF&#8220; body_font_size=&#8220;21px&#8220; body_line_height=&#8220;0.2em&#8220; background_color=&#8220;#353b40&#8243; custom_margin=&#8220;0px||-4px||false|false&#8220; custom_padding=&#8220;35px||9px||false|false&#8220; animation=&#8220;off&#8220; hover_enabled=&#8220;0&#8243; global_colors_info=&#8220;{}&#8220; sticky_enabled=&#8220;0&#8243;]<\/p>\n<p>DER L\u00d6SI<\/p>\n<p>HYDRAULIK-SHOP<\/p>\n<p>&nbsp;<\/p>\n<p>[\/et_pb_blurb][et_pb_text _builder_version=&#8220;4.21.0&#8243; _module_preset=&#8220;default&#8220; text_font=&#8220;Montserrat||||||||&#8220; text_text_color=&#8220;#FFFFFF&#8220; text_font_size=&#8220;12px&#8220; text_line_height=&#8220;0.4em&#8220; background_color=&#8220;#353b40&#8243; custom_margin=&#8220;-1px||-22px|||&#8220; custom_padding=&#8220;||58px|||&#8220; global_colors_info=&#8220;{}&#8220;]<\/p>\n<p style=\"text-align: center;\">UMFASSENDE AUSWAHL &#8211;<\/p>\n<p style=\"text-align: center;\">ERSTKLASSIGE VERF\u00dcGBARKEIT<\/p>\n<p>[\/et_pb_text][et_pb_button button_url=&#8220;https:\/\/loesi.de\/shop\/de\/&#8220; button_text=&#8220;JETZT ONLINE EINKAUFEN&#8220; button_alignment=&#8220;center&#8220; _builder_version=&#8220;4.27.0&#8243; _module_preset=&#8220;default&#8220; custom_button=&#8220;on&#8220; button_text_size=&#8220;12px&#8220; button_text_color=&#8220;#ffffff&#8220; button_bg_color=&#8220;#f19d38&#8243; button_border_width=&#8220;2px&#8220; button_border_color=&#8220;#f19d38&#8243; button_border_radius=&#8220;0px&#8220; button_font=&#8220;Montserrat||||||||&#8220; background_layout=&#8220;dark&#8220; custom_margin=&#8220;4px|||||&#8220; hover_enabled=&#8220;0&#8243; global_colors_info=&#8220;{}&#8220; sticky_enabled=&#8220;0&#8243;][\/et_pb_button][\/et_pb_column][\/et_pb_row][\/et_pb_section][et_pb_section fb_built=&#8220;1&#8243; custom_padding_last_edited=&#8220;off|desktop&#8220; _builder_version=&#8220;4.21.0&#8243; background_color=&#8220;#FFFFFF&#8220; custom_padding=&#8220;0px|0px|39px|0px|false|false&#8220; custom_padding_phone=&#8220;90px||150px||false&#8220; locked=&#8220;off&#8220; global_colors_info=&#8220;{}&#8220;][et_pb_row _builder_version=&#8220;4.21.0&#8243; _module_preset=&#8220;default&#8220; custom_margin=&#8220;|auto||auto|false|false&#8220; custom_padding=&#8220;||15px|||&#8220; global_colors_info=&#8220;{}&#8220;][et_pb_column type=&#8220;4_4&#8243; _builder_version=&#8220;4.21.0&#8243; _module_preset=&#8220;default&#8220; global_colors_info=&#8220;{}&#8220;][et_pb_text _builder_version=&#8220;4.21.0&#8243; _module_preset=&#8220;default&#8220; text_font=&#8220;Montserrat||||||||&#8220; text_font_size=&#8220;22px&#8220; header_2_font_size=&#8220;30px&#8220; text_orientation=&#8220;center&#8220; custom_margin=&#8220;30px||2px||false|false&#8220; custom_padding=&#8220;|5px|30px|5px|false|true&#8220; global_colors_info=&#8220;{}&#8220;]<\/p>\n<p class=\"\u201ch2\u201c\"><span style=\"color: #353b40;\">Haben Sie fragen zu Unseren Produkten?<\/span><\/p>\n<p class=\"\u201ch2\u201c\"><span style=\"color: #00aeef;\"><sup>F\u00fcr unsere L\u00d6SI-Produkte bieten wir Ihnen umfangreichen <strong>kostenlosten Support<\/strong><\/sup><\/span><strong><span style=\"font-size: 18px;\"><\/span><\/strong><\/p>\n<p>[\/et_pb_text][et_pb_text _builder_version=&#8220;4.23.1&#8243; _module_preset=&#8220;default&#8220; text_font=&#8220;Montserrat||||||||&#8220; header_2_font_size=&#8220;30px&#8220; text_orientation=&#8220;center&#8220; custom_margin=&#8220;||2px||false|false&#8220; custom_padding=&#8220;||40px||false|false&#8220; global_colors_info=&#8220;{}&#8220;]<\/p>\n<div class=\"ce_text col-sm-8 first block\">\n<div class=\"ce_text col-sm-8 first block\">\n<div class=\"ce_text defspace first block cta-box\">\n<p><span style=\"color: #353b40;\">Nutzen Sie die M\u00f6glichkeit der Chatfunktion unten links, oder klicken Sie jetzt auf \u201cJETZT ANFRAGEN\u201c, um einen R\u00fcckruf zu erhalten, uns eine Nachricht zu hinterlassen oder unsere kostenfreie Hotline zu erreichen. Wir helfen Ihnen gerne.<\/span><\/p>\n<\/div>\n<\/div>\n<\/div>\n<p>[\/et_pb_text][et_pb_button button_url=&#8220;https:\/\/loesi.de\/kontakt\/&#8220; button_text=&#8220;JETZT ANFRAGEN&#8220; button_alignment=&#8220;center&#8220; _builder_version=&#8220;4.21.0&#8243; _module_preset=&#8220;default&#8220; custom_button=&#8220;on&#8220; button_text_size=&#8220;12px&#8220; button_text_color=&#8220;#FFFFFF&#8220; button_bg_color=&#8220;#00AEEF&#8220; button_border_width=&#8220;2px&#8220; button_border_color=&#8220;#00AEEF&#8220; button_border_radius=&#8220;0px&#8220; button_font=&#8220;Montserrat||||||||&#8220; background_layout=&#8220;dark&#8220; custom_margin=&#8220;4px|||||&#8220; locked=&#8220;off&#8220; global_colors_info=&#8220;{}&#8220; button_bg_color__hover_enabled=&#8220;on|hover&#8220; button_bg_color__hover=&#8220;#353B40&#8243; button_bg_enable_color__hover=&#8220;on&#8220; button_border_color__hover_enabled=&#8220;on|hover&#8220; button_border_color__hover=&#8220;#353B40&#8243;][\/et_pb_button][\/et_pb_column][\/et_pb_row][\/et_pb_section]<\/p>\n","protected":false},"excerpt":{"rendered":"<p>Condition Monitoring und Fluidmanagement seit \u00fcber 40 Jahren#LOESIBEWEGT &nbsp; Pr\u00e4zises Condition Monitoring aus dem Hause L\u00f6Si!Dank unseres gro\u00dfen Lagerbestands von \u00fcber 20.000 Produkten beliefern wir Sie unabh\u00e4ngig, zuverl\u00e4ssig und schnell \u2013 und das seit mehr als 30 Jahren. \u2713 bestes Preis-Leistungs-Verh\u00e4ltnis \u2013 kompromisslose Qualit\u00e4t, faire Preise\u2713 hervorragende Beratungskompetenz \u2013 wir sprechen mit Ihnen auf Augenh\u00f6he\u2713 [&hellip;]<\/p>\n","protected":false},"author":1,"featured_media":0,"parent":65612,"menu_order":0,"comment_status":"closed","ping_status":"closed","template":"","meta":{"_et_pb_use_builder":"on","_et_pb_old_content":"","_et_gb_content_width":"","footnotes":""},"class_list":["post-66309","page","type-page","status-publish","hentry"],"_links":{"self":[{"href":"https:\/\/loesi.de\/de\/wp-json\/wp\/v2\/pages\/66309","targetHints":{"allow":["GET"]}}],"collection":[{"href":"https:\/\/loesi.de\/de\/wp-json\/wp\/v2\/pages"}],"about":[{"href":"https:\/\/loesi.de\/de\/wp-json\/wp\/v2\/types\/page"}],"author":[{"embeddable":true,"href":"https:\/\/loesi.de\/de\/wp-json\/wp\/v2\/users\/1"}],"replies":[{"embeddable":true,"href":"https:\/\/loesi.de\/de\/wp-json\/wp\/v2\/comments?post=66309"}],"version-history":[{"count":54,"href":"https:\/\/loesi.de\/de\/wp-json\/wp\/v2\/pages\/66309\/revisions"}],"predecessor-version":[{"id":80148,"href":"https:\/\/loesi.de\/de\/wp-json\/wp\/v2\/pages\/66309\/revisions\/80148"}],"up":[{"embeddable":true,"href":"https:\/\/loesi.de\/de\/wp-json\/wp\/v2\/pages\/65612"}],"wp:attachment":[{"href":"https:\/\/loesi.de\/de\/wp-json\/wp\/v2\/media?parent=66309"}],"curies":[{"name":"wp","href":"https:\/\/api.w.org\/{rel}","templated":true}]}}