{"id":66313,"date":"2023-05-31T08:47:29","date_gmt":"2023-05-31T06:47:29","guid":{"rendered":"https:\/\/neu.loesi.de\/?page_id=66313"},"modified":"2024-09-12T04:03:44","modified_gmt":"2024-09-12T02:03:44","slug":"lenkeinheiten","status":"publish","type":"page","link":"https:\/\/loesi.de\/de\/hydraulik-produkte\/lenkeinheiten\/","title":{"rendered":"Lenkeinheiten"},"content":{"rendered":"<p>[et_pb_section fb_built=&#8220;1&#8243; custom_padding_last_edited=&#8220;off|desktop&#8220; _builder_version=&#8220;4.21.0&#8243; background_enable_color=&#8220;off&#8220; background_image=&#8220;https:\/\/loesi.de\/wp-content\/uploads\/2023\/06\/Hintergrund_1640x700-scaled.jpg&#8220; height=&#8220;843px&#8220; height_tablet=&#8220;&#8220; height_phone=&#8220;auto&#8220; height_last_edited=&#8220;on|desktop&#8220; custom_padding=&#8220;0px|0px|73px|0px|false|false&#8220; custom_padding_phone=&#8220;90px||150px||false&#8220; locked=&#8220;off&#8220; global_colors_info=&#8220;{}&#8220;][et_pb_row _builder_version=&#8220;4.21.0&#8243; _module_preset=&#8220;default&#8220; global_colors_info=&#8220;{}&#8220;][et_pb_column type=&#8220;4_4&#8243; _builder_version=&#8220;4.21.0&#8243; _module_preset=&#8220;default&#8220; global_colors_info=&#8220;{}&#8220;][et_pb_text content_tablet=&#8220;<\/p>\n<h1>Lenkeinheiten<\/h1>\n<h2>und Zubeh\u00f6r seit \u00fcber 40 Jahren<\/h2>\n<p>&#8220; content_phone=&#8220;<\/p>\n<h1>Lenk-einheiten<\/h1>\n<h2>und Zubeh\u00f6r seit \u00fcber 40 Jahren<\/h2>\n<p>&#8220; content_last_edited=&#8220;on|phone&#8220; _builder_version=&#8220;4.21.0&#8243; _module_preset=&#8220;default&#8220; text_font=&#8220;Montserrat|800|||||||&#8220; text_text_color=&#8220;#FFFFFF&#8220; text_font_size=&#8220;40px&#8220; text_line_height=&#8220;1em&#8220; header_font=&#8220;Montserrat|900||on|||||&#8220; header_text_color=&#8220;#00AEEF&#8220; header_font_size=&#8220;80px&#8220; header_2_font=&#8220;Montserrat|900|||||||&#8220; header_2_text_color=&#8220;#FFFFFF&#8220; header_2_font_size=&#8220;70px&#8220; custom_margin=&#8220;50px||||false|false&#8220; text_font_size_tablet=&#8220;40px&#8220; text_font_size_phone=&#8220;30px&#8220; text_font_size_last_edited=&#8220;on|phone&#8220; header_font_size_tablet=&#8220;52px&#8220; header_font_size_phone=&#8220;40px&#8220; header_font_size_last_edited=&#8220;on|tablet&#8220; header_2_text_color_tablet=&#8220;#FFFFFF&#8220; header_2_text_color_phone=&#8220;#FFFFFF&#8220; header_2_text_color_last_edited=&#8220;on|desktop&#8220; header_2_font_size_tablet=&#8220;50px&#8220; header_2_font_size_phone=&#8220;35px&#8220; header_2_font_size_last_edited=&#8220;on|desktop&#8220; header_text_shadow_style=&#8220;preset5&#8243; header_text_shadow_horizontal_length=&#8220;0.06em&#8220; header_text_shadow_blur_strength=&#8220;0.12em&#8220; header_2_text_shadow_style=&#8220;preset5&#8243; header_2_text_shadow_horizontal_length=&#8220;0.05em&#8220; header_2_text_shadow_blur_strength=&#8220;0.1em&#8220; global_colors_info=&#8220;{}&#8220;]<\/p>\n<h1>Lenkeinheiten<\/h1>\n<h2>und Zubeh\u00f6r seit \u00fcber 40 Jahren<\/h2>\n<p>[\/et_pb_text][et_pb_text _builder_version=&#8220;4.21.0&#8243; _module_preset=&#8220;default&#8220; text_font=&#8220;Montserrat||||||||&#8220; text_text_color=&#8220;#FFFFFF&#8220; text_font_size=&#8220;36px&#8220; header_text_color=&#8220;#ffffff&#8220; header_font_size=&#8220;80px&#8220; custom_margin=&#8220;-20px||||false|false&#8220; custom_margin_tablet=&#8220;-20px||||false|false&#8220; custom_margin_phone=&#8220;-20px||||false|false&#8220; custom_margin_last_edited=&#8220;on|desktop&#8220; custom_padding=&#8220;8px|||||&#8220; text_font_size_tablet=&#8220;26px&#8220; text_font_size_phone=&#8220;19px&#8220; text_font_size_last_edited=&#8220;on|phone&#8220; text_text_shadow_style=&#8220;preset5&#8243; text_text_shadow_horizontal_length=&#8220;0.05em&#8220; text_text_shadow_vertical_length=&#8220;0.05em&#8220; text_text_shadow_blur_strength=&#8220;0.1em&#8220; global_colors_info=&#8220;{}&#8220;]<\/p>\n<p><em>#LOESIBEWEGT<\/em><\/p>\n<p>&nbsp;<\/p>\n<p>[\/et_pb_text][\/et_pb_column][\/et_pb_row][et_pb_row _builder_version=&#8220;4.21.0&#8243; _module_preset=&#8220;default&#8220; custom_padding=&#8220;||15px|||&#8220; locked=&#8220;off&#8220; global_colors_info=&#8220;{}&#8220;][et_pb_column type=&#8220;4_4&#8243; _builder_version=&#8220;4.21.0&#8243; _module_preset=&#8220;default&#8220; global_colors_info=&#8220;{}&#8220;][et_pb_text content_tablet=&#8220;<\/p>\n<div class=%22ce_text col-sm-8 first block%22>\n<div class=%22ce_text col-sm-8 first block%22>\n<div class=%22ce_text m-b-40 first block%22>\n<div class=%22ce_text first block%22>\n<div class=%22ce_text first block%22>\n<p class=%22p1%22><span class=%22s1%22>Seit mehr als drei Jahrzehnten \u00fcberzeugen wir unsere Kunden mit <strong>hochwertigen Lenkeinheiten und dem passenden Zubeh\u00f6r<\/strong> aus unserem <strong>riesigen Lagerbestand <\/strong><\/span><span class=%22s2%22><strong>von \u00fcber <a title=%22Zu den Hydraulik Produkten von L\u00f6Si%22 href=%22https:\/\/loesi.de\/hydraulik-produkte%22>20.000 Produkten<\/a><\/strong><\/span><a title=%22Produkte%22 href=%22https:\/\/loesi.de\/hydraulik-produkte%22><span class=%22s1%22>.<\/span><\/a><\/p>\n<p class=%22p2%22><span class=%22s2%22>Kaufen Sie Ihre <strong>Lenkeinheit<\/strong> bei uns und profitieren Sie von folgenden <strong>Vorteilen<\/strong>:<\/span><\/p>\n<p class=%22p2%22><span class=%22s2%22><span class=%22s3%22>\u2713<\/span> <span class=%22s4%22>bestes<\/span> <span class=%22s4%22>Preis-Leistungs-Verh\u00e4ltnis <\/span>\u2013 kompromisslose Qualit\u00e4t, faire Preise<br \/><span class=%22s3%22>\u2713<\/span> <span class=%22s4%22>hervorragende Beratungskompetenz <\/span>\u2013 wir sprechen mit Ihnen auf Augenh\u00f6he<br \/><span class=%22s3%22>\u2713<\/span> <span class=%22s4%22>zufriedene Kunden \u00fcber Jahre <\/span>\u2013 bei uns stehen Sie im Mittelpunkt<\/span><\/p>\n<\/div>\n<\/div>\n<\/div>\n<\/div>\n<\/div>\n<p>&#8220; content_phone=&#8220;<\/p>\n<div class=%22ce_text col-sm-8 first block%22>\n<div class=%22ce_text col-sm-8 first block%22>\n<div class=%22ce_text m-b-40 first block%22>\n<div class=%22ce_text first block%22>\n<div class=%22ce_text first block%22>\n<p class=%22p1%22><span class=%22s1%22>Seit mehr als drei Jahrzehnten \u00fcberzeugen wir unsere Kunden mit <strong>hochwertigen Lenkeinheiten und dem passenden Zubeh\u00f6r<\/strong> aus unserem <strong>riesigen Lagerbestand <\/strong><\/span><span class=%22s2%22><strong>von \u00fcber <a title=%22Zu den Hydraulik Produkten von L\u00f6Si%22 href=%22https:\/\/loesi.de\/hydraulik-produkte%22>20.000 Produkten<\/a><\/strong><\/span><a title=%22Produkte%22 href=%22https:\/\/loesi.de\/hydraulik-produkte%22><span class=%22s1%22>.<\/span><\/a><\/p>\n<p class=%22p2%22><span class=%22s2%22>Kaufen Sie Ihre <strong>Lenkeinheit<\/strong> bei uns und profitieren Sie von folgenden <strong>Vorteilen<\/strong>:<\/span><\/p>\n<p class=%22p2%22><span class=%22s2%22><span class=%22s3%22>\u2713<\/span> <span class=%22s4%22>bestes<\/span> <span class=%22s4%22>Preis-Leistungs-Verh\u00e4ltnis <\/span>\u2013 kompromisslose Qualit\u00e4t, faire Preise<br \/><span class=%22s3%22>\u2713<\/span> <span class=%22s4%22>hervorragende Beratungskompetenz <\/span>\u2013 wir sprechen mit Ihnen auf Augenh\u00f6he<br \/><span class=%22s3%22>\u2713<\/span> <span class=%22s4%22>zufriedene Kunden \u00fcber Jahre <\/span>\u2013 bei uns stehen Sie im Mittelpunkt<\/span><\/p>\n<\/div>\n<\/div>\n<\/div>\n<\/div>\n<\/div>\n<p>&#8220; content_last_edited=&#8220;on|phone&#8220; _builder_version=&#8220;4.21.0&#8243; _module_preset=&#8220;default&#8220; text_text_color=&#8220;#FFFFFF&#8220; header_font=&#8220;Montserrat|800||on|||||&#8220; header_text_color=&#8220;#FFFFFF&#8220; header_font_size=&#8220;70px&#8220; header_2_font_size=&#8220;30px&#8220; custom_margin=&#8220;||||false|false&#8220; header_font_size_tablet=&#8220;70px&#8220; header_font_size_phone=&#8220;36px&#8220; header_font_size_last_edited=&#8220;on|tablet&#8220; global_colors_info=&#8220;{}&#8220;]<\/p>\n<div class=\"ce_text col-sm-8 first block\">\n<div class=\"ce_text col-sm-8 first block\">\n<div class=\"ce_text m-b-40 first block\">\n<div class=\"ce_text first block\">\n<div class=\"ce_text first block\">\n<p class=\"p1\"><span class=\"s1\">Seit mehr als vier Jahrzehnten \u00fcberzeugen wir unsere Kunden mit <strong>hochwertigen Lenkeinheiten und dem passenden Zubeh\u00f6r<\/strong> aus unserem <strong>riesigen Lagerbestand <\/strong><\/span><span class=\"s2\"><strong>von \u00fcber <a title=\"Zu den Hydraulik Produkten von L\u00f6Si\" href=\"https:\/\/loesi.de\/hydraulik-produkte\">20.000 Produkten<\/a><\/strong><\/span><a title=\"Produkte\" href=\"https:\/\/loesi.de\/hydraulik-produkte\"><span class=\"s1\">.<\/span><\/a><\/p>\n<p class=\"p2\"><span class=\"s2\">Kaufen Sie Ihre <strong>Lenkeinheit<\/strong> bei uns und profitieren Sie von folgenden <strong>Vorteilen<\/strong>:<\/span><\/p>\n<p class=\"p2\"><span class=\"s2\"><span class=\"s3\">\u2713<\/span> <span class=\"s4\">bestes<\/span> <span class=\"s4\">Preis-Leistungs-Verh\u00e4ltnis <\/span>\u2013 kompromisslose Qualit\u00e4t, faire Preise<br \/><span class=\"s3\">\u2713<\/span> <span class=\"s4\">hervorragende Beratungskompetenz <\/span>\u2013 wir sprechen mit Ihnen auf Augenh\u00f6he<br \/><span class=\"s3\">\u2713<\/span> <span class=\"s4\">zufriedene Kunden \u00fcber Jahre <\/span>\u2013 bei uns stehen Sie im Mittelpunkt<\/span><\/p>\n<\/div>\n<\/div>\n<\/div>\n<\/div>\n<\/div>\n<p>[\/et_pb_text][\/et_pb_column][\/et_pb_row][\/et_pb_section][et_pb_section fb_built=&#8220;1&#8243; _builder_version=&#8220;4.21.0&#8243; background_color=&#8220;#f2f2f2&#8243; background_enable_image=&#8220;off&#8220; min_height=&#8220;472.1px&#8220; custom_margin=&#8220;||-79px|||&#8220; custom_padding=&#8220;||180px||false|false&#8220; global_colors_info=&#8220;{}&#8220;][et_pb_row disabled_on=&#8220;on|off|off&#8220; _builder_version=&#8220;4.21.0&#8243; _module_preset=&#8220;default&#8220; custom_margin=&#8220;||50px||false|false&#8220; locked=&#8220;off&#8220; global_colors_info=&#8220;{}&#8220;][et_pb_column type=&#8220;4_4&#8243; _builder_version=&#8220;4.21.0&#8243; _module_preset=&#8220;default&#8220; global_colors_info=&#8220;{}&#8220;][lwp_divi_breadcrumbs home_text=&#8220;Startseite&#8220; use_before_icon=&#8220;off&#8220; link_color=&#8220;#00AEEF&#8220; current_text_color=&#8220;#353B40&#8243; _builder_version=&#8220;4.21.0&#8243; _module_preset=&#8220;default&#8220; module_font=&#8220;Montserrat||||||||&#8220; module_font_size=&#8220;26px&#8220; custom_padding=&#8220;||||false|false&#8220; global_colors_info=&#8220;{}&#8220;][\/lwp_divi_breadcrumbs][\/et_pb_column][\/et_pb_row][et_pb_row column_structure=&#8220;1_2,1_2&#8243; _builder_version=&#8220;4.21.0&#8243; _module_preset=&#8220;default&#8220; width_tablet=&#8220;400px&#8220; width_phone=&#8220;300px&#8220; width_last_edited=&#8220;on|phone&#8220; custom_margin=&#8220;50px||||false|false&#8220; locked=&#8220;off&#8220; global_colors_info=&#8220;{}&#8220;][et_pb_column type=&#8220;1_2&#8243; _builder_version=&#8220;4.21.0&#8243; _module_preset=&#8220;default&#8220; global_colors_info=&#8220;{}&#8220;][et_pb_blurb image=&#8220;https:\/\/loesi.de\/wp-content\/uploads\/2023\/05\/2018_04_loesi_web_katalog_produktb_hydrostatische_lenkeinheiten-857caa2e.jpg&#8220; alt=&#8220;Dekobild_Hydrostasche_Lenkeinheiten&#8220; _builder_version=&#8220;4.23.1&#8243; _module_preset=&#8220;default&#8220; header_font=&#8220;||||||||&#8220; header_text_color=&#8220;#353B40&#8243; header_font_size=&#8220;20px&#8220; body_font=&#8220;|600|||||||&#8220; body_text_color=&#8220;#000000&#8243; body_font_size=&#8220;18px&#8220; background_color=&#8220;#E6E9EB&#8220; text_orientation=&#8220;center&#8220; width=&#8220;400px&#8220; width_tablet=&#8220;400px&#8220; width_phone=&#8220;300px&#8220; width_last_edited=&#8220;on|tablet&#8220; module_alignment=&#8220;center&#8220; custom_padding=&#8220;||10px||false|false&#8220; animation=&#8220;off&#8220; link_option_url=&#8220;https:\/\/loesi.de\/hydraulik-produkte\/lenkeinheiten\/hydrostatische-lenkeinheiten\/&#8220; border_width_all=&#8220;1px&#8220; border_width_bottom_image=&#8220;1px&#8220; global_colors_info=&#8220;{}&#8220;]<\/p>\n<p><strong>Hydrostatische Lenkeinheiten<\/strong><\/p>\n<p><strong><\/strong><\/p>\n<p>Serie HKU, HKUS und XY<\/p>\n<p>&nbsp;<\/p>\n<p>[\/et_pb_blurb][\/et_pb_column][et_pb_column type=&#8220;1_2&#8243; _builder_version=&#8220;4.21.0&#8243; _module_preset=&#8220;default&#8220; global_colors_info=&#8220;{}&#8220;][et_pb_blurb image=&#8220;https:\/\/loesi.de\/wp-content\/uploads\/2023\/05\/2018_04_loesi_web_katalog_produktb_zubehoer_lenkeinheiten-68d9f0ec.jpg&#8220; alt=&#8220;Dekobild_Zubeh\u00f6r_Lenkeinheiten&#8220; _builder_version=&#8220;4.23.1&#8243; _module_preset=&#8220;default&#8220; header_font=&#8220;||||||||&#8220; header_text_color=&#8220;#353B40&#8243; header_font_size=&#8220;20px&#8220; body_font=&#8220;|600|||||||&#8220; body_text_color=&#8220;#000000&#8243; body_font_size=&#8220;18px&#8220; background_color=&#8220;#E6E9EB&#8220; text_orientation=&#8220;center&#8220; width=&#8220;400px&#8220; width_tablet=&#8220;400px&#8220; width_phone=&#8220;300px&#8220; width_last_edited=&#8220;on|tablet&#8220; module_alignment=&#8220;center&#8220; custom_padding=&#8220;||10px||false|false&#8220; animation=&#8220;off&#8220; link_option_url=&#8220;https:\/\/loesi.de\/hydraulik-produkte\/lenkeinheiten\/zubehoer-lenkeinheiten\/&#8220; border_width_all=&#8220;1px&#8220; border_width_bottom_image=&#8220;1px&#8220; global_colors_info=&#8220;{}&#8220;]<\/p>\n<p><span style=\"color: #000000;\"><strong>Zubeh\u00f6r Lenkeinheiten<\/strong><\/span><span style=\"color: #000000;\"><strong><\/strong><\/span><\/p>\n<p><span style=\"color: #000000;\"><strong><\/strong><\/span><\/p>\n<p><span style=\"color: #000000;\">Lenkungsventile, Lenks\u00e4ulen, <\/span><\/p>\n<p><span style=\"color: #000000;\"><sup>Lenkr\u00e4der und Lenkstockschalter<\/sup><\/span><\/p>\n<p>[\/et_pb_blurb][\/et_pb_column][\/et_pb_row][\/et_pb_section][et_pb_section fb_built=&#8220;1&#8243; _builder_version=&#8220;4.21.0&#8243; _module_preset=&#8220;default&#8220; custom_margin=&#8220;194px|||||&#8220; custom_padding=&#8220;||12px|||&#8220; locked=&#8220;off&#8220; global_colors_info=&#8220;{}&#8220;][et_pb_row column_structure=&#8220;1_3,1_3,1_3&#8243; _builder_version=&#8220;4.21.0&#8243; _module_preset=&#8220;default&#8220; custom_margin=&#8220;-260px|auto|100px|auto|false|false&#8220; custom_padding=&#8220;0px||0px|||&#8220; locked=&#8220;off&#8220; global_colors_info=&#8220;{}&#8220;][et_pb_column type=&#8220;1_3&#8243; _builder_version=&#8220;4.21.0&#8243; _module_preset=&#8220;default&#8220; global_colors_info=&#8220;{}&#8220;][et_pb_blurb use_icon=&#8220;on&#8220; font_icon=&#8220;&#xf085;||fa||900&#8243; icon_color=&#8220;#00aeef&#8220; _builder_version=&#8220;4.23.1&#8243; _module_preset=&#8220;default&#8220; header_text_align=&#8220;center&#8220; header_text_color=&#8220;#FFFFFF&#8220; body_font=&#8220;Montserrat|900|||||||&#8220; body_text_align=&#8220;center&#8220; body_text_color=&#8220;#FFFFFF&#8220; body_font_size=&#8220;21px&#8220; body_line_height=&#8220;0.2em&#8220; background_color=&#8220;#353b40&#8243; custom_margin=&#8220;0px||-4px||false|false&#8220; custom_padding=&#8220;35px||9px||false|false&#8220; animation=&#8220;off&#8220; global_colors_info=&#8220;{}&#8220;]<\/p>\n<p>HYDRAULIK<\/p>\n<p>ERSATZTEILE<\/p>\n<p>&nbsp;<\/p>\n<p>[\/et_pb_blurb][et_pb_text _builder_version=&#8220;4.21.0&#8243; _module_preset=&#8220;default&#8220; text_font=&#8220;Montserrat||||||||&#8220; text_text_color=&#8220;#FFFFFF&#8220; text_font_size=&#8220;12px&#8220; text_line_height=&#8220;0.4em&#8220; background_color=&#8220;#353b40&#8243; custom_margin=&#8220;-1px||-22px|||&#8220; custom_padding=&#8220;||58px|||&#8220; global_colors_info=&#8220;{}&#8220;]<\/p>\n<p style=\"text-align: center;\">UMFASSENDE AUSWAHL &#8211;<\/p>\n<p style=\"text-align: center;\">ERSTKLASSIGE VERF\u00dcGBARKEIT<\/p>\n<p>[\/et_pb_text][et_pb_button button_url=&#8220;https:\/\/loesi.de\/hydraulik-service\/hydraulik-ersatzteile\/&#8220; button_text=&#8220;ERFAHREN SIE MEHR&#8220; button_alignment=&#8220;center&#8220; _builder_version=&#8220;4.21.0&#8243; _module_preset=&#8220;default&#8220; custom_button=&#8220;on&#8220; button_text_size=&#8220;12px&#8220; button_text_color=&#8220;#ffffff&#8220; button_bg_color=&#8220;#00aeef&#8220; button_border_width=&#8220;2px&#8220; button_border_color=&#8220;#00aeef&#8220; button_border_radius=&#8220;0px&#8220; button_font=&#8220;Montserrat||||||||&#8220; background_layout=&#8220;dark&#8220; custom_margin=&#8220;4px|||||&#8220; global_colors_info=&#8220;{}&#8220;][\/et_pb_button][\/et_pb_column][et_pb_column type=&#8220;1_3&#8243; _builder_version=&#8220;4.21.0&#8243; _module_preset=&#8220;default&#8220; global_colors_info=&#8220;{}&#8220;][et_pb_blurb use_icon=&#8220;on&#8220; font_icon=&#8220;&#xe037;||divi||400&#8243; icon_color=&#8220;#00aeef&#8220; _builder_version=&#8220;4.21.0&#8243; _module_preset=&#8220;default&#8220; header_text_align=&#8220;center&#8220; header_text_color=&#8220;#FFFFFF&#8220; body_font=&#8220;Montserrat|900|||||||&#8220; body_text_align=&#8220;center&#8220; body_text_color=&#8220;#FFFFFF&#8220; body_font_size=&#8220;21px&#8220; body_line_height=&#8220;0.2em&#8220; background_color=&#8220;#353b40&#8243; custom_margin=&#8220;0px||-4px||false|false&#8220; custom_padding=&#8220;35px||9px||false|false&#8220; animation=&#8220;off&#8220; global_colors_info=&#8220;{}&#8220;]<\/p>\n<p>HYDRAULIK<\/p>\n<p>ZUBEH\u00d6R<\/p>\n<p>&nbsp;<\/p>\n<p>[\/et_pb_blurb][et_pb_text _builder_version=&#8220;4.21.0&#8243; _module_preset=&#8220;default&#8220; text_font=&#8220;Montserrat||||||||&#8220; text_text_color=&#8220;#FFFFFF&#8220; text_font_size=&#8220;12px&#8220; text_line_height=&#8220;0.4em&#8220; background_color=&#8220;#353b40&#8243; custom_margin=&#8220;-1px||-22px|||&#8220; custom_padding=&#8220;||58px|||&#8220; global_colors_info=&#8220;{}&#8220;]<\/p>\n<p style=\"text-align: center;\">UMFASSENDE AUSWAHL &#8211;<\/p>\n<p style=\"text-align: center;\">ERSTKLASSIGE VERF\u00dcGBARKEIT<\/p>\n<p>[\/et_pb_text][et_pb_button button_url=&#8220;https:\/\/loesi.de\/hydraulik-service\/hydraulikzubehoer\/&#8220; button_text=&#8220;ERFAHREN SIE MEHR&#8220; button_alignment=&#8220;center&#8220; _builder_version=&#8220;4.21.0&#8243; _module_preset=&#8220;default&#8220; custom_button=&#8220;on&#8220; button_text_size=&#8220;12px&#8220; button_text_color=&#8220;#ffffff&#8220; button_bg_color=&#8220;#00aeef&#8220; button_border_width=&#8220;2px&#8220; button_border_color=&#8220;#00aeef&#8220; button_border_radius=&#8220;0px&#8220; button_font=&#8220;Montserrat||||||||&#8220; background_layout=&#8220;dark&#8220; custom_margin=&#8220;4px|||||&#8220; global_colors_info=&#8220;{}&#8220;][\/et_pb_button][\/et_pb_column][et_pb_column type=&#8220;1_3&#8243; _builder_version=&#8220;4.21.0&#8243; _module_preset=&#8220;default&#8220; global_colors_info=&#8220;{}&#8220;][et_pb_blurb use_icon=&#8220;on&#8220; font_icon=&#8220;&#xe015;||divi||400&#8243; icon_color=&#8220;#00aeef&#8220; _builder_version=&#8220;4.21.0&#8243; _module_preset=&#8220;default&#8220; header_text_align=&#8220;center&#8220; header_text_color=&#8220;#FFFFFF&#8220; body_font=&#8220;Montserrat|900|||||||&#8220; body_text_align=&#8220;center&#8220; body_text_color=&#8220;#FFFFFF&#8220; body_font_size=&#8220;21px&#8220; body_line_height=&#8220;0.2em&#8220; background_color=&#8220;#353b40&#8243; custom_margin=&#8220;0px||-4px||false|false&#8220; custom_padding=&#8220;35px||9px||false|false&#8220; animation=&#8220;off&#8220; global_colors_info=&#8220;{}&#8220;]<\/p>\n<p>DER L\u00d6SI<\/p>\n<p>HYDRAULIK-SHOP<\/p>\n<p>&nbsp;<\/p>\n<p>[\/et_pb_blurb][et_pb_text _builder_version=&#8220;4.21.0&#8243; _module_preset=&#8220;default&#8220; text_font=&#8220;Montserrat||||||||&#8220; text_text_color=&#8220;#FFFFFF&#8220; text_font_size=&#8220;12px&#8220; text_line_height=&#8220;0.4em&#8220; background_color=&#8220;#353b40&#8243; custom_margin=&#8220;-1px||-22px|||&#8220; custom_padding=&#8220;||58px|||&#8220; global_colors_info=&#8220;{}&#8220;]<\/p>\n<p style=\"text-align: center;\">UMFASSENDE AUSWAHL &#8211;<\/p>\n<p style=\"text-align: center;\">ERSTKLASSIGE VERF\u00dcGBARKEIT<\/p>\n<p>[\/et_pb_text][et_pb_button button_url=&#8220;https:\/\/loesi.de\/shop&#8220; button_text=&#8220;JETZT ONLINE EINKAUFEN&#8220; button_alignment=&#8220;center&#8220; _builder_version=&#8220;4.27.0&#8243; _module_preset=&#8220;default&#8220; custom_button=&#8220;on&#8220; button_text_size=&#8220;12px&#8220; button_text_color=&#8220;#ffffff&#8220; button_bg_color=&#8220;#f19d38&#8243; button_border_width=&#8220;2px&#8220; button_border_color=&#8220;#f19d38&#8243; button_border_radius=&#8220;0px&#8220; button_font=&#8220;Montserrat||||||||&#8220; background_layout=&#8220;dark&#8220; custom_margin=&#8220;4px|||||&#8220; hover_enabled=&#8220;0&#8243; global_colors_info=&#8220;{}&#8220; sticky_enabled=&#8220;0&#8243;][\/et_pb_button][\/et_pb_column][\/et_pb_row][\/et_pb_section][et_pb_section fb_built=&#8220;1&#8243; custom_padding_last_edited=&#8220;off|desktop&#8220; _builder_version=&#8220;4.21.0&#8243; background_color=&#8220;#FFFFFF&#8220; custom_padding=&#8220;0px|0px|73px|0px|false|false&#8220; custom_padding_phone=&#8220;90px||150px||false&#8220; locked=&#8220;off&#8220; collapsed=&#8220;off&#8220; global_colors_info=&#8220;{}&#8220;][et_pb_row _builder_version=&#8220;4.21.0&#8243; _module_preset=&#8220;default&#8220; custom_margin=&#8220;|auto||auto|false|false&#8220; custom_padding=&#8220;||15px|||&#8220; global_colors_info=&#8220;{}&#8220;][et_pb_column type=&#8220;4_4&#8243; _builder_version=&#8220;4.21.0&#8243; _module_preset=&#8220;default&#8220; global_colors_info=&#8220;{}&#8220;][et_pb_text _builder_version=&#8220;4.21.0&#8243; _module_preset=&#8220;default&#8220; text_font=&#8220;Montserrat||||||||&#8220; text_font_size=&#8220;22px&#8220; header_2_font_size=&#8220;30px&#8220; text_orientation=&#8220;center&#8220; custom_margin=&#8220;30px||2px||false|false&#8220; custom_padding=&#8220;|5px|30px|5px|false|true&#8220; global_colors_info=&#8220;{}&#8220;]<\/p>\n<p class=\"\u201ch2\u201c\"><span style=\"color: #353b40;\">Haben Sie fragen zu Unseren Produkten?<\/span><\/p>\n<p class=\"\u201ch2\u201c\"><span style=\"color: #00aeef;\"><sup>F\u00fcr unsere L\u00d6SI-Produkte bieten wir Ihnen umfangreichen <strong>kostenlosten Support<\/strong><\/sup><\/span><strong><span style=\"font-size: 18px;\"><\/span><\/strong><\/p>\n<p>[\/et_pb_text][et_pb_text _builder_version=&#8220;4.23.1&#8243; _module_preset=&#8220;default&#8220; text_font=&#8220;Montserrat||||||||&#8220; header_2_font_size=&#8220;30px&#8220; text_orientation=&#8220;center&#8220; custom_margin=&#8220;||2px||false|false&#8220; custom_padding=&#8220;||40px||false|false&#8220; global_colors_info=&#8220;{}&#8220;]<\/p>\n<div class=\"ce_text col-sm-8 first block\">\n<div class=\"ce_text col-sm-8 first block\">\n<div class=\"ce_text defspace first block cta-box\">\n<p><span style=\"color: #353b40;\">Nutzen Sie die M\u00f6glichkeit der Chatfunktion unten links, oder klicken Sie jetzt auf \u201cJETZT ANFRAGEN\u201c, um einen R\u00fcckruf zu erhalten, uns eine Nachricht zu hinterlassen oder unsere kostenfreie Hotline zu erreichen. Wir helfen Ihnen gerne.<\/span><\/p>\n<\/div>\n<\/div>\n<\/div>\n<p>[\/et_pb_text][et_pb_button button_url=&#8220;https:\/\/loesi.de\/kontakt\/&#8220; button_text=&#8220;JETZT ANFRAGEN&#8220; button_alignment=&#8220;center&#8220; _builder_version=&#8220;4.21.0&#8243; _module_preset=&#8220;default&#8220; custom_button=&#8220;on&#8220; button_text_size=&#8220;12px&#8220; button_text_color=&#8220;#FFFFFF&#8220; button_bg_color=&#8220;#00AEEF&#8220; button_border_width=&#8220;2px&#8220; button_border_color=&#8220;#00AEEF&#8220; button_border_radius=&#8220;0px&#8220; button_font=&#8220;Montserrat||||||||&#8220; background_layout=&#8220;dark&#8220; custom_margin=&#8220;4px|||||&#8220; locked=&#8220;off&#8220; global_colors_info=&#8220;{}&#8220; button_bg_color__hover_enabled=&#8220;on|hover&#8220; button_bg_color__hover=&#8220;#353B40&#8243; button_bg_enable_color__hover=&#8220;on&#8220; button_border_color__hover_enabled=&#8220;on|hover&#8220; button_border_color__hover=&#8220;#353B40&#8243;][\/et_pb_button][\/et_pb_column][\/et_pb_row][\/et_pb_section]<\/p>\n","protected":false},"excerpt":{"rendered":"<p>Lenkeinheiten und Zubeh\u00f6r seit \u00fcber 40 Jahren#LOESIBEWEGT &nbsp; Seit mehr als vier Jahrzehnten \u00fcberzeugen wir unsere Kunden mit hochwertigen Lenkeinheiten und dem passenden Zubeh\u00f6r aus unserem riesigen Lagerbestand von \u00fcber 20.000 Produkten. Kaufen Sie Ihre Lenkeinheit bei uns und profitieren Sie von folgenden Vorteilen: \u2713 bestes Preis-Leistungs-Verh\u00e4ltnis \u2013 kompromisslose Qualit\u00e4t, faire Preise\u2713 hervorragende Beratungskompetenz \u2013 [&hellip;]<\/p>\n","protected":false},"author":1,"featured_media":0,"parent":65612,"menu_order":0,"comment_status":"closed","ping_status":"closed","template":"","meta":{"_et_pb_use_builder":"on","_et_pb_old_content":"","_et_gb_content_width":"","footnotes":""},"class_list":["post-66313","page","type-page","status-publish","hentry"],"_links":{"self":[{"href":"https:\/\/loesi.de\/de\/wp-json\/wp\/v2\/pages\/66313","targetHints":{"allow":["GET"]}}],"collection":[{"href":"https:\/\/loesi.de\/de\/wp-json\/wp\/v2\/pages"}],"about":[{"href":"https:\/\/loesi.de\/de\/wp-json\/wp\/v2\/types\/page"}],"author":[{"embeddable":true,"href":"https:\/\/loesi.de\/de\/wp-json\/wp\/v2\/users\/1"}],"replies":[{"embeddable":true,"href":"https:\/\/loesi.de\/de\/wp-json\/wp\/v2\/comments?post=66313"}],"version-history":[{"count":39,"href":"https:\/\/loesi.de\/de\/wp-json\/wp\/v2\/pages\/66313\/revisions"}],"predecessor-version":[{"id":80411,"href":"https:\/\/loesi.de\/de\/wp-json\/wp\/v2\/pages\/66313\/revisions\/80411"}],"up":[{"embeddable":true,"href":"https:\/\/loesi.de\/de\/wp-json\/wp\/v2\/pages\/65612"}],"wp:attachment":[{"href":"https:\/\/loesi.de\/de\/wp-json\/wp\/v2\/media?parent=66313"}],"curies":[{"name":"wp","href":"https:\/\/api.w.org\/{rel}","templated":true}]}}