{"id":67457,"date":"2023-06-09T15:00:38","date_gmt":"2023-06-09T13:00:38","guid":{"rendered":"https:\/\/neu.loesi.de\/?page_id=67457"},"modified":"2024-09-11T04:14:27","modified_gmt":"2024-09-11T02:14:27","slug":"hydraulik-planetengetriebe","status":"publish","type":"page","link":"https:\/\/loesi.de\/de\/hydraulik-produkte\/hydraulik-getriebe\/hydraulik-planetengetriebe\/","title":{"rendered":"Hydraulik Planetengetriebe"},"content":{"rendered":"<p>[et_pb_section fb_built=&#8220;1&#8243; _builder_version=&#8220;4.21.0&#8243; background_color=&#8220;#FFFFFF&#8220; min_height=&#8220;472.1px&#8220; custom_margin=&#8220;||-79px|||&#8220; custom_padding=&#8220;74px||74px||true|false&#8220; collapsed=&#8220;off&#8220; global_colors_info=&#8220;{}&#8220;][et_pb_row disabled_on=&#8220;on|off|off&#8220; _builder_version=&#8220;4.21.0&#8243; _module_preset=&#8220;default&#8220; custom_margin=&#8220;||50px||false|false&#8220; locked=&#8220;off&#8220; global_colors_info=&#8220;{}&#8220;][et_pb_column type=&#8220;4_4&#8243; _builder_version=&#8220;4.21.0&#8243; _module_preset=&#8220;default&#8220; global_colors_info=&#8220;{}&#8220;][lwp_divi_breadcrumbs home_text=&#8220;Startseite&#8220; use_before_icon=&#8220;off&#8220; link_color=&#8220;#00AEEF&#8220; current_text_color=&#8220;#353B40&#8243; _builder_version=&#8220;4.21.0&#8243; _module_preset=&#8220;default&#8220; module_font=&#8220;Montserrat||||||||&#8220; module_font_size=&#8220;26px&#8220; custom_padding=&#8220;||||false|false&#8220; global_colors_info=&#8220;{}&#8220;][\/lwp_divi_breadcrumbs][\/et_pb_column][\/et_pb_row][et_pb_row _builder_version=&#8220;4.23.1&#8243; _module_preset=&#8220;default&#8220; custom_padding=&#8220;||15px|||&#8220; locked=&#8220;off&#8220; global_colors_info=&#8220;{}&#8220;][et_pb_column type=&#8220;4_4&#8243; _builder_version=&#8220;4.21.0&#8243; _module_preset=&#8220;default&#8220; global_colors_info=&#8220;{}&#8220;][et_pb_text content_tablet=&#8220;<\/p>\n<div class=%22ce_text col-sm-8 first block%22>\n<h1 class=%22wp-block wp-block-post-title block-editor-block-list__block editor-post-title editor-post-title__input rich-text%22 aria-label=%22Titel hier eingeben%22 role=%22textbox%22 aria-multiline=%22true%22 style=%22white-space: pre-wrap; min-width: 1px;%22 contenteditable=%22true%22>Hydraulik Planetengetriebe<\/h1>\n<\/div>\n<p>&#8220; content_phone=&#8220;<\/p>\n<div class=%22ce_text col-sm-8 first block%22>\n<h1 class=%22wp-block wp-block-post-title block-editor-block-list__block editor-post-title editor-post-title__input rich-text%22 aria-label=%22Titel hier eingeben%22 role=%22textbox%22 aria-multiline=%22true%22 style=%22white-space: pre-wrap; min-width: 1px;%22 contenteditable=%22true%22>Hydraulik Planeten-Getriebe<\/h1>\n<\/div>\n<p>&#8220; content_last_edited=&#8220;on|phone&#8220; _builder_version=&#8220;4.21.0&#8243; _module_preset=&#8220;default&#8220; text_font=&#8220;Montserrat|800||on|||||&#8220; text_text_color=&#8220;#000000&#8243; text_font_size=&#8220;35px&#8220; text_line_height=&#8220;1em&#8220; header_font=&#8220;Montserrat|900||on|||||&#8220; header_text_align=&#8220;center&#8220; header_text_color=&#8220;#00AEEF&#8220; header_font_size=&#8220;55px&#8220; header_2_font_size=&#8220;30px&#8220; text_orientation=&#8220;center&#8220; custom_margin=&#8220;||-47px|||&#8220; custom_padding=&#8220;||102px|||&#8220; text_text_color_tablet=&#8220;#000000&#8243; text_text_color_phone=&#8220;#000000&#8243; text_text_color_last_edited=&#8220;on|desktop&#8220; header_font_size_tablet=&#8220;55px&#8220; header_font_size_phone=&#8220;39px&#8220; header_font_size_last_edited=&#8220;on|phone&#8220; global_colors_info=&#8220;{}&#8220;]<\/p>\n<div class=\"ce_text col-sm-8 first block\">\n<div class=\"ce_text col-sm-8 first block\">\n<div class=\"ce_text m-b-40 first block\">\n<h1 class=\"wp-block wp-block-post-title block-editor-block-list__block editor-post-title editor-post-title__input rich-text\" aria-label=\"Titel hier eingeben\" role=\"textbox\" aria-multiline=\"true\" style=\"white-space: pre-wrap; min-width: 1px;\" contenteditable=\"true\">Hydraulik Planetengetriebe<\/h1>\n<\/div>\n<\/div>\n<\/div>\n<p>[\/et_pb_text][et_pb_text _builder_version=&#8220;4.23.1&#8243; _module_preset=&#8220;default&#8220; text_orientation=&#8220;center&#8220; global_colors_info=&#8220;{}&#8220;]<\/p>\n<p>Wir sind langj\u00e4hriger Partner von <a href=\"https:\/\/loesi.de\/hydraulik-planetengetriebe-von-reggiana-riduttori\/\">Reggiana Riduttori<\/a>, einem Hersteller von Planetengetrieben aus Italien.\u00a0<\/p>\n<p>Planetengetriebe sind ein wesentlicher Bestandteil in der hydraulischen Antriebstechnik. Sie zeichnen sich durch ihre kompakte Bauweise und hohe Leistungsdichte aus, was sie ideal f\u00fcr Anwendungen macht, bei denen Platz und Effizienz entscheidend sind. Diese Getriebe nutzen ein zentrales Sonnenrad, das von mehreren Planetenr\u00e4dern umkreist wird, die wiederum in einem feststehenden Au\u00dfenring laufen. Diese Konfiguration erm\u00f6glicht eine gleichm\u00e4\u00dfige Lastverteilung, hohe Drehmoment\u00fcbertragung und geringen Verschlei\u00df.\u00a0<\/p>\n<p>Radnabengetriebe sind Planetengetriebe, die direkt in die Radnabe von Fahrzeugen und Maschinen integriert sind. Diese Getriebe sind besonders n\u00fctzlich in der hydraulischen Antriebstechnik, da sie eine direkte Kraft\u00fcbertragung auf die R\u00e4der erm\u00f6glichen. Ihre kompakte Bauweise macht sie ideal f\u00fcr den Einsatz in mobilen Arbeitsmaschinen, wie Baufahrzeugen, Landmaschinen und Stra\u00dfenfahrzeugen. Radnabengetriebe bieten eine hohe Leistungsdichte und erm\u00f6glichen eine effiziente Kraftverteilung.<\/p>\n<p>[\/et_pb_text][\/et_pb_column][\/et_pb_row][et_pb_row column_structure=&#8220;1_2,1_2&#8243; _builder_version=&#8220;4.21.0&#8243; _module_preset=&#8220;default&#8220; width_tablet=&#8220;400px&#8220; width_phone=&#8220;300px&#8220; width_last_edited=&#8220;on|phone&#8220; custom_margin=&#8220;30px|auto||auto|false|false&#8220; locked=&#8220;off&#8220; global_colors_info=&#8220;{}&#8220;][et_pb_column type=&#8220;1_2&#8243; _builder_version=&#8220;4.21.0&#8243; _module_preset=&#8220;default&#8220; global_colors_info=&#8220;{}&#8220;][et_pb_blurb image=&#8220;https:\/\/loesi.de\/wp-content\/uploads\/2023\/05\/2018_04_loesi_web_katalog_produktb_planetengetriebe_hydraulikgetriebe-40e28d2a.jpg&#8220; alt=&#8220;Dekobild_Planetengetriebe&#8220; _builder_version=&#8220;4.21.0&#8243; _module_preset=&#8220;default&#8220; header_font=&#8220;||||||||&#8220; header_text_color=&#8220;#353B40&#8243; header_font_size=&#8220;20px&#8220; body_font=&#8220;|600|||||||&#8220; body_text_color=&#8220;#000000&#8243; body_font_size=&#8220;18px&#8220; background_color=&#8220;#E6E9EB&#8220; text_orientation=&#8220;center&#8220; width=&#8220;400px&#8220; width_tablet=&#8220;400px&#8220; width_phone=&#8220;300px&#8220; width_last_edited=&#8220;on|tablet&#8220; module_alignment=&#8220;center&#8220; custom_padding=&#8220;||10px||false|false&#8220; link_option_url=&#8220;https:\/\/loesi.de\/hydraulik-produkte\/hydraulik-getriebe\/hydraulik-planetengetriebe\/planetengetriebe\/&#8220; border_width_all=&#8220;1px&#8220; border_color_all=&#8220;#353B40&#8243; border_color_all_image=&#8220;#353B40&#8243; border_width_bottom_image=&#8220;1px&#8220; global_colors_info=&#8220;{}&#8220;]<\/p>\n<p><strong>Planetengetriebe<\/strong><\/p>\n<p>[\/et_pb_blurb][\/et_pb_column][et_pb_column type=&#8220;1_2&#8243; _builder_version=&#8220;4.21.0&#8243; _module_preset=&#8220;default&#8220; global_colors_info=&#8220;{}&#8220;][et_pb_blurb image=&#8220;https:\/\/loesi.de\/wp-content\/uploads\/2023\/06\/2018_04_loesi_web_katalog_produktb_radnabengetriebe-eddef6a7.jpg&#8220; alt=&#8220;Dekobild_Radnabengetriebe&#8220; _builder_version=&#8220;4.21.0&#8243; _module_preset=&#8220;default&#8220; header_font=&#8220;||||||||&#8220; header_text_color=&#8220;#353B40&#8243; header_font_size=&#8220;20px&#8220; body_font=&#8220;|600|||||||&#8220; body_text_color=&#8220;#000000&#8243; body_font_size=&#8220;18px&#8220; background_color=&#8220;#E6E9EB&#8220; text_orientation=&#8220;center&#8220; width=&#8220;400px&#8220; width_tablet=&#8220;400px&#8220; width_phone=&#8220;300px&#8220; width_last_edited=&#8220;on|tablet&#8220; module_alignment=&#8220;center&#8220; custom_padding=&#8220;||10px||false|false&#8220; link_option_url=&#8220;https:\/\/loesi.de\/hydraulik-produkte\/hydraulik-getriebe\/hydraulik-planetengetriebe\/radnabengetriebe\/&#8220; border_width_all=&#8220;1px&#8220; border_color_all=&#8220;#353B40&#8243; border_color_all_image=&#8220;#353B40&#8243; border_width_bottom_image=&#8220;1px&#8220; global_colors_info=&#8220;{}&#8220;]<\/p>\n<p><span style=\"color: #000000;\"><strong>Radnabengetriebe<\/strong><\/span><\/p>\n<p>[\/et_pb_blurb][\/et_pb_column][\/et_pb_row][\/et_pb_section][et_pb_section fb_built=&#8220;1&#8243; _builder_version=&#8220;4.21.0&#8243; _module_preset=&#8220;default&#8220; locked=&#8220;off&#8220; global_colors_info=&#8220;{}&#8220;][et_pb_row column_structure=&#8220;1_3,1_3,1_3&#8243; _builder_version=&#8220;4.21.0&#8243; _module_preset=&#8220;default&#8220; custom_margin=&#8220;|auto|100px|auto|false|false&#8220; custom_padding=&#8220;0px||0px|||&#8220; locked=&#8220;off&#8220; global_colors_info=&#8220;{}&#8220;][et_pb_column type=&#8220;1_3&#8243; _builder_version=&#8220;4.21.0&#8243; _module_preset=&#8220;default&#8220; global_colors_info=&#8220;{}&#8220;][et_pb_blurb use_icon=&#8220;on&#8220; font_icon=&#8220;&#xf085;||fa||900&#8243; icon_color=&#8220;#00aeef&#8220; _builder_version=&#8220;4.21.0&#8243; _module_preset=&#8220;default&#8220; header_text_align=&#8220;center&#8220; header_text_color=&#8220;#FFFFFF&#8220; body_font=&#8220;Montserrat|900|||||||&#8220; body_text_align=&#8220;center&#8220; body_text_color=&#8220;#FFFFFF&#8220; body_font_size=&#8220;21px&#8220; body_line_height=&#8220;0.2em&#8220; background_color=&#8220;#353b40&#8243; custom_margin=&#8220;0px||-4px||false|false&#8220; custom_padding=&#8220;35px||9px||false|false&#8220; global_colors_info=&#8220;{}&#8220;]<\/p>\n<p>HYDRAULIK<\/p>\n<p>ERSATZTEILE<\/p>\n<p>&nbsp;<\/p>\n<p>[\/et_pb_blurb][et_pb_text _builder_version=&#8220;4.21.0&#8243; _module_preset=&#8220;default&#8220; text_font=&#8220;Montserrat||||||||&#8220; text_text_color=&#8220;#FFFFFF&#8220; text_font_size=&#8220;12px&#8220; text_line_height=&#8220;0.4em&#8220; background_color=&#8220;#353b40&#8243; custom_margin=&#8220;-1px||-22px|||&#8220; custom_padding=&#8220;||58px|||&#8220; global_colors_info=&#8220;{}&#8220;]<\/p>\n<p style=\"text-align: center;\">UMFASSENDE AUSWAHL &#8211;<\/p>\n<p style=\"text-align: center;\">ERSTKLASSIGE VERF\u00dcGBARKEIT<\/p>\n<p>[\/et_pb_text][et_pb_button button_url=&#8220;https:\/\/loesi.de\/hydraulik-service\/hydraulik-ersatzteile\/&#8220; button_text=&#8220;ERFAHREN SIE MEHR&#8220; button_alignment=&#8220;center&#8220; _builder_version=&#8220;4.21.0&#8243; _module_preset=&#8220;default&#8220; custom_button=&#8220;on&#8220; button_text_size=&#8220;12px&#8220; button_text_color=&#8220;#ffffff&#8220; button_bg_color=&#8220;#00aeef&#8220; button_border_width=&#8220;2px&#8220; button_border_color=&#8220;#00aeef&#8220; button_border_radius=&#8220;0px&#8220; button_font=&#8220;Montserrat||||||||&#8220; background_layout=&#8220;dark&#8220; custom_margin=&#8220;4px|||||&#8220; global_colors_info=&#8220;{}&#8220;][\/et_pb_button][\/et_pb_column][et_pb_column type=&#8220;1_3&#8243; _builder_version=&#8220;4.21.0&#8243; _module_preset=&#8220;default&#8220; global_colors_info=&#8220;{}&#8220;][et_pb_blurb use_icon=&#8220;on&#8220; font_icon=&#8220;&#xe037;||divi||400&#8243; icon_color=&#8220;#00aeef&#8220; _builder_version=&#8220;4.21.0&#8243; _module_preset=&#8220;default&#8220; header_text_align=&#8220;center&#8220; header_text_color=&#8220;#FFFFFF&#8220; body_font=&#8220;Montserrat|900|||||||&#8220; body_text_align=&#8220;center&#8220; body_text_color=&#8220;#FFFFFF&#8220; body_font_size=&#8220;21px&#8220; body_line_height=&#8220;0.2em&#8220; background_color=&#8220;#353b40&#8243; custom_margin=&#8220;||-4px|||&#8220; custom_padding=&#8220;35px||9px||false|false&#8220; global_colors_info=&#8220;{}&#8220;]<\/p>\n<p>HYDRAULIK<\/p>\n<p>ZUBEH\u00d6R<\/p>\n<p>&nbsp;<\/p>\n<p>[\/et_pb_blurb][et_pb_text _builder_version=&#8220;4.21.0&#8243; _module_preset=&#8220;default&#8220; text_font=&#8220;Montserrat||||||||&#8220; text_text_color=&#8220;#FFFFFF&#8220; text_font_size=&#8220;12px&#8220; text_line_height=&#8220;0.4em&#8220; background_color=&#8220;#353b40&#8243; custom_margin=&#8220;-1px||-22px|||&#8220; custom_padding=&#8220;||58px|||&#8220; global_colors_info=&#8220;{}&#8220;]<\/p>\n<p style=\"text-align: center;\">UMFASSENDE AUSWAHL &#8211;<\/p>\n<p style=\"text-align: center;\">ERSTKLASSIGE VERF\u00dcGBARKEIT<\/p>\n<p>[\/et_pb_text][et_pb_button button_url=&#8220;https:\/\/loesi.de\/hydraulik-service\/hydraulikzubehoer\/&#8220; button_text=&#8220;ERFAHREN SIE MEHR&#8220; button_alignment=&#8220;center&#8220; _builder_version=&#8220;4.21.0&#8243; _module_preset=&#8220;default&#8220; custom_button=&#8220;on&#8220; button_text_size=&#8220;12px&#8220; button_text_color=&#8220;#ffffff&#8220; button_bg_color=&#8220;#00aeef&#8220; button_border_width=&#8220;2px&#8220; button_border_color=&#8220;#00aeef&#8220; button_border_radius=&#8220;0px&#8220; button_font=&#8220;Montserrat||||||||&#8220; background_layout=&#8220;dark&#8220; custom_margin=&#8220;4px|||||&#8220; global_colors_info=&#8220;{}&#8220;][\/et_pb_button][\/et_pb_column][et_pb_column type=&#8220;1_3&#8243; _builder_version=&#8220;4.21.0&#8243; _module_preset=&#8220;default&#8220; global_colors_info=&#8220;{}&#8220;][et_pb_blurb use_icon=&#8220;on&#8220; font_icon=&#8220;&#xe015;||divi||400&#8243; icon_color=&#8220;#00aeef&#8220; _builder_version=&#8220;4.21.0&#8243; _module_preset=&#8220;default&#8220; header_text_align=&#8220;center&#8220; header_text_color=&#8220;#FFFFFF&#8220; body_font=&#8220;Montserrat|900|||||||&#8220; body_text_align=&#8220;center&#8220; body_text_color=&#8220;#FFFFFF&#8220; body_font_size=&#8220;21px&#8220; body_line_height=&#8220;0.2em&#8220; background_color=&#8220;#353b40&#8243; custom_margin=&#8220;||-4px|||&#8220; custom_padding=&#8220;35px||9px||false|false&#8220; global_colors_info=&#8220;{}&#8220;]<\/p>\n<p>DER L\u00d6SI<\/p>\n<p>HYDRAULIK-SHOP<\/p>\n<p>&nbsp;<\/p>\n<p>[\/et_pb_blurb][et_pb_text _builder_version=&#8220;4.21.0&#8243; _module_preset=&#8220;default&#8220; text_font=&#8220;Montserrat||||||||&#8220; text_text_color=&#8220;#FFFFFF&#8220; text_font_size=&#8220;12px&#8220; text_line_height=&#8220;0.4em&#8220; background_color=&#8220;#353b40&#8243; custom_margin=&#8220;-1px||-22px|||&#8220; custom_padding=&#8220;||58px|||&#8220; hover_enabled=&#8220;0&#8243; global_colors_info=&#8220;{}&#8220; sticky_enabled=&#8220;0&#8243;]<\/p>\n<p style=\"text-align: center;\">UMFASSENDE AUSWAHL &#8211;<\/p>\n<p style=\"text-align: center;\">ERSTKLASSIGE VERF\u00dcGBARKEIT<\/p>\n<p>[\/et_pb_text][et_pb_button button_url=&#8220;https:\/\/loesi.de\/shop\/de\/&#8220; button_text=&#8220;JETZT ONLINE EINKAUFEN&#8220; button_alignment=&#8220;center&#8220; _builder_version=&#8220;4.27.0&#8243; _module_preset=&#8220;default&#8220; custom_button=&#8220;on&#8220; button_text_size=&#8220;12px&#8220; button_text_color=&#8220;#ffffff&#8220; button_bg_color=&#8220;#f19d38&#8243; button_border_width=&#8220;2px&#8220; button_border_color=&#8220;#f19d38&#8243; button_border_radius=&#8220;0px&#8220; button_font=&#8220;Montserrat||||||||&#8220; background_layout=&#8220;dark&#8220; custom_margin=&#8220;4px|||||&#8220; hover_enabled=&#8220;0&#8243; global_colors_info=&#8220;{}&#8220; sticky_enabled=&#8220;0&#8243;][\/et_pb_button][\/et_pb_column][\/et_pb_row][et_pb_row _builder_version=&#8220;4.21.0&#8243; _module_preset=&#8220;default&#8220; custom_margin=&#8220;|auto||auto|false|false&#8220; custom_padding=&#8220;||15px|||&#8220; global_colors_info=&#8220;{}&#8220;][et_pb_column type=&#8220;4_4&#8243; _builder_version=&#8220;4.21.0&#8243; _module_preset=&#8220;default&#8220; global_colors_info=&#8220;{}&#8220;][et_pb_text _builder_version=&#8220;4.21.0&#8243; _module_preset=&#8220;default&#8220; text_font=&#8220;Montserrat||||||||&#8220; text_font_size=&#8220;22px&#8220; header_2_font_size=&#8220;30px&#8220; text_orientation=&#8220;center&#8220; custom_margin=&#8220;30px||2px||false|false&#8220; custom_padding=&#8220;|5px|30px|5px|false|true&#8220; global_colors_info=&#8220;{}&#8220;]<\/p>\n<p class=\"\u201ch2\u201c\"><span style=\"color: #353b40;\">Haben Sie fragen zu Unseren Produkten?<\/span><\/p>\n<p class=\"\u201ch2\u201c\"><span style=\"color: #00aeef;\"><sup>F\u00fcr unsere L\u00d6SI-Produkte bieten wir Ihnen umfangreichen <strong>kostenlosten Support<\/strong><\/sup><\/span><strong><span style=\"font-size: 18px;\"><\/span><\/strong><\/p>\n<p>[\/et_pb_text][et_pb_text _builder_version=&#8220;4.23.1&#8243; _module_preset=&#8220;default&#8220; text_font=&#8220;Montserrat||||||||&#8220; header_2_font_size=&#8220;30px&#8220; text_orientation=&#8220;center&#8220; custom_margin=&#8220;||2px||false|false&#8220; custom_padding=&#8220;||40px||false|false&#8220; global_colors_info=&#8220;{}&#8220;]<\/p>\n<div class=\"ce_text col-sm-8 first block\">\n<div class=\"ce_text col-sm-8 first block\">\n<div class=\"ce_text defspace first block cta-box\">\n<p><span style=\"color: #353b40;\">Nutzen Sie die M\u00f6glichkeit der Chatfunktion unten links, oder klicken Sie jetzt auf \u201cJETZT ANFRAGEN\u201c, um einen R\u00fcckruf zu erhalten, uns eine Nachricht zu hinterlassen oder unsere kostenfreie Hotline zu erreichen. Wir helfen Ihnen gerne.<\/span><\/p>\n<\/div>\n<\/div>\n<\/div>\n<p>[\/et_pb_text][et_pb_button button_url=&#8220;https:\/\/loesi.de\/kontakt\/&#8220; button_text=&#8220;JETZT ANFRAGEN&#8220; button_alignment=&#8220;center&#8220; _builder_version=&#8220;4.21.0&#8243; _module_preset=&#8220;default&#8220; custom_button=&#8220;on&#8220; button_text_size=&#8220;12px&#8220; button_text_color=&#8220;#FFFFFF&#8220; button_bg_color=&#8220;#00AEEF&#8220; button_border_width=&#8220;2px&#8220; button_border_color=&#8220;#00AEEF&#8220; button_border_radius=&#8220;0px&#8220; button_font=&#8220;Montserrat||||||||&#8220; background_layout=&#8220;dark&#8220; custom_margin=&#8220;4px|||||&#8220; locked=&#8220;off&#8220; global_colors_info=&#8220;{}&#8220; button_bg_color__hover_enabled=&#8220;on|hover&#8220; button_bg_color__hover=&#8220;#353B40&#8243; button_bg_enable_color__hover=&#8220;on&#8220; button_border_color__hover_enabled=&#8220;on|hover&#8220; button_border_color__hover=&#8220;#353B40&#8243;][\/et_pb_button][\/et_pb_column][\/et_pb_row][\/et_pb_section]<\/p>\n","protected":false},"excerpt":{"rendered":"<p><div class=\"et_pb_module lwp_divi_breadcrumbs lwp_divi_breadcrumbs_0\">\n\t\t\t\t\n\t\t\t\t\n\t\t\t\t\n\t\t\t\t\n\t\t\t\t\n\t\t\t\t\n\t\t\t\t<div class=\"et_pb_module_inner\">\n\t\t\t\t\t<div class=\"lwp-breadcrumbs\"> <span class=\"before\"><\/span> <span vocab=\"https:\/\/schema.org\/\" typeof=\"BreadcrumbList\"><span property=\"itemListElement\" typeof=\"ListItem\"><a property=\"item\" typeof=\"WebPage\" href=\"https:\/\/loesi.de\/de\/\" class=\"home\"><span property=\"name\">Startseite<\/span><\/a><meta property=\"position\" content=\"1\"><\/span> <span class=\"separator et-pb-icon\">&#x39;<\/span> <\/span><\/div>\n\t\t\t\t<\/div>\n\t\t\t<\/div> Hydraulik Planetengetriebe Wir sind langj\u00e4hriger Partner von Reggiana Riduttori, einem Hersteller von Planetengetrieben aus Italien.\u00a0 Planetengetriebe sind ein wesentlicher Bestandteil in der hydraulischen Antriebstechnik. Sie zeichnen sich durch ihre kompakte Bauweise und hohe Leistungsdichte aus, was sie ideal f\u00fcr Anwendungen macht, bei denen Platz [&hellip;]<\/p>\n","protected":false},"author":1,"featured_media":0,"parent":66282,"menu_order":0,"comment_status":"closed","ping_status":"closed","template":"","meta":{"_et_pb_use_builder":"on","_et_pb_old_content":"","_et_gb_content_width":"","footnotes":""},"class_list":["post-67457","page","type-page","status-publish","hentry"],"_links":{"self":[{"href":"https:\/\/loesi.de\/de\/wp-json\/wp\/v2\/pages\/67457","targetHints":{"allow":["GET"]}}],"collection":[{"href":"https:\/\/loesi.de\/de\/wp-json\/wp\/v2\/pages"}],"about":[{"href":"https:\/\/loesi.de\/de\/wp-json\/wp\/v2\/types\/page"}],"author":[{"embeddable":true,"href":"https:\/\/loesi.de\/de\/wp-json\/wp\/v2\/users\/1"}],"replies":[{"embeddable":true,"href":"https:\/\/loesi.de\/de\/wp-json\/wp\/v2\/comments?post=67457"}],"version-history":[{"count":31,"href":"https:\/\/loesi.de\/de\/wp-json\/wp\/v2\/pages\/67457\/revisions"}],"predecessor-version":[{"id":80188,"href":"https:\/\/loesi.de\/de\/wp-json\/wp\/v2\/pages\/67457\/revisions\/80188"}],"up":[{"embeddable":true,"href":"https:\/\/loesi.de\/de\/wp-json\/wp\/v2\/pages\/66282"}],"wp:attachment":[{"href":"https:\/\/loesi.de\/de\/wp-json\/wp\/v2\/media?parent=67457"}],"curies":[{"name":"wp","href":"https:\/\/api.w.org\/{rel}","templated":true}]}}