{"id":67514,"date":"2023-06-12T10:31:07","date_gmt":"2023-06-12T08:31:07","guid":{"rendered":"https:\/\/neu.loesi.de\/?page_id=67514"},"modified":"2024-09-12T04:00:14","modified_gmt":"2024-09-12T02:00:14","slug":"zylinder","status":"publish","type":"page","link":"https:\/\/loesi.de\/de\/hydraulik-produkte\/hydraulikzylinder\/zylinder\/","title":{"rendered":"Zylinder"},"content":{"rendered":"<p>[et_pb_section fb_built=&#8220;1&#8243; _builder_version=&#8220;4.21.0&#8243; _module_preset=&#8220;default&#8220; collapsed=&#8220;off&#8220; global_colors_info=&#8220;{}&#8220;][et_pb_row disabled_on=&#8220;on|off|off&#8220; _builder_version=&#8220;4.21.0&#8243; _module_preset=&#8220;default&#8220; custom_margin=&#8220;-50px||50px||false|false&#8220; locked=&#8220;off&#8220; global_colors_info=&#8220;{}&#8220;][et_pb_column type=&#8220;4_4&#8243; _builder_version=&#8220;4.21.0&#8243; _module_preset=&#8220;default&#8220; global_colors_info=&#8220;{}&#8220;][lwp_divi_breadcrumbs home_text=&#8220;Startseite&#8220; use_before_icon=&#8220;off&#8220; link_color=&#8220;#00AEEF&#8220; current_text_color=&#8220;#353B40&#8243; _builder_version=&#8220;4.21.0&#8243; _module_preset=&#8220;default&#8220; module_font=&#8220;Montserrat||||||||&#8220; module_font_size=&#8220;26px&#8220; custom_margin=&#8220;50px||||false|false&#8220; custom_padding=&#8220;||||false|false&#8220; global_colors_info=&#8220;{}&#8220;][\/lwp_divi_breadcrumbs][\/et_pb_column][\/et_pb_row][et_pb_row _builder_version=&#8220;4.21.0&#8243; _module_preset=&#8220;default&#8220; custom_padding=&#8220;||15px|||&#8220; locked=&#8220;off&#8220; global_colors_info=&#8220;{}&#8220;][et_pb_column type=&#8220;4_4&#8243; _builder_version=&#8220;4.21.0&#8243; _module_preset=&#8220;default&#8220; global_colors_info=&#8220;{}&#8220;][et_pb_text content_tablet=&#8220;<\/p>\n<div class=%22ce_text col-sm-8 first block%22>\n<div class=%22ce_text col-sm-8 first block%22>\n<div class=%22ce_text m-b-40 first block%22>\n<p>Hydraulik<\/p>\n<h1>Zylinder<\/h1>\n<\/div>\n<\/div>\n<\/div>\n<p>&#8220; content_phone=&#8220;<\/p>\n<div class=%22ce_text col-sm-8 first block%22>\n<p>Doppelt wirkende <\/p>\n<h1>Hydraulik Zylinder<\/h1>\n<\/div>\n<p>&#8220; content_last_edited=&#8220;on|phone&#8220; _builder_version=&#8220;4.21.0&#8243; _module_preset=&#8220;default&#8220; text_font=&#8220;Montserrat|800||on|||||&#8220; text_text_color=&#8220;#000000&#8243; text_font_size=&#8220;55px&#8220; text_line_height=&#8220;1em&#8220; header_font=&#8220;Montserrat|900||on|||||&#8220; header_text_align=&#8220;center&#8220; header_text_color=&#8220;#00AEEF&#8220; header_font_size=&#8220;55px&#8220; header_2_font_size=&#8220;30px&#8220; text_orientation=&#8220;center&#8220; custom_margin=&#8220;||-47px|||&#8220; text_text_color_tablet=&#8220;#000000&#8243; text_text_color_phone=&#8220;#000000&#8243; text_text_color_last_edited=&#8220;on|phone&#8220; text_font_size_tablet=&#8220;55px&#8220; text_font_size_phone=&#8220;35px&#8220; text_font_size_last_edited=&#8220;on|phone&#8220; header_font_size_tablet=&#8220;55px&#8220; header_font_size_phone=&#8220;35px&#8220; header_font_size_last_edited=&#8220;on|phone&#8220; global_colors_info=&#8220;{}&#8220;]<\/p>\n<div class=\"ce_text col-sm-8 first block\">\n<div class=\"ce_text col-sm-8 first block\">\n<div class=\"ce_text m-b-40 first block\">\n<h1>Doppelt wirkende HydraulikZylinder<\/h1>\n<\/div>\n<\/div>\n<\/div>\n<p>[\/et_pb_text][\/et_pb_column][\/et_pb_row][et_pb_row _builder_version=&#8220;4.21.0&#8243; _module_preset=&#8220;default&#8220; custom_margin=&#8220;||||false|false&#8220; custom_padding=&#8220;||||false|false&#8220; global_colors_info=&#8220;{}&#8220;][et_pb_column type=&#8220;4_4&#8243; _builder_version=&#8220;4.21.0&#8243; _module_preset=&#8220;default&#8220; global_colors_info=&#8220;{}&#8220;][et_pb_image src=&#8220;https:\/\/loesi.de\/wp-content\/uploads\/2023\/05\/Hydraulikzylinder_loesi_hydraulik_zylinder_kaufen-16b7935c.jpg&#8220; alt=&#8220;Dekobild_Hydraulik-Zylinder&#8220; title_text=&#8220;Hydraulikzylinder_loesi_hydraulik_zylinder_kaufen-16b7935c&#8220; align=&#8220;center&#8220; _builder_version=&#8220;4.21.0&#8243; _module_preset=&#8220;default&#8220; background_color=&#8220;RGBA(255,255,255,0)&#8220; custom_margin=&#8220;50px||||false|false&#8220; global_colors_info=&#8220;{}&#8220;][\/et_pb_image][\/et_pb_column][\/et_pb_row][et_pb_row _builder_version=&#8220;4.21.0&#8243; _module_preset=&#8220;default&#8220; custom_margin=&#8220;||||false|false&#8220; custom_padding=&#8220;||||false|false&#8220; global_colors_info=&#8220;{}&#8220;][et_pb_column type=&#8220;4_4&#8243; _builder_version=&#8220;4.21.0&#8243; _module_preset=&#8220;default&#8220; global_colors_info=&#8220;{}&#8220;][et_pb_text _builder_version=&#8220;4.21.0&#8243; _module_preset=&#8220;default&#8220; text_font=&#8220;Montserrat|800|||||||&#8220; text_text_color=&#8220;#FFFFFF&#8220; text_font_size=&#8220;26px&#8220; background_color=&#8220;#00AEEF&#8220; custom_margin=&#8220;||0px||false|false&#8220; custom_padding=&#8220;10px|10px|10px|10px|false|false&#8220; text_font_size_tablet=&#8220;26px&#8220; text_font_size_phone=&#8220;19px&#8220; text_font_size_last_edited=&#8220;on|phone&#8220; global_colors_info=&#8220;{}&#8220;]<\/p>\n<p>Produkteigenschaften<\/p>\n<p>[\/et_pb_text][et_pb_text ul_type=&#8220;circle&#8220; ul_item_indent=&#8220;1px&#8220; content_tablet=&#8220;<\/p>\n<ul>\n<li style=%22background-color: #fcfcfc;%22>Standardzylinder\n<\/li>\n<li style=%22background-color: #e1e1e1;%22>Sonderzylinder\n<\/li>\n<li style=%22background-color: #fcfcfc;%22>Teleskopzylinder<\/sub><\/li>\n<li style=%22background-color: #e1e1e1;%22>Verschiedene Ausf\u00fchrungen und Gr\u00f6\u00dfen\n<\/li>\n<\/ul>\n<p>&#8220; content_phone=&#8220;<\/p>\n<ul>\n<li style=%22background-color: #fcfcfc;%22>Standardzylinder\n<\/li>\n<li style=%22background-color: #e1e1e1;%22>Sonderzylinder\n<\/li>\n<li style=%22background-color: #fcfcfc;%22>Teleskopzylinder<\/sub><\/li>\n<li style=%22background-color: #e1e1e1;%22>Verschiedene Ausf\u00fchrungen und Gr\u00f6\u00dfen\n<\/li>\n<\/ul>\n<p>&#8220; content_last_edited=&#8220;on|phone&#8220; _builder_version=&#8220;4.21.0&#8243; _module_preset=&#8220;default&#8220; text_font=&#8220;Montserrat||||||||&#8220; text_text_color=&#8220;#353B40&#8243; text_font_size=&#8220;17px&#8220; text_line_height=&#8220;1.5em&#8220; ul_font=&#8220;Montserrat||||||||&#8220; ul_text_align=&#8220;left&#8220; ul_text_color=&#8220;#353B40&#8243; ul_line_height=&#8220;1.9em&#8220; background_color=&#8220;RGBA(255,255,255,0)&#8220; custom_margin=&#8220;||47px||false|false&#8220; custom_padding=&#8220;||||false|false&#8220; global_colors_info=&#8220;{}&#8220;]<\/p>\n<ul>\n<li style=\"background-color: #e6e9eb;\">Mit Schwenk- oder Gelenkauge<\/li>\n<li>Hub bis 1000 mm<\/li>\n<li style=\"background-color: #e6e9eb;\">Max. Kolben \u00d8: 120 mm<\/li>\n<li>Max. Betriebsdruck: 200 bar<\/li>\n<li style=\"background-color: #e6e9eb;\">Max. Hubgeschwindigkeit: 0,5 m\/s<\/li>\n<\/ul>\n<p>[\/et_pb_text][et_pb_button button_url=&#8220;https:\/\/loesi.de\/kontakt\/&#8220; button_text=&#8220;JETZT ANFRAGEN&#8220; button_alignment=&#8220;center&#8220; _builder_version=&#8220;4.21.0&#8243; _module_preset=&#8220;default&#8220; custom_button=&#8220;on&#8220; button_text_size=&#8220;12px&#8220; button_text_color=&#8220;#FFFFFF&#8220; button_bg_color=&#8220;#00AEEF&#8220; button_border_width=&#8220;2px&#8220; button_border_color=&#8220;#00AEEF&#8220; button_border_radius=&#8220;0px&#8220; button_font=&#8220;Montserrat||||||||&#8220; background_layout=&#8220;dark&#8220; custom_margin=&#8220;4px|||||&#8220; locked=&#8220;off&#8220; global_colors_info=&#8220;{}&#8220; button_bg_color__hover_enabled=&#8220;on|hover&#8220; button_bg_color__hover=&#8220;#353B40&#8243; button_bg_enable_color__hover=&#8220;on&#8220; button_border_color__hover_enabled=&#8220;on|hover&#8220; button_border_color__hover=&#8220;#353B40&#8243;][\/et_pb_button][\/et_pb_column][\/et_pb_row][\/et_pb_section][et_pb_section fb_built=&#8220;1&#8243; _builder_version=&#8220;4.21.0&#8243; background_color=&#8220;#E6E9EB&#8220; min_height=&#8220;472.1px&#8220; custom_margin=&#8220;||-79px|||&#8220; custom_padding=&#8220;74px||187px||false|false&#8220; global_colors_info=&#8220;{}&#8220;][et_pb_row _builder_version=&#8220;4.21.0&#8243; _module_preset=&#8220;default&#8220; custom_margin=&#8220;-15px|auto|-11px|auto||&#8220; custom_padding=&#8220;28px||6px|||&#8220; locked=&#8220;off&#8220; global_colors_info=&#8220;{}&#8220;][et_pb_column type=&#8220;4_4&#8243; _builder_version=&#8220;4.21.0&#8243; _module_preset=&#8220;default&#8220; global_colors_info=&#8220;{}&#8220;][et_pb_text _builder_version=&#8220;4.21.0&#8243; _module_preset=&#8220;default&#8220; text_font=&#8220;Montserrat|800|||||||&#8220; text_text_color=&#8220;#353B40&#8243; text_font_size=&#8220;35px&#8220; header_2_font_size=&#8220;30px&#8220; text_orientation=&#8220;center&#8220; custom_margin=&#8220;||2px||false|false&#8220; custom_padding=&#8220;|45px|30px|45px|false|true&#8220; text_font_size_tablet=&#8220;35px&#8220; text_font_size_phone=&#8220;18px&#8220; text_font_size_last_edited=&#8220;on|tablet&#8220; locked=&#8220;off&#8220; global_colors_info=&#8220;{}&#8220;]<\/p>\n<div class=\"ce_text col-sm-8 first block\">\n<div class=\"ce_text col-sm-8 first block\">\n<div class=\"ce_text defspace first block cta-box\">\n<p class=\"\u201ch2\u201c\">INFORMATIONEN<\/p>\n<\/div>\n<\/div>\n<\/div>\n<p>[\/et_pb_text][et_pb_text _builder_version=&#8220;4.21.0&#8243; _module_preset=&#8220;default&#8220; text_font=&#8220;Montserrat||||||||&#8220; text_text_color=&#8220;#353B40&#8243; link_text_color=&#8220;gcid-529388bf-9257-4d3f-a8ed-2bd2adacb078&#8243; text_orientation=&#8220;center&#8220; custom_margin=&#8220;6px||||false|false&#8220; custom_padding=&#8220;||14px|||&#8220; global_colors_info=&#8220;{%22gcid-529388bf-9257-4d3f-a8ed-2bd2adacb078%22:%91%22link_text_color%22%93,%22gcid-a095e14d-2ba1-4c98-8f78-c76c2f0807d8%22:%91%22link_text_color__hover%22%93}&#8220; link_text_color__hover=&#8220;#f19d38&#8243; link_text_color__hover_enabled=&#8220;on|hover&#8220;]<\/p>\n<p>1. Die CAD-Daten werden als zip-Datei zur Verf\u00fcgung gestellt. Im Archiv befinden sich sowohl e-Drawings als auch STEP Dateien.<br \/>Zur Ansicht der easm Daten ben\u00f6tigen Sie den <a href=\"https:\/\/www.edrawingsviewer.com\/\" target=\"_blank\" rel=\"noopener\">e-Drawings Viewer<\/a>, f\u00fcr die STEP Dateien ein geeignetes CAD-System.<\/p>\n<ul>\n<li style=\"list-style-type: none;\">2. Diese Daten werden in einem sog. PDF-Dokument bereitgestellt. Zur Anzeige dieser PDF-Dokumente ben\u00f6tigen Sie einen PDF-Reader.<\/li>\n<\/ul>\n<ul>\n<li style=\"list-style-type: none;\">3. Eine solche Software k\u00f6nnen Sie hier kostenlos herunterladen: <a href=\"https:\/\/get.adobe.com\/de\/reader\/\" style=\"font-size: 16px;\" target=\"_blank\" rel=\"noopener\">Adobe Acrobat Reader<\/a><\/li>\n<\/ul>\n<p>&nbsp;<\/p>\n<p>[\/et_pb_text][\/et_pb_column][\/et_pb_row][\/et_pb_section][et_pb_section fb_built=&#8220;1&#8243; _builder_version=&#8220;4.21.0&#8243; _module_preset=&#8220;default&#8220; custom_margin=&#8220;194px|||||&#8220; custom_padding=&#8220;||12px|||&#8220; locked=&#8220;off&#8220; global_colors_info=&#8220;{}&#8220;][et_pb_row column_structure=&#8220;1_3,1_3,1_3&#8243; _builder_version=&#8220;4.21.0&#8243; _module_preset=&#8220;default&#8220; custom_margin=&#8220;-260px|auto|100px|auto|false|false&#8220; custom_padding=&#8220;0px||0px|||&#8220; locked=&#8220;off&#8220; global_colors_info=&#8220;{}&#8220;][et_pb_column type=&#8220;1_3&#8243; _builder_version=&#8220;4.21.0&#8243; _module_preset=&#8220;default&#8220; global_colors_info=&#8220;{}&#8220;][et_pb_blurb use_icon=&#8220;on&#8220; font_icon=&#8220;&#xf085;||fa||900&#8243; icon_color=&#8220;#00aeef&#8220; _builder_version=&#8220;4.21.0&#8243; _module_preset=&#8220;default&#8220; header_text_align=&#8220;center&#8220; header_text_color=&#8220;#FFFFFF&#8220; body_font=&#8220;Montserrat|900|||||||&#8220; body_text_align=&#8220;center&#8220; body_text_color=&#8220;#FFFFFF&#8220; body_font_size=&#8220;21px&#8220; body_line_height=&#8220;0.2em&#8220; background_color=&#8220;#353b40&#8243; custom_margin=&#8220;0px||-4px||false|false&#8220; custom_padding=&#8220;35px||9px||false|false&#8220; global_colors_info=&#8220;{}&#8220;]<\/p>\n<p>HYDRAULIK<\/p>\n<p>ERSATZTEILE<\/p>\n<p>&nbsp;<\/p>\n<p>[\/et_pb_blurb][et_pb_text _builder_version=&#8220;4.21.0&#8243; _module_preset=&#8220;default&#8220; text_font=&#8220;Montserrat||||||||&#8220; text_text_color=&#8220;#FFFFFF&#8220; text_font_size=&#8220;12px&#8220; text_line_height=&#8220;0.4em&#8220; background_color=&#8220;#353b40&#8243; custom_margin=&#8220;-1px||-22px|||&#8220; custom_padding=&#8220;||58px|||&#8220; global_colors_info=&#8220;{}&#8220;]<\/p>\n<p style=\"text-align: center;\">UMFASSENDE AUSWAHL &#8211;<\/p>\n<p style=\"text-align: center;\">ERSTKLASSIGE VERF\u00dcGBARKEIT<\/p>\n<p>[\/et_pb_text][et_pb_button button_url=&#8220;https:\/\/loesi.de\/hydraulik-service\/hydraulik-ersatzteile\/&#8220; button_text=&#8220;ERFAHREN SIE MEHR&#8220; button_alignment=&#8220;center&#8220; _builder_version=&#8220;4.21.0&#8243; _module_preset=&#8220;default&#8220; custom_button=&#8220;on&#8220; button_text_size=&#8220;12px&#8220; button_text_color=&#8220;#ffffff&#8220; button_bg_color=&#8220;#00aeef&#8220; button_border_width=&#8220;2px&#8220; button_border_color=&#8220;#00aeef&#8220; button_border_radius=&#8220;0px&#8220; button_font=&#8220;Montserrat||||||||&#8220; background_layout=&#8220;dark&#8220; custom_margin=&#8220;4px|||||&#8220; global_colors_info=&#8220;{}&#8220;][\/et_pb_button][\/et_pb_column][et_pb_column type=&#8220;1_3&#8243; _builder_version=&#8220;4.21.0&#8243; _module_preset=&#8220;default&#8220; global_colors_info=&#8220;{}&#8220;][et_pb_blurb use_icon=&#8220;on&#8220; font_icon=&#8220;&#xe037;||divi||400&#8243; icon_color=&#8220;#00aeef&#8220; _builder_version=&#8220;4.21.0&#8243; _module_preset=&#8220;default&#8220; header_text_align=&#8220;center&#8220; header_text_color=&#8220;#FFFFFF&#8220; body_font=&#8220;Montserrat|900|||||||&#8220; body_text_align=&#8220;center&#8220; body_text_color=&#8220;#FFFFFF&#8220; body_font_size=&#8220;21px&#8220; body_line_height=&#8220;0.2em&#8220; background_color=&#8220;#353b40&#8243; custom_margin=&#8220;||-4px|||&#8220; custom_padding=&#8220;35px||9px||false|false&#8220; global_colors_info=&#8220;{}&#8220;]<\/p>\n<p>HYDRAULIK<\/p>\n<p>ZUBEH\u00d6R<\/p>\n<p>&nbsp;<\/p>\n<p>[\/et_pb_blurb][et_pb_text _builder_version=&#8220;4.21.0&#8243; _module_preset=&#8220;default&#8220; text_font=&#8220;Montserrat||||||||&#8220; text_text_color=&#8220;#FFFFFF&#8220; text_font_size=&#8220;12px&#8220; text_line_height=&#8220;0.4em&#8220; background_color=&#8220;#353b40&#8243; custom_margin=&#8220;-1px||-22px|||&#8220; custom_padding=&#8220;||58px|||&#8220; global_colors_info=&#8220;{}&#8220;]<\/p>\n<p style=\"text-align: center;\">UMFASSENDE AUSWAHL &#8211;<\/p>\n<p style=\"text-align: center;\">ERSTKLASSIGE VERF\u00dcGBARKEIT<\/p>\n<p>[\/et_pb_text][et_pb_button button_url=&#8220;https:\/\/loesi.de\/hydraulik-service\/hydraulikzubehoer\/&#8220; button_text=&#8220;ERFAHREN SIE MEHR&#8220; button_alignment=&#8220;center&#8220; _builder_version=&#8220;4.21.0&#8243; _module_preset=&#8220;default&#8220; custom_button=&#8220;on&#8220; button_text_size=&#8220;12px&#8220; button_text_color=&#8220;#ffffff&#8220; button_bg_color=&#8220;#00aeef&#8220; button_border_width=&#8220;2px&#8220; button_border_color=&#8220;#00aeef&#8220; button_border_radius=&#8220;0px&#8220; button_font=&#8220;Montserrat||||||||&#8220; background_layout=&#8220;dark&#8220; custom_margin=&#8220;4px|||||&#8220; global_colors_info=&#8220;{}&#8220;][\/et_pb_button][\/et_pb_column][et_pb_column type=&#8220;1_3&#8243; _builder_version=&#8220;4.21.0&#8243; _module_preset=&#8220;default&#8220; global_colors_info=&#8220;{}&#8220;][et_pb_blurb use_icon=&#8220;on&#8220; font_icon=&#8220;&#xe015;||divi||400&#8243; icon_color=&#8220;#00aeef&#8220; _builder_version=&#8220;4.21.0&#8243; _module_preset=&#8220;default&#8220; header_text_align=&#8220;center&#8220; header_text_color=&#8220;#FFFFFF&#8220; body_font=&#8220;Montserrat|900|||||||&#8220; body_text_align=&#8220;center&#8220; body_text_color=&#8220;#FFFFFF&#8220; body_font_size=&#8220;21px&#8220; body_line_height=&#8220;0.2em&#8220; background_color=&#8220;#353b40&#8243; custom_margin=&#8220;||-4px|||&#8220; custom_padding=&#8220;35px||9px||false|false&#8220; global_colors_info=&#8220;{}&#8220;]<\/p>\n<p>DER L\u00d6SI<\/p>\n<p>HYDRAULIK-SHOP<\/p>\n<p>&nbsp;<\/p>\n<p>[\/et_pb_blurb][et_pb_text _builder_version=&#8220;4.21.0&#8243; _module_preset=&#8220;default&#8220; text_font=&#8220;Montserrat||||||||&#8220; text_text_color=&#8220;#FFFFFF&#8220; text_font_size=&#8220;12px&#8220; text_line_height=&#8220;0.4em&#8220; background_color=&#8220;#353b40&#8243; custom_margin=&#8220;-1px||-22px|||&#8220; custom_padding=&#8220;||58px|||&#8220; global_colors_info=&#8220;{}&#8220;]<\/p>\n<p style=\"text-align: center;\">UMFASSENDE AUSWAHL &#8211;<\/p>\n<p style=\"text-align: center;\">ERSTKLASSIGE VERF\u00dcGBARKEIT<\/p>\n<p>[\/et_pb_text][et_pb_button button_url=&#8220;https:\/\/loesi.de\/shop&#8220; button_text=&#8220;JETZT ONLINE EINKAUFEN&#8220; button_alignment=&#8220;center&#8220; _builder_version=&#8220;4.27.0&#8243; _module_preset=&#8220;default&#8220; custom_button=&#8220;on&#8220; button_text_size=&#8220;12px&#8220; button_text_color=&#8220;#ffffff&#8220; button_bg_color=&#8220;#f19d38&#8243; button_border_width=&#8220;2px&#8220; button_border_color=&#8220;#f19d38&#8243; button_border_radius=&#8220;0px&#8220; button_font=&#8220;Montserrat||||||||&#8220; background_layout=&#8220;dark&#8220; custom_margin=&#8220;4px|||||&#8220; hover_enabled=&#8220;0&#8243; global_colors_info=&#8220;{}&#8220; sticky_enabled=&#8220;0&#8243;][\/et_pb_button][\/et_pb_column][\/et_pb_row][\/et_pb_section][et_pb_section fb_built=&#8220;1&#8243; custom_padding_last_edited=&#8220;off|desktop&#8220; _builder_version=&#8220;4.21.0&#8243; background_color=&#8220;#FFFFFF&#8220; custom_padding=&#8220;0px|0px|39px|0px|false|false&#8220; custom_padding_phone=&#8220;90px||150px||false&#8220; locked=&#8220;off&#8220; global_colors_info=&#8220;{}&#8220;][et_pb_row _builder_version=&#8220;4.21.0&#8243; _module_preset=&#8220;default&#8220; custom_margin=&#8220;|auto||auto|false|false&#8220; custom_padding=&#8220;||15px|||&#8220; global_colors_info=&#8220;{}&#8220;][et_pb_column type=&#8220;4_4&#8243; _builder_version=&#8220;4.21.0&#8243; _module_preset=&#8220;default&#8220; global_colors_info=&#8220;{}&#8220;][et_pb_text _builder_version=&#8220;4.21.0&#8243; _module_preset=&#8220;default&#8220; text_font=&#8220;Montserrat||||||||&#8220; text_font_size=&#8220;22px&#8220; header_2_font_size=&#8220;30px&#8220; text_orientation=&#8220;center&#8220; custom_margin=&#8220;30px||2px||false|false&#8220; custom_padding=&#8220;|5px|30px|5px|false|true&#8220; global_colors_info=&#8220;{}&#8220;]<\/p>\n<p class=\"\u201ch2\u201c\"><span style=\"color: #353b40;\">Haben Sie fragen zu Unseren Produkten?<\/span><\/p>\n<p class=\"\u201ch2\u201c\"><span style=\"color: #00aeef;\"><sup>F\u00fcr unsere L\u00d6SI-Produkte bieten wir Ihnen umfangreichen <strong>kostenlosten Support<\/strong><\/sup><\/span><strong><span style=\"font-size: 18px;\"><\/span><\/strong><\/p>\n<p>[\/et_pb_text][et_pb_text _builder_version=&#8220;4.21.0&#8243; _module_preset=&#8220;default&#8220; text_font=&#8220;Montserrat||||||||&#8220; header_2_font_size=&#8220;30px&#8220; text_orientation=&#8220;center&#8220; custom_margin=&#8220;||2px||false|false&#8220; custom_padding=&#8220;||40px||false|false&#8220; global_colors_info=&#8220;{}&#8220;]<\/p>\n<div class=\"ce_text col-sm-8 first block\">\n<div class=\"ce_text col-sm-8 first block\">\n<div class=\"ce_text defspace first block cta-box\">\n<p><span style=\"color: #353b40;\">Nutzen Sie die M\u00f6glichkeit der Chatfunktion unten rechts, oder klicken Sie jetzt auf \u201cJETZT ANFRAGEN\u201c, um einen R\u00fcckruf zu erhalten, uns eine Nachricht zu hinterlassen oder unsere kostenfreie Hotline zu erreichen. Wir helfen Ihnen gerne.<\/span><\/p>\n<\/div>\n<\/div>\n<\/div>\n<p>[\/et_pb_text][et_pb_button button_url=&#8220;https:\/\/loesi.de\/kontakt\/&#8220; button_text=&#8220;JETZT ANFRAGEN&#8220; button_alignment=&#8220;center&#8220; _builder_version=&#8220;4.21.0&#8243; _module_preset=&#8220;default&#8220; custom_button=&#8220;on&#8220; button_text_size=&#8220;12px&#8220; button_text_color=&#8220;#FFFFFF&#8220; button_bg_color=&#8220;#00AEEF&#8220; button_border_width=&#8220;2px&#8220; button_border_color=&#8220;#00AEEF&#8220; button_border_radius=&#8220;0px&#8220; button_font=&#8220;Montserrat||||||||&#8220; background_layout=&#8220;dark&#8220; custom_margin=&#8220;4px|||||&#8220; locked=&#8220;off&#8220; global_colors_info=&#8220;{}&#8220; button_bg_color__hover_enabled=&#8220;on|hover&#8220; button_bg_color__hover=&#8220;#353B40&#8243; button_bg_enable_color__hover=&#8220;on&#8220; button_border_color__hover_enabled=&#8220;on|hover&#8220; button_border_color__hover=&#8220;#353B40&#8243;][\/et_pb_button][\/et_pb_column][\/et_pb_row][\/et_pb_section]<\/p>\n","protected":false},"excerpt":{"rendered":"<p><div class=\"et_pb_module lwp_divi_breadcrumbs lwp_divi_breadcrumbs_0\">\n\t\t\t\t\n\t\t\t\t\n\t\t\t\t\n\t\t\t\t\n\t\t\t\t\n\t\t\t\t\n\t\t\t\t<div class=\"et_pb_module_inner\">\n\t\t\t\t\t<div class=\"lwp-breadcrumbs\"> <span class=\"before\"><\/span> <span vocab=\"https:\/\/schema.org\/\" typeof=\"BreadcrumbList\"><span property=\"itemListElement\" typeof=\"ListItem\"><a property=\"item\" typeof=\"WebPage\" href=\"https:\/\/loesi.de\/de\/\" class=\"home\"><span property=\"name\">Startseite<\/span><\/a><meta property=\"position\" content=\"1\"><\/span> <span class=\"separator et-pb-icon\">&#x39;<\/span> <\/span><\/div>\n\t\t\t\t<\/div>\n\t\t\t<\/div> Doppelt wirkende HydraulikZylinder Produkteigenschaften Mit Schwenk- oder Gelenkauge Hub bis 1000 mm Max. Kolben \u00d8: 120 mm Max. Betriebsdruck: 200 bar Max. Hubgeschwindigkeit: 0,5 m\/s INFORMATIONEN 1. Die CAD-Daten werden als zip-Datei zur Verf\u00fcgung gestellt. Im Archiv befinden sich sowohl e-Drawings als auch [&hellip;]<\/p>\n","protected":false},"author":1,"featured_media":0,"parent":66287,"menu_order":0,"comment_status":"closed","ping_status":"closed","template":"","meta":{"_et_pb_use_builder":"on","_et_pb_old_content":"","_et_gb_content_width":"","footnotes":""},"class_list":["post-67514","page","type-page","status-publish","hentry"],"_links":{"self":[{"href":"https:\/\/loesi.de\/de\/wp-json\/wp\/v2\/pages\/67514","targetHints":{"allow":["GET"]}}],"collection":[{"href":"https:\/\/loesi.de\/de\/wp-json\/wp\/v2\/pages"}],"about":[{"href":"https:\/\/loesi.de\/de\/wp-json\/wp\/v2\/types\/page"}],"author":[{"embeddable":true,"href":"https:\/\/loesi.de\/de\/wp-json\/wp\/v2\/users\/1"}],"replies":[{"embeddable":true,"href":"https:\/\/loesi.de\/de\/wp-json\/wp\/v2\/comments?post=67514"}],"version-history":[{"count":25,"href":"https:\/\/loesi.de\/de\/wp-json\/wp\/v2\/pages\/67514\/revisions"}],"predecessor-version":[{"id":80409,"href":"https:\/\/loesi.de\/de\/wp-json\/wp\/v2\/pages\/67514\/revisions\/80409"}],"up":[{"embeddable":true,"href":"https:\/\/loesi.de\/de\/wp-json\/wp\/v2\/pages\/66287"}],"wp:attachment":[{"href":"https:\/\/loesi.de\/de\/wp-json\/wp\/v2\/media?parent=67514"}],"curies":[{"name":"wp","href":"https:\/\/api.w.org\/{rel}","templated":true}]}}