{"id":69606,"date":"2023-05-26T16:09:41","date_gmt":"2023-05-26T14:09:41","guid":{"rendered":"https:\/\/neu.loesi.de\/contact\/"},"modified":"2025-08-16T15:03:23","modified_gmt":"2025-08-16T13:03:23","slug":"contact","status":"publish","type":"page","link":"https:\/\/loesi.de\/en\/contact\/","title":{"rendered":"Contact"},"content":{"rendered":"<p>[et_pb_section fb_built=&#8221;1&#8243; _builder_version=&#8221;4.21.0&#8243; _module_preset=&#8221;default&#8221; collapsed=&#8221;off&#8221; global_colors_info=&#8221;{}&#8221;][et_pb_row _builder_version=&#8221;4.21.0&#8243; _module_preset=&#8221;default&#8221; global_colors_info=&#8221;{}&#8221;][et_pb_column type=&#8221;4_4&#8243; _builder_version=&#8221;4.21.0&#8243; _module_preset=&#8221;default&#8221; global_colors_info=&#8221;{}&#8221;][et_pb_text _builder_version=&#8221;4.21.0&#8243; _module_preset=&#8221;default&#8221; text_font=&#8221;Montserrat|700|||||||&#8221; text_font_size=&#8221;30px&#8221; text_line_height=&#8221;1.1em&#8221; header_font=&#8221;Montserrat|900||on|||||&#8221; header_text_color=&#8221;#00AEEF&#8221; header_font_size=&#8221;70px&#8221; header_font_size_tablet=&#8221;70px&#8221; header_font_size_phone=&#8221;48px&#8221; header_font_size_last_edited=&#8221;on|phone&#8221; global_colors_info=&#8221;{}&#8221;]<\/p>\n<h1>Contact<\/h1>\n<p>Your message to us<\/p>\n<p>[\/et_pb_text][\/et_pb_column][\/et_pb_row][et_pb_row _builder_version=&#8221;4.24.2&#8243; _module_preset=&#8221;default&#8221; global_colors_info=&#8221;{}&#8221;][et_pb_column type=&#8221;4_4&#8243; _builder_version=&#8221;4.24.2&#8243; _module_preset=&#8221;default&#8221; global_colors_info=&#8221;{}&#8221;][et_pb_contact_form custom_message=&#8221;Company: %%Unternehmen%%||et_pb_line_break_holder||First name: %%Vorname%%||et_pb_line_break_holder||Name: %%Name%%||et_pb_line_break_holder||E-mail: %%Email%%||et_pb_line_break_holder||PLZ: %%Postleitzahl%% City: %%Ort%%||et_pb_line_break_holder||Country: %% Country%%||et_pb_line_break_holder||Interest: %%Interesse%%||et_pb_line_break_holder||||et_pb_line_break_holder||message:||et_pb_line_break_holder||%%Nachricht%%||et_pb_line_break_holder||||et_pb_line_break_holder||&#8221; success_message=&#8221;&lt;p&gt;Your message has been sent successfully.&lt;\/p&gt;&#8221; submit_button_text=&#8221;Submit&#8221; _builder_version=&#8221;4.24.2&#8243; _module_preset=&#8221;default&#8221; _unique_id=&#8221;9e023984-22c7-4a8c-bf57-cbb5e8abb0fe&#8221; title_font=&#8221;Montserrat||||||||&#8221; captcha_font=&#8221;Montserrat||||||||&#8221; captcha_text_color=&#8221;#353B40&#8243; captcha_line_height=&#8221;1em&#8221; custom_button=&#8221;on&#8221; button_text_color=&#8221;#FFFFFF&#8221; button_bg_color=&#8221;#00AEEF&#8221; button_border_color=&#8221;#00AEEF&#8221; button_font=&#8221;Montserrat|500|||||||&#8221; button_use_icon=&#8221;off&#8221; custom_css_captcha_field=&#8221;position: relative;||right: -10px;&#8221; custom_css_captcha_label=&#8221;position: relative;||right: 20px;&#8221; submit_button_wait_text=&#8221;Bitte warten&#8230;&#8221; global_colors_info=&#8221;{}&#8221;][et_pb_contact_field field_id=&#8221;Anrede&#8221; field_title=&#8221;Salutation&#8221; field_type=&#8221;radio&#8221; radio_options=&#8221;%91{%22value%22:%22Mr.%22,%22checked%22:0,%22dragID%22:-1},{%22value%22:%22Ms.%22,%22checked%22:0,%22dragID%22:0},{%22value%22:%22Divers%22,%22checked%22:0,%22dragID%22:1}%93&#8243; fullwidth_field=&#8221;on&#8221; _builder_version=&#8221;4.24.2&#8243; _module_preset=&#8221;default&#8221; form_field_font=&#8221;Montserrat||||||||&#8221; global_colors_info=&#8221;{}&#8221;][\/et_pb_contact_field][et_pb_contact_field field_id=&#8221;Unternehmen&#8221; field_title=&#8221;Company&#8221; required_mark=&#8221;off&#8221; fullwidth_field=&#8221;on&#8221; _builder_version=&#8221;4.21.0&#8243; _module_preset=&#8221;default&#8221; form_field_font=&#8221;Montserrat||||||||&#8221; global_colors_info=&#8221;{}&#8221;][\/et_pb_contact_field][et_pb_contact_field field_id=&#8221;Vorname&#8221; field_title=&#8221;First name&#8221; _builder_version=&#8221;4.21.0&#8243; _module_preset=&#8221;default&#8221; form_field_font=&#8221;Montserrat||||||||&#8221; global_colors_info=&#8221;{}&#8221;][\/et_pb_contact_field][et_pb_contact_field field_id=&#8221;Name&#8221; field_title=&#8221;Name&#8221; _builder_version=&#8221;4.16&#8243; form_field_font=&#8221;Montserrat||||||||&#8221; global_colors_info=&#8221;{}&#8221; button_text_size__hover_enabled=&#8221;off&#8221; button_one_text_size__hover_enabled=&#8221;off&#8221; button_two_text_size__hover_enabled=&#8221;off&#8221; button_text_color__hover_enabled=&#8221;off&#8221; button_one_text_color__hover_enabled=&#8221;off&#8221; button_two_text_color__hover_enabled=&#8221;off&#8221; button_border_width__hover_enabled=&#8221;off&#8221; button_one_border_width__hover_enabled=&#8221;off&#8221; button_two_border_width__hover_enabled=&#8221;off&#8221; button_border_color__hover_enabled=&#8221;off&#8221; button_one_border_color__hover_enabled=&#8221;off&#8221; button_two_border_color__hover_enabled=&#8221;off&#8221; button_border_radius__hover_enabled=&#8221;off&#8221; button_one_border_radius__hover_enabled=&#8221;off&#8221; button_two_border_radius__hover_enabled=&#8221;off&#8221; button_letter_spacing__hover_enabled=&#8221;off&#8221; button_one_letter_spacing__hover_enabled=&#8221;off&#8221; button_two_letter_spacing__hover_enabled=&#8221;off&#8221; button_bg_color__hover_enabled=&#8221;off&#8221; button_one_bg_color__hover_enabled=&#8221;off&#8221; button_two_bg_color__hover_enabled=&#8221;off&#8221;][\/et_pb_contact_field][et_pb_contact_field field_id=&#8221;Email&#8221; field_title=&#8221;E-mail address&#8221; field_type=&#8221;email&#8221; _builder_version=&#8221;4.21.0&#8243; form_field_font=&#8221;Montserrat||||||||&#8221; global_colors_info=&#8221;{}&#8221; button_text_size__hover_enabled=&#8221;off&#8221; button_one_text_size__hover_enabled=&#8221;off&#8221; button_two_text_size__hover_enabled=&#8221;off&#8221; button_text_color__hover_enabled=&#8221;off&#8221; button_one_text_color__hover_enabled=&#8221;off&#8221; button_two_text_color__hover_enabled=&#8221;off&#8221; button_border_width__hover_enabled=&#8221;off&#8221; button_one_border_width__hover_enabled=&#8221;off&#8221; button_two_border_width__hover_enabled=&#8221;off&#8221; button_border_color__hover_enabled=&#8221;off&#8221; button_one_border_color__hover_enabled=&#8221;off&#8221; button_two_border_color__hover_enabled=&#8221;off&#8221; button_border_radius__hover_enabled=&#8221;off&#8221; button_one_border_radius__hover_enabled=&#8221;off&#8221; button_two_border_radius__hover_enabled=&#8221;off&#8221; button_letter_spacing__hover_enabled=&#8221;off&#8221; button_one_letter_spacing__hover_enabled=&#8221;off&#8221; button_two_letter_spacing__hover_enabled=&#8221;off&#8221; button_bg_color__hover_enabled=&#8221;off&#8221; button_one_bg_color__hover_enabled=&#8221;off&#8221; button_two_bg_color__hover_enabled=&#8221;off&#8221;][\/et_pb_contact_field][et_pb_contact_field field_id=&#8221;Postleitzahl&#8221; field_title=&#8221;Postal code&#8221; _builder_version=&#8221;4.24.2&#8243; _module_preset=&#8221;default&#8221; form_field_font=&#8221;Montserrat||||||||&#8221; global_colors_info=&#8221;{}&#8221;][\/et_pb_contact_field][et_pb_contact_field field_id=&#8221;Ort&#8221; field_title=&#8221;City&#8221; _builder_version=&#8221;4.21.0&#8243; _module_preset=&#8221;default&#8221; form_field_font=&#8221;Montserrat||||||||&#8221; global_colors_info=&#8221;{}&#8221;][\/et_pb_contact_field][et_pb_contact_field field_id=&#8221;Land&#8221; field_title=&#8221;Country&#8221; _builder_version=&#8221;4.21.0&#8243; _module_preset=&#8221;default&#8221; form_field_font=&#8221;Montserrat||||||||&#8221; global_colors_info=&#8221;{}&#8221;][\/et_pb_contact_field][et_pb_contact_field field_id=&#8221;Interesse&#8221; field_title=&#8221;You are interested in:&#8221; field_type=&#8221;select&#8221; select_options=&#8221;%91{%22value%22:%22Hydraulic-Services%22,%22checked%22:0,%22dragID%22:-1},{%22value%22:%22Hydraulic-Repair%22,%22checked%22:0,%22dragID%22:0},{%22value%22:%22Hydraulic-Spare-Parts%22,%22checked%22:0,%22dragID%22:1},{%22value%22:%22Hydraulic Accessories%22,%22checked%22:0,%22dragID%22:2},{%22value%22:%22Hydraulic motors%22,%22checked%22:0,%22dragID%22:3},{%22value%22:%22Hydraulic power packs%22,%22checked%22:0,%22dragID%22:4},{%22value%22:%22Hydraulic pumps%22,%22checked%22:0,%22dragID%22:5},{%22value%22:%22Hydraulic valves%22,%22checked%22:0,%22dragID%22:6},{%22value%22:%22Hydraulic gearboxes%22,%22checked%22:0,%22dragID%22:7},{%22value%22:%22Hydraulic cylinders%22,%22checked%22:0,%22dragID%22:8},{%22value%22:%22Gear flow divider%22,%22checked%22:0,%22dragID%22:9},{%22value%22:%22Condition monitoring%22,%22checked%22:0,%22dragID%22:10},{%22value%22:%22Steering units &amp; accessories%22,%22checked%22:0,%22dragID%22:11},{%22value%22:%22oil coolers%22,%22checked%22:0,%22dragID%22:12},{%22value%22:%22General information%22,%22checked%22:0,%22dragID%22:13}%93&#8243; _builder_version=&#8221;4.24.2&#8243; _module_preset=&#8221;default&#8221; use_field_label=&#8221;on&#8221; global_colors_info=&#8221;{}&#8221;][\/et_pb_contact_field][et_pb_contact_field field_id=&#8221;Nachricht&#8221; field_title=&#8221;Your message&#8221; field_type=&#8221;text&#8221; fullwidth_field=&#8221;on&#8221; _builder_version=&#8221;4.21.0&#8243; form_field_font=&#8221;Montserrat||||||||&#8221; global_colors_info=&#8221;{}&#8221; button_text_size__hover_enabled=&#8221;off&#8221; button_one_text_size__hover_enabled=&#8221;off&#8221; button_two_text_size__hover_enabled=&#8221;off&#8221; button_text_color__hover_enabled=&#8221;off&#8221; button_one_text_color__hover_enabled=&#8221;off&#8221; button_two_text_color__hover_enabled=&#8221;off&#8221; button_border_width__hover_enabled=&#8221;off&#8221; button_one_border_width__hover_enabled=&#8221;off&#8221; button_two_border_width__hover_enabled=&#8221;off&#8221; button_border_color__hover_enabled=&#8221;off&#8221; button_one_border_color__hover_enabled=&#8221;off&#8221; button_two_border_color__hover_enabled=&#8221;off&#8221; button_border_radius__hover_enabled=&#8221;off&#8221; button_one_border_radius__hover_enabled=&#8221;off&#8221; button_two_border_radius__hover_enabled=&#8221;off&#8221; button_letter_spacing__hover_enabled=&#8221;off&#8221; button_one_letter_spacing__hover_enabled=&#8221;off&#8221; button_two_letter_spacing__hover_enabled=&#8221;off&#8221; button_bg_color__hover_enabled=&#8221;off&#8221; button_one_bg_color__hover_enabled=&#8221;off&#8221; button_two_bg_color__hover_enabled=&#8221;off&#8221;][\/et_pb_contact_field][et_pb_contact_field field_id=&#8221;upload_drawing&#8221; field_title=&#8221;Upload file \/ drawing&#8221; required_mark=&#8221;off&#8221; fullwidth_field=&#8221;on&#8221; _builder_version=&#8221;4.24.2&#8243; _module_preset=&#8221;default&#8221; custom_css_free_form=&#8221;\/* \u00dcberschreibt den Platzhaltertext f\u00fcr akzeptierte Dateitypen und maximale Dateigr\u00f6\u00dfe *\/||.et_pb_accepted_files_desc::before {||    content: %22Akzeptierte Dateitypen: jpg, jpeg, jpe, pdf. Maximale Dateigr\u00f6\u00dfe: 1 MB.%22;||    visibility: visible;||}||||.et_pb_accepted_files_desc {||    visibility: hidden;||}||||\/* F\u00fcgt Beschreibungen oder \u00dcbersetzungen hinzu, indem Pseudo-Elemente verwendet werden *\/||.et_pb_file_upload_button::before {||    content: %22Dateien w\u00e4hlen%22;||}||||.et_pb_file_chosen_desc {||  visibility: hidden; \/* Verbirgt den Text %22No file chosen%22 *\/||  position: relative; \/* Erm\u00f6glicht die absolute Positionierung von Pseudo-Elementen *\/||  font-size: 0; \/* Optional: Setzt die Schriftgr\u00f6\u00dfe auf 0, um den Text zu verbergen *\/||}||||||&#8221; use_field_label=&#8221;on&#8221; field_placeholder=&#8221;Test&#8221; field_description=&#8221;Datei hochladen&#8221; use_file_upload=&#8221;on&#8221; files_limit=&#8221;3&#8243; file_mime=&#8221;on|off|off|off|off|off|off|off|off|off|off|off|off|off|off|off|off|off|off|off|off|off|off|off|off|off|off|off|off|off|off|off|off|off|off|off|off|off|off|off|off|off|off|off|on|off|off|off|off|off|off|off|off|off|off|off|off|off|off|off|off|off|off|off|off|off|off|off|off|off|off|off|off|off|off|off|off|off|off|off|off|off|off|off|off|off|off|off|off|off|off|off|off&#8221; global_colors_info=&#8221;{}&#8221;][\/et_pb_contact_field][et_pb_contact_field field_id=&#8221;Nutzungsbedingungen_und_Datenschutz&#8221; field_title=&#8221;Terms of use and privacy&#8221; field_type=&#8221;checkbox&#8221; checkbox_options=&#8221;%91{%22value%22:%22I agree with the %22,%22checked%22:0,%22dragID%22:-1,%22link_url%22:%22https:%92\/%92\/loesi.de%92\/nutzungsbedingungen%92\/%22,%22link_text%22:%22terms of use%22},{%22value%22:%22I agree with the %22,%22checked%22:0,%22dragID%22:0,%22link_text%22:%22privacy policy%22,%22link_url%22:%22https:%92\/%92\/loesi.de%92\/datenschutzerklaerung%92\/%22}%93&#8243; fullwidth_field=&#8221;on&#8221; _builder_version=&#8221;4.24.2&#8243; _module_preset=&#8221;default&#8221; form_field_font=&#8221;Montserrat||||||||&#8221; global_colors_info=&#8221;{}&#8221;][\/et_pb_contact_field][et_pb_contact_field field_id=&#8221;Newsletter&#8221; field_title=&#8221;Newsletter&#8221; field_type=&#8221;checkbox&#8221; checkbox_options=&#8221;%91{%22value%22:%22Yes, I would like to be well informed with the L\u00f6Si GmbH newsletter%22,%22checked%22:0,%22dragID%22:-1,%22link_url%22:%22%22,%22link_text%22:%22%22}%93&#8243; required_mark=&#8221;off&#8221; fullwidth_field=&#8221;on&#8221; _builder_version=&#8221;4.21.0&#8243; _module_preset=&#8221;default&#8221; form_field_font=&#8221;Montserrat||||||||&#8221; global_colors_info=&#8221;{}&#8221;][\/et_pb_contact_field][\/et_pb_contact_form][\/et_pb_column][\/et_pb_row][\/et_pb_section][et_pb_section fb_built=&#8221;1&#8243; _builder_version=&#8221;4.21.0&#8243; _module_preset=&#8221;default&#8221; collapsed=&#8221;on&#8221; global_colors_info=&#8221;{}&#8221;][et_pb_row _builder_version=&#8221;4.21.0&#8243; _module_preset=&#8221;default&#8221; global_colors_info=&#8221;{}&#8221;][et_pb_column type=&#8221;4_4&#8243; _builder_version=&#8221;4.21.0&#8243; _module_preset=&#8221;default&#8221; global_colors_info=&#8221;{}&#8221;][et_pb_text content_tablet=&#8221;<\/p>\n<p>L\u00d6SI <span style=%22color: #000000;%22>GEARBOXES &#8211; CONTROLS &#8211; HYDRAULICS GMBH<\/span><\/p>\n<p>&#8221; content_phone=&#8221;<\/p>\n<p>L\u00d6SI<br \/><span style=%22color: #000000;%22>GETRIEBE &#8211; STEUERUNGEN &#8211; HYDRAULIK GMBH<\/span><\/p>\n<p>&#8221; content_last_edited=&#8221;on|phone&#8221; module_id=&#8221;contact-map&#8221; _builder_version=&#8221;4.21.0&#8243; _module_preset=&#8221;default&#8221; text_font=&#8221;Montserrat|900||on|||||&#8221; text_text_color=&#8221;#00AEEF&#8221; text_font_size=&#8221;55px&#8221; text_line_height=&#8221;1em&#8221; header_font=&#8221;Montserrat|900|||||||&#8221; header_text_color=&#8221;#00aeef&#8221; header_font_size=&#8221;55px&#8221; header_2_font=&#8221;Bebas Neue|700||on|||||&#8221; header_2_text_align=&#8221;center&#8221; header_2_text_color=&#8221;#333333&#8243; header_2_font_size=&#8221;60px&#8221; text_orientation=&#8221;center&#8221; custom_margin=&#8221;1px||9px||false|false&#8221; custom_padding=&#8221;0px||0px||false|false&#8221; link_option_url=&#8221;#contact-map&#8221; text_font_size_tablet=&#8221;55px&#8221; text_font_size_phone=&#8221;32px&#8221; text_font_size_last_edited=&#8221;on|phone&#8221; header_2_font_size_tablet=&#8221;60px&#8221; header_2_font_size_phone=&#8221;40px&#8221; header_2_font_size_last_edited=&#8221;on|phone&#8221; global_colors_info=&#8221;{}&#8221;]<\/p>\n<p>L\u00d6SI <span style=\"color: #000000;\">GEARBOXES &#8211; CONTROLS &#8211; HYDRAULICS GMBH<\/span><\/p>\n<p>[\/et_pb_text][\/et_pb_column][\/et_pb_row][et_pb_row column_structure=&#8221;2_5,3_5&#8243; _builder_version=&#8221;4.21.0&#8243; _module_preset=&#8221;default&#8221; global_colors_info=&#8221;{}&#8221;][et_pb_column type=&#8221;2_5&#8243; _builder_version=&#8221;4.21.0&#8243; _module_preset=&#8221;default&#8221; global_colors_info=&#8221;{}&#8221;][et_pb_text _builder_version=&#8221;4.22.2&#8243; _module_preset=&#8221;default&#8221; text_font=&#8221;Montserrat||||||||&#8221; text_text_color=&#8221;#000000&#8243; text_font_size=&#8221;22px&#8221; global_colors_info=&#8221;{}&#8221;]<\/p>\n<p>Address<\/p>\n<p>[\/et_pb_text][et_pb_text _builder_version=&#8221;4.22.2&#8243; _module_preset=&#8221;default&#8221; text_font=&#8221;Montserrat||||||||&#8221; global_colors_info=&#8221;{}&#8221;]<\/p>\n<div class=\"ce_text contact-info col-sm-12 col-md-6 block\">\n<div>L\u00f6Si Getriebe &#8211; Steuerungen &#8211; Hydraulik GmbH<\/div>\n<div>Merkurstra\u00dfe 52<br \/>67663 Kaiserslautern<\/div>\n<\/div>\n<p>[\/et_pb_text][et_pb_text _builder_version=&#8221;4.21.0&#8243; _module_preset=&#8221;default&#8221; text_font=&#8221;Montserrat||||||||&#8221; text_text_color=&#8221;#000000&#8243; text_font_size=&#8221;22px&#8221; global_colors_info=&#8221;{}&#8221;]<\/p>\n<p>Phone &amp; Fax<\/p>\n<p>[\/et_pb_text][et_pb_text _builder_version=&#8221;4.21.0&#8243; _module_preset=&#8221;default&#8221; text_font=&#8221;Montserrat||||||||&#8221; global_colors_info=&#8221;{}&#8221;]<\/p>\n<div class=\"ce_text contact-info col-sm-12 col-md-6 block\">\n<p>Zentrale: <a href=\"tel:+49631351240\">+49 631 &#8211; 351 24 &#8211; 0<\/a><br \/>Fax: <a href=\"fax:+49631351244\">+49 631 &#8211; 351 24 &#8211; 44<\/a><\/p>\n<\/div>\n<p>[\/et_pb_text][et_pb_text _builder_version=&#8221;4.21.0&#8243; _module_preset=&#8221;default&#8221; text_font=&#8221;Montserrat||||||||&#8221; text_text_color=&#8221;#000000&#8243; text_font_size=&#8221;22px&#8221; global_colors_info=&#8221;{}&#8221;]<\/p>\n<p>Email<\/p>\n<p>[\/et_pb_text][et_pb_text content_tablet=&#8221;<\/p>\n<div class=%22ce_text contact-info col-sm-12 col-md-6 block%22>\n<p>i<span class=%22at%22>nfo@loe<\/span>si.de<\/p>\n<\/div>\n<p>&#8221; content_phone=&#8221;<\/p>\n<div class=%22ce_text contact-info col-sm-12 col-md-6 block%22>\n<p>i<span class=%22at%22>nfo@loe<\/span>si.de<\/p>\n<\/div>\n<p>&#8221; content_last_edited=&#8221;on|tablet&#8221; _builder_version=&#8221;4.24.3&#8243; _module_preset=&#8221;default&#8221; text_font=&#8221;Montserrat||||||||&#8221; text_text_color=&#8221;#00AEEF&#8221; global_colors_info=&#8221;{}&#8221;]<\/p>\n<div class=\"ce_text contact-info col-sm-12 col-md-6 block\">\n<p><a href=\"mailto:info@loesi.de\">info<span class=\"at\">(at)<\/span>loesi.de<\/a><\/p>\n<\/div>\n<p>[\/et_pb_text][\/et_pb_column][et_pb_column type=&#8221;3_5&#8243; _builder_version=&#8221;4.21.0&#8243; _module_preset=&#8221;default&#8221; global_colors_info=&#8221;{}&#8221;][et_pb_code _builder_version=&#8221;4.23&#8243; _module_preset=&#8221;default&#8221; global_colors_info=&#8221;{}&#8221;]<iframe src=\"https:\/\/www.google.com\/maps\/embed?pb=!1m18!1m12!1m3!1d2594.185624255886!2d7.712993575427289!3d49.443208559375066!2m3!1f0!2f0!3f0!3m2!1i1024!2i768!4f13.1!3m3!1m2!1s0x47960d379c027db7%3A0x47726908f5c2e45f!2sL%C3%B6si%20Getriebe-Steuerungen-Hydraulik%20GmbH!5e0!3m2!1sde!2sde!4v1685710637793!5m2!1sde!2sde\" width=\"600\" height=\"450\" style=\"border:0;\" allowfullscreen=\"\" loading=\"lazy\" referrerpolicy=\"no-referrer-when-downgrade\" alt=\"GoogleMaps_map\"><\/iframe>[\/et_pb_code][\/et_pb_column][\/et_pb_row][et_pb_row _builder_version=&#8221;4.21.0&#8243; _module_preset=&#8221;default&#8221; locked=&#8221;off&#8221; global_colors_info=&#8221;{}&#8221;][et_pb_column type=&#8221;4_4&#8243; _builder_version=&#8221;4.21.0&#8243; _module_preset=&#8221;default&#8221; global_colors_info=&#8221;{}&#8221;][et_pb_text content_tablet=&#8221;<\/p>\n<p><span style=%22color: #000000;%22>Agencies of<\/span> L\u00d6SI<\/p>\n<p>&#8221; content_phone=&#8221;<\/p>\n<p><span style=%22color: #000000;%22>Agencies of<\/span> L\u00d6SI<\/p>\n<p>&#8221; content_last_edited=&#8221;on|desktop&#8221; module_id=&#8221;contact-map&#8221; _builder_version=&#8221;4.21.0&#8243; _module_preset=&#8221;default&#8221; text_font=&#8221;Montserrat|900||on|||||&#8221; text_text_color=&#8221;#00AEEF&#8221; text_font_size=&#8221;55px&#8221; text_line_height=&#8221;1em&#8221; header_font=&#8221;Montserrat|900|||||||&#8221; header_text_color=&#8221;#00aeef&#8221; header_font_size=&#8221;55px&#8221; header_2_font=&#8221;Bebas Neue|700||on|||||&#8221; header_2_text_align=&#8221;center&#8221; header_2_text_color=&#8221;#333333&#8243; header_2_font_size=&#8221;60px&#8221; text_orientation=&#8221;center&#8221; custom_margin=&#8221;70px||||false|false&#8221; custom_padding=&#8221;0px||0px||false|false&#8221; link_option_url=&#8221;#contact-map&#8221; text_font_size_tablet=&#8221;55px&#8221; text_font_size_phone=&#8221;32px&#8221; text_font_size_last_edited=&#8221;on|phone&#8221; header_2_font_size_tablet=&#8221;60px&#8221; header_2_font_size_phone=&#8221;40px&#8221; header_2_font_size_last_edited=&#8221;on|phone&#8221; global_colors_info=&#8221;{}&#8221;]<\/p>\n<p><span style=\"color: #000000;\">Agencies of<\/span> L\u00d6SI<\/p>\n<p>[\/et_pb_text][\/et_pb_column][\/et_pb_row][et_pb_row _builder_version=&#8221;4.21.0&#8243; _module_preset=&#8221;default&#8221; global_colors_info=&#8221;{}&#8221;][et_pb_column type=&#8221;4_4&#8243; _builder_version=&#8221;4.21.0&#8243; _module_preset=&#8221;default&#8221; global_colors_info=&#8221;{}&#8221;][et_pb_text content_tablet=&#8221;<strong><img src=%22https:\/\/loesi.de\/wp-content\/uploads\/2023\/09\/MaxFlow_Logo.jpg%22 width=%22163%22 height=%2292%22 alt=%22MaxFlow_logo%22 class=%22wp-image-75665 alignnone size-full%22 style=%22display: block; margin-left: auto; margin-right: auto; float: left;%22><\/strong><\/p>\n<p><strong><\/strong><\/p>\n<p><strong><\/strong><\/p>\n<p><strong><\/strong><\/p>\n<p><strong><\/strong><\/p>\n<p><strong>MAXFLOW CONTROLS (I) PVT. LTD. <\/strong><span style=%22color: #00aeef;%22><strong>|<\/strong><\/span> 18, Unique Industrial Estate, Off Veer Savarkar Marg, Prabhadevi, Mumbai &#8211; 400 025 <span style=%22color: #00aeef;%22><strong>|<\/strong><\/span> Tel # +91 22 2436 0131 \/ +91 22 2436 0132 <span style=%22color: #00aeef;%22><strong>|<\/strong><\/span> Whatsapp # +91 79776 42095&#8243; content_phone=&#8221;<strong><img src=%22https:\/\/loesi.de\/wp-content\/uploads\/2023\/09\/MaxFlow_Logo.jpg%22 width=%22163%22 height=%2292%22 alt=%22MaxFlow_logo%22 class=%22wp-image-75665 alignnone size-full%22 style=%22display: block; margin-left: auto; margin-right: auto; float: left;%22><\/strong><\/p>\n<p><strong><\/strong><\/p>\n<p><strong><\/strong><\/p>\n<p><strong><\/strong><\/p>\n<p><strong><\/strong><\/p>\n<p><strong>MAXFLOW CONTROLS (I) PVT. LTD. <\/strong><span style=%22color: #00aeef;%22><strong>|<\/strong><\/span> 18, Unique Industrial Estate, Off Veer Savarkar Marg, Prabhadevi, Mumbai &#8211; 400 025 <span style=%22color: #00aeef;%22><strong>|<\/strong><\/span> Tel # +91 22 2436 0131 \/ +91 22 2436 0132 <span style=%22color: #00aeef;%22><strong>|<\/strong><\/span> Whatsapp # +91 79776 42095&#8243; content_last_edited=&#8221;on|phone&#8221; _builder_version=&#8221;4.27.4&#8243; _module_preset=&#8221;default&#8221; hover_enabled=&#8221;0&#8243; global_colors_info=&#8221;{}&#8221; sticky_enabled=&#8221;0&#8243;]<\/p>\n<p><strong><img decoding=\"async\" src=\"https:\/\/loesi.de\/wp-content\/uploads\/2023\/09\/MaxFlow_Logo.jpg\" width=\"163\" height=\"92\" alt=\"MaxFlow_logo\" class=\"wp-image-75665 alignnone size-full\" style=\"display: block; margin-left: auto; margin-right: auto; float: left;\"><\/strong><\/p>\n<p><strong><\/strong><\/p>\n<p><strong><\/strong><\/p>\n<p>&nbsp;<\/p>\n<p><strong><\/strong><\/p>\n<p><strong><\/strong><\/p>\n<p><strong>MAXFLOW CONTROLS (I) PVT. LTD.<br \/><\/strong><\/p>\n<p><span style=\"color: #00aeef;\"><strong>|<\/strong><\/span> 18, Unique Industrial Estate, Off Veer Savarkar Marg, Prabhadevi, Mumbai &#8211; 400 025<\/p>\n<p><span style=\"color: #00aeef;\"><strong>|<\/strong><\/span> Tel # +91 22 2436 0131 \/ +91 22 2436 0132<\/p>\n<p><span style=\"color: #00aeef;\"><strong>|<\/strong><\/span> email: <span><a href=\"mailto:mumbai@maxflowcontrols.com\">mumbai@maxflowcontrols.com<\/a><\/span><\/p>\n<p><span style=\"color: #00aeef;\"><strong>|<\/strong><\/span> Whatsapp # +91 79776 42095<\/p>\n<p>[\/et_pb_text][\/et_pb_column][\/et_pb_row][\/et_pb_section]<\/p>\n","protected":false},"excerpt":{"rendered":"<p>Contact Your message to usL\u00d6SI GEARBOXES &#8211; CONTROLS &#8211; HYDRAULICS GMBHAddress L\u00f6Si Getriebe &#8211; Steuerungen &#8211; Hydraulik GmbH Merkurstra\u00dfe 5267663 Kaiserslautern Phone &amp; Fax Zentrale: +49 631 &#8211; 351 24 &#8211; 0Fax: +49 631 &#8211; 351 24 &#8211; 44 Email info(at)loesi.de Agencies of L\u00d6SI &nbsp; MAXFLOW CONTROLS (I) PVT. LTD. | 18, Unique Industrial Estate, [&hellip;]<\/p>\n","protected":false},"author":1,"featured_media":0,"parent":0,"menu_order":0,"comment_status":"closed","ping_status":"closed","template":"","meta":{"_et_pb_use_builder":"on","_et_pb_old_content":"","_et_gb_content_width":"","footnotes":""},"class_list":["post-69606","page","type-page","status-publish","hentry"],"_links":{"self":[{"href":"https:\/\/loesi.de\/en\/wp-json\/wp\/v2\/pages\/69606","targetHints":{"allow":["GET"]}}],"collection":[{"href":"https:\/\/loesi.de\/en\/wp-json\/wp\/v2\/pages"}],"about":[{"href":"https:\/\/loesi.de\/en\/wp-json\/wp\/v2\/types\/page"}],"author":[{"embeddable":true,"href":"https:\/\/loesi.de\/en\/wp-json\/wp\/v2\/users\/1"}],"replies":[{"embeddable":true,"href":"https:\/\/loesi.de\/en\/wp-json\/wp\/v2\/comments?post=69606"}],"version-history":[{"count":128,"href":"https:\/\/loesi.de\/en\/wp-json\/wp\/v2\/pages\/69606\/revisions"}],"predecessor-version":[{"id":81012,"href":"https:\/\/loesi.de\/en\/wp-json\/wp\/v2\/pages\/69606\/revisions\/81012"}],"wp:attachment":[{"href":"https:\/\/loesi.de\/en\/wp-json\/wp\/v2\/media?parent=69606"}],"curies":[{"name":"wp","href":"https:\/\/api.w.org\/{rel}","templated":true}]}}